{"id":29392,"date":"2023-06-20T15:02:19","date_gmt":"2023-06-20T15:42:16","guid":{"rendered":"https:\/\/factory.sale\/?post_type=product&#038;p=29392"},"modified":"2024-07-11T13:08:49","modified_gmt":"2024-07-11T10:08:49","slug":"getupdesk-uhekohaline-elektriline-laud","status":"publish","type":"product","link":"https:\/\/factory.sale\/et\/toode\/getupdesk-uhekohaline-elektriline-laud\/","title":{"rendered":"GetUpDesk \u00fchekohaline elektriline laud"},"content":{"rendered":"<p><strong>SKU: MT1080WH (valge)<\/strong><br \/>\n<strong>EAN: 6430054933483<\/strong><\/p>\n<p><strong>SKU: MT1080BL (must)<\/strong><br \/>\n<strong>EAN: 6430054933490<\/strong><\/p>\n<p>&nbsp;<\/p>\n<p>GetUpDesk Move on k\u00e4sitsi reguleeritava k\u00f5rgusega laud, mida saab kokku voltida ja h\u00f5lpsasti teisaldada ja hoiustada. Laual on kaks r\u00f5ngast, mis v\u00f5imaldavad lauda h\u00f5lpsalt \u00fchest kohast teise transportida. Laud tuleb kokku voltida, nii et see v\u00f5tab hoiustamiseks vaid veidi ruumi. GetUpDesk Move laud sobib kasutamiseks t\u00f6\u00f6l, kodus, suvilas, koolis jne. Laud on saadaval valge ja mustana. Lauaplaat on valmistatud vastupidavast laminaadist. Raam on valmistatud metallist. Laua otsas on reguleerimissang, mida keerates saab laua k\u00f5rgust samm-sammult kuuele erinevale k\u00f5rgusele reguleerida. Laua k\u00f5rguse m\u00f5\u00f5dud: 69,5 cm\/ 79,2 cm\/ 85,8 cm\/ 95,8 cm\/ 102,8 cm\/ 108 cm. GetUpDesk Move v\u00f5imaldab aktiivset t\u00f6\u00f6d erinevatel ametikohtadel.<\/p>\n<p>&nbsp;<\/p>\n<p><strong>Tooteteave:<\/strong><\/p>\n<ul>\n<li>Istumisk\u00f5rgusest mugavalt seisva k\u00f5rguseni<\/li>\n<li>Reguleeritav \u00fcheksale erinevale k\u00f5rgusele<\/li>\n<li>Lihtne reguleerida (reguleerimisk\u00e4epide laua otsas)<\/li>\n<li>Maksimaalne reguleerimisvahemik 69,5 &#8211; 108 cm<\/li>\n<li>Kaal 16 kg (koos pakendiga 17,2 kg)<\/li>\n<li>Maksimaalne koormus 20 kg<\/li>\n<li>Lauaplaadi m\u00f5\u00f5dud: laius 90 cm \/ s\u00fcgavus 45 cm \/ plaadi paksus 20 mm<\/li>\n<li>V\u00e4rv: valge\/must<\/li>\n<li>Metallraam, vastupidav laminaat lauaplaat<\/li>\n<li>Kogupikkus kokkuvoldituna suurusele 120 cm<\/li>\n<li>Garantii 5 aastat<\/li>\n<li>Pakendi m\u00f5\u00f5dud: 122 cm x 46 cm x 14,5 cm<\/li>\n<\/ul>\n","protected":false},"excerpt":{"rendered":"<p>GetUpDesk Move on k\u00e4sitsi reguleeritava k\u00f5rgusega laud, mida saab kokku voltida ja h\u00f5lpsasti teisaldada ja hoiustada. Laual on kaks r\u00f5ngast, mis v\u00f5imaldavad lauda h\u00f5lpsalt \u00fchest kohast teise transportida. Laud tuleb kokku voltida, nii et see v\u00f5tab hoiustamiseks vaid veidi ruumi. GetUpDesk Move laud sobib kasutamiseks t\u00f6\u00f6l, kodus, suvilas, koolis jne. Laud on saadaval valge ja mustana. Lauaplaat on valmistatud vastupidavast laminaadist.<\/p>\n","protected":false},"featured_media":29384,"comment_status":"open","ping_status":"closed","template":"","meta":{"_acf_changed":false},"factory":[],"free-shipment":[],"product_brand":[],"product_cat":[2490,714],"product_tag":[],"class_list":{"0":"post-29392","1":"product","2":"type-product","3":"status-publish","4":"has-post-thumbnail","6":"product_cat-ergonoomia","7":"product_cat-moobel","9":"first","10":"instock","11":"sale","12":"taxable","13":"shipping-taxable","14":"purchasable","15":"product-type-simple"},"acf":[],"_links":{"self":[{"href":"https:\/\/factory.sale\/et\/wp-json\/wp\/v2\/product\/29392","targetHints":{"allow":["GET"]}}],"collection":[{"href":"https:\/\/factory.sale\/et\/wp-json\/wp\/v2\/product"}],"about":[{"href":"https:\/\/factory.sale\/et\/wp-json\/wp\/v2\/types\/product"}],"replies":[{"embeddable":true,"href":"https:\/\/factory.sale\/et\/wp-json\/wp\/v2\/comments?post=29392"}],"wp:featuredmedia":[{"embeddable":true,"href":"https:\/\/factory.sale\/et\/wp-json\/wp\/v2\/media\/29384"}],"wp:attachment":[{"href":"https:\/\/factory.sale\/et\/wp-json\/wp\/v2\/media?parent=29392"}],"wp:term":[{"taxonomy":"factory","embeddable":true,"href":"https:\/\/factory.sale\/et\/wp-json\/wp\/v2\/factory?post=29392"},{"taxonomy":"free-shipment","embeddable":true,"href":"https:\/\/factory.sale\/et\/wp-json\/wp\/v2\/free-shipment?post=29392"},{"taxonomy":"product_brand","embeddable":true,"href":"https:\/\/factory.sale\/et\/wp-json\/wp\/v2\/product_brand?post=29392"},{"taxonomy":"product_cat","embeddable":true,"href":"https:\/\/factory.sale\/et\/wp-json\/wp\/v2\/product_cat?post=29392"},{"taxonomy":"product_tag","embeddable":true,"href":"https:\/\/factory.sale\/et\/wp-json\/wp\/v2\/product_tag?post=29392"}],"curies":[{"name":"wp","href":"https:\/\/api.w.org\/{rel}","templated":true}]}}