{"id":29360,"date":"2023-06-19T18:25:49","date_gmt":"2023-06-19T18:45:42","guid":{"rendered":"https:\/\/factory.sale\/?post_type=product&#038;p=29360"},"modified":"2024-06-27T13:59:45","modified_gmt":"2024-06-27T13:59:45","slug":"getupdesk-reguleeritava-kaldega-laud","status":"publish","type":"product","link":"https:\/\/factory.sale\/et\/toode\/getupdesk-reguleeritava-kaldega-laud\/","title":{"rendered":"GetUpDesk reguleeritava kaldega laud"},"content":{"rendered":"<p><strong>Tootekood: GT1370WH (valge)<\/strong><br \/>\n<strong>EAN: 6430054932752 (valge)<\/strong><\/p>\n<p>&nbsp;<\/p>\n<p><strong>Tootekood: GT1370BL (must)<\/strong><\/p>\n<p><strong>EAN:6430054932790 (must)<\/strong><\/p>\n<p>&nbsp;<\/p>\n<p>V\u00e4rvid: must, valge<\/p>\n<p>GetUpDesk on reguleeritava k\u00f5rgusega kirjutuslaud. Laua esiservas on stopper, mis hoiab \u00e4ra esemete kukkumise t\u00f6\u00f6laua kallutamisel. T\u00f6\u00f6laud on varustatud ratastega, millest kaks on lukustatavad. Laud sobib kasutamiseks t\u00f6\u00f6l, kodus, suvilas, koolis jne. T\u00f6\u00f6laud on valge melamiinlaminaat, ABS \u00e4\u00e4risega. Reguleerimisvahemik 76,5 \u2013 113 cm. Kergesti reguleeritav ja liigutatav laud v\u00f5imaldab aktiivset t\u00f6\u00f6d nii istudes kui ka seistes.<\/p>\n<p>&nbsp;<\/p>\n<p><strong>Tooteteave:<\/strong><\/p>\n<ul>\n<li>Istumisk\u00f5rgusest seismise k\u00f5rgusele sekunditega<\/li>\n<li>Astmeta k\u00f5rguse reguleerimine<\/li>\n<li>Lihtne reguleerida (jala reguleerimine lauasamba allosas)<\/li>\n<li>Reguleerimisvahemik 76,5 \u2013 113 cm (koos ratastega)<\/li>\n<li>Kaal 13,2kg (koos pakendiga 14kg)<\/li>\n<li>Maksimaalne koormus 8kg<\/li>\n<li>T\u00f6\u00f6laua m\u00f5\u00f5dud, laius 60cm \/ s\u00fcgavus 52cm \/ paksus 16mm<\/li>\n<li>Kaldenurga reguleerimine, 10 kraadi \/ 20 kraadi \/ 30 kraadi<\/li>\n<li>Metallraam, t\u00f6\u00f6laua melamiinlaminaat<\/li>\n<li>Garantii 2 aastat<\/li>\n<li>Kaal 15 kg<\/li>\n<li>Pakendi m\u00f5\u00f5dud: 70 cm x 70 cm x 13,5 cm<\/li>\n<\/ul>\n","protected":false},"excerpt":{"rendered":"<p>GetUpDesk on reguleeritava k\u00f5rgusega kirjutuslaud. Laua esiservas on stopper, mis hoiab \u00e4ra esemete kukkumise t\u00f6\u00f6laua kallutamisel. T\u00f6\u00f6laud on varustatud ratastega, millest kaks on lukustatavad. Laud sobib kasutamiseks t\u00f6\u00f6l, kodus, suvilas, koolis jne. T\u00f6\u00f6laud on valge melamiinlaminaat, ABS \u00e4\u00e4risega. Reguleerimisvahemik 76,5 \u2013 113 cm. Kergesti reguleeritav ja liigutatav laud v\u00f5imaldab aktiivset t\u00f6\u00f6d nii istudes kui ka seistes.<\/p>\n","protected":false},"featured_media":29352,"comment_status":"open","ping_status":"closed","template":"","meta":{"_acf_changed":false},"factory":[],"free-shipment":[],"product_brand":[],"product_cat":[2490,714],"product_tag":[],"class_list":{"0":"post-29360","1":"product","2":"type-product","3":"status-publish","4":"has-post-thumbnail","6":"product_cat-ergonoomia","7":"product_cat-moobel","9":"first","10":"instock","11":"sale","12":"taxable","13":"shipping-taxable","14":"purchasable","15":"product-type-simple"},"acf":[],"_links":{"self":[{"href":"https:\/\/factory.sale\/et\/wp-json\/wp\/v2\/product\/29360","targetHints":{"allow":["GET"]}}],"collection":[{"href":"https:\/\/factory.sale\/et\/wp-json\/wp\/v2\/product"}],"about":[{"href":"https:\/\/factory.sale\/et\/wp-json\/wp\/v2\/types\/product"}],"replies":[{"embeddable":true,"href":"https:\/\/factory.sale\/et\/wp-json\/wp\/v2\/comments?post=29360"}],"wp:featuredmedia":[{"embeddable":true,"href":"https:\/\/factory.sale\/et\/wp-json\/wp\/v2\/media\/29352"}],"wp:attachment":[{"href":"https:\/\/factory.sale\/et\/wp-json\/wp\/v2\/media?parent=29360"}],"wp:term":[{"taxonomy":"factory","embeddable":true,"href":"https:\/\/factory.sale\/et\/wp-json\/wp\/v2\/factory?post=29360"},{"taxonomy":"free-shipment","embeddable":true,"href":"https:\/\/factory.sale\/et\/wp-json\/wp\/v2\/free-shipment?post=29360"},{"taxonomy":"product_brand","embeddable":true,"href":"https:\/\/factory.sale\/et\/wp-json\/wp\/v2\/product_brand?post=29360"},{"taxonomy":"product_cat","embeddable":true,"href":"https:\/\/factory.sale\/et\/wp-json\/wp\/v2\/product_cat?post=29360"},{"taxonomy":"product_tag","embeddable":true,"href":"https:\/\/factory.sale\/et\/wp-json\/wp\/v2\/product_tag?post=29360"}],"curies":[{"name":"wp","href":"https:\/\/api.w.org\/{rel}","templated":true}]}}