{"id":29345,"date":"2023-06-19T08:20:19","date_gmt":"2023-06-19T09:29:27","guid":{"rendered":"https:\/\/factory.sale\/?post_type=product&#038;p=29345"},"modified":"2024-06-28T13:25:42","modified_gmt":"2024-06-28T13:25:42","slug":"getupdesk-kaasaskantav-reguleeritav-laud","status":"publish","type":"product","link":"https:\/\/factory.sale\/et\/toode\/getupdesk-kaasaskantav-reguleeritav-laud\/","title":{"rendered":"GetUpDesk kaasaskantav reguleeritav laud"},"content":{"rendered":"<p><strong>Tootekood: GT368WH<\/strong><br \/>\n<strong>EAN: 6430054932769<\/strong><\/p>\n<p>&nbsp;<\/p>\n<p>GetUpDesk Free on t\u00f6\u00f6laud, mida olete alati soovinud!<br \/>\nSee on elegantne, h\u00f5lpsasti kasutatav ja m\u00f5eldud mis tahes passiivse t\u00f6\u00f6koha muutmist mugavamaks. Astmeta k\u00f5rguse reguleerimine v\u00f5imaldab valida iga\u00fchele sobiva t\u00f6\u00f6k\u00f5rguse. Tootel on tugev struktuur. Kvaliteetsed komponendid v\u00f5imaldavad toodet efektiivselt kasutada nii kontoris kui ka kodus.<\/p>\n<p>&nbsp;<\/p>\n<p>&nbsp;<\/p>\n<p><strong>Tooteteave:<\/strong><\/p>\n<ul>\n<li>Reguleerimisvahemik 32-400 mm<\/li>\n<li>V\u00e4rv: valge<\/li>\n<li>Istumisk\u00f5rgusest seismise k\u00f5rgusele sekundiga<\/li>\n<li>Astmeta k\u00f5rguse reguleerimine<\/li>\n<li>Lihtne reguleerida<\/li>\n<li>Paksus 3,5 cm<\/li>\n<li>Maksimaalne k\u00f5rgus 40 cm<\/li>\n<li>Kaal 10,5 kg (koos pakendiga 11,4 kg)<\/li>\n<li>Maksimaalne koormus 10 kg<\/li>\n<li>T\u00f6\u00f6laua m\u00f5\u00f5dud, laius 79,5 cm \/ s\u00fcgavus 56 cm<\/li>\n<li>T\u00f6\u00f6laua paksus: 8 mm<\/li>\n<li>Alumiiniumist jalaraami m\u00f5\u00f5dud, laius 64 cm \/ s\u00fcgavus 52 cm<\/li>\n<li>V\u00e4rvus valge, t\u00f6\u00f6lauda \u00fcmbritseb must ABS teip<\/li>\n<li>Jalad alumiiniumist<\/li>\n<li>Libisemiskindel alumine pool<\/li>\n<li>Garantii 2 aastat<\/li>\n<li>Pakendi m\u00f5\u00f5dud: 87 cm x 64 cm x 8,2 cm<\/li>\n<\/ul>\n","protected":false},"excerpt":{"rendered":"<p>GetUpDesk Free on t\u00f6\u00f6laud, mida olete alati soovinud!<br \/>\nSee on elegantne, h\u00f5lpsasti kasutatav ja m\u00f5eldud mis tahes passiivse t\u00f6\u00f6koha muutmist mugavamaks. Astmeta k\u00f5rguse reguleerimine v\u00f5imaldab valida iga\u00fchele sobiva t\u00f6\u00f6k\u00f5rguse. Tootel on tugev struktuur. Kvaliteetsed komponendid v\u00f5imaldavad toodet efektiivselt kasutada nii kontoris kui ka kodus.<\/p>\n","protected":false},"featured_media":29339,"comment_status":"open","ping_status":"closed","template":"","meta":{"_acf_changed":false},"factory":[],"free-shipment":[],"product_brand":[],"product_cat":[2490,714],"product_tag":[],"class_list":{"0":"post-29345","1":"product","2":"type-product","3":"status-publish","4":"has-post-thumbnail","6":"product_cat-ergonoomia","7":"product_cat-moobel","9":"first","10":"instock","11":"sale","12":"taxable","13":"shipping-taxable","14":"purchasable","15":"product-type-simple"},"acf":[],"_links":{"self":[{"href":"https:\/\/factory.sale\/et\/wp-json\/wp\/v2\/product\/29345","targetHints":{"allow":["GET"]}}],"collection":[{"href":"https:\/\/factory.sale\/et\/wp-json\/wp\/v2\/product"}],"about":[{"href":"https:\/\/factory.sale\/et\/wp-json\/wp\/v2\/types\/product"}],"replies":[{"embeddable":true,"href":"https:\/\/factory.sale\/et\/wp-json\/wp\/v2\/comments?post=29345"}],"wp:featuredmedia":[{"embeddable":true,"href":"https:\/\/factory.sale\/et\/wp-json\/wp\/v2\/media\/29339"}],"wp:attachment":[{"href":"https:\/\/factory.sale\/et\/wp-json\/wp\/v2\/media?parent=29345"}],"wp:term":[{"taxonomy":"factory","embeddable":true,"href":"https:\/\/factory.sale\/et\/wp-json\/wp\/v2\/factory?post=29345"},{"taxonomy":"free-shipment","embeddable":true,"href":"https:\/\/factory.sale\/et\/wp-json\/wp\/v2\/free-shipment?post=29345"},{"taxonomy":"product_brand","embeddable":true,"href":"https:\/\/factory.sale\/et\/wp-json\/wp\/v2\/product_brand?post=29345"},{"taxonomy":"product_cat","embeddable":true,"href":"https:\/\/factory.sale\/et\/wp-json\/wp\/v2\/product_cat?post=29345"},{"taxonomy":"product_tag","embeddable":true,"href":"https:\/\/factory.sale\/et\/wp-json\/wp\/v2\/product_tag?post=29345"}],"curies":[{"name":"wp","href":"https:\/\/api.w.org\/{rel}","templated":true}]}}