{"id":29329,"date":"2023-06-19T07:38:26","date_gmt":"2023-06-19T08:12:15","guid":{"rendered":"https:\/\/factory.sale\/?post_type=product&#038;p=29329"},"modified":"2024-06-26T16:34:23","modified_gmt":"2024-06-26T16:34:23","slug":"getupdesk-rack-sulearvuti-alus-3535l-lauale","status":"publish","type":"product","link":"https:\/\/factory.sale\/et\/toode\/getupdesk-rack-sulearvuti-alus-3535l-lauale\/","title":{"rendered":"GetUpDesk rack s\u00fclearvuti alus 3535L lauale"},"content":{"rendered":"<p><strong>SKU: 3535R<\/strong><br \/>\n<strong>EAN: 6430054931465<\/strong><\/p>\n<p>&nbsp;<\/p>\n<p>GetUpDesk rack on s\u00fclearvuti alus GetUpDesk laua jaoks. Selle aluse abil vabastate t\u00f6\u00f6laual ruumi eraldi klaviatuuri ja hiire jaoks, samal ajal kui s\u00fclearvuti ekraan t\u00f5useb k\u00f5rgemale, parandades ergonoomikat. Riiul sobib ka tahvelarvutile v\u00f5i koopiahoidjaks. Reguleeritav \u00fcheksale erinevale k\u00f5rgusele.<\/p>\n<p><strong>Valmistatud Soomes.<\/strong><\/p>\n<p>&nbsp;<\/p>\n<p>&nbsp;<\/p>\n<p><strong>Tooteteave:<\/strong><\/p>\n<ul>\n<li>M\u00f5\u00f5dud: 220 mm x 160 mm x 27 mm<\/li>\n<li>Materjal: v\u00e4rvitud alumiinium<\/li>\n<li>V\u00e4rv: valge<\/li>\n<\/ul>\n","protected":false},"excerpt":{"rendered":"<p>GetUpDesk rack on s\u00fclearvuti alus GetUpDesk laua jaoks. Selle aluse abil vabastate t\u00f6\u00f6laual ruumi eraldi klaviatuuri ja hiire jaoks, samal ajal kui s\u00fclearvuti ekraan t\u00f5useb k\u00f5rgemale, parandades ergonoomikat. Riiul sobib ka tahvelarvutile v\u00f5i koopiahoidjaks. Reguleeritav \u00fcheksale erinevale k\u00f5rgusele.<\/p>\n<p><strong>Valmistatud Soomes.<\/strong><\/p>\n","protected":false},"featured_media":29321,"comment_status":"open","ping_status":"closed","template":"","meta":{"_acf_changed":false},"factory":[],"free-shipment":[],"product_brand":[],"product_cat":[2490,714],"product_tag":[],"class_list":{"0":"post-29329","1":"product","2":"type-product","3":"status-publish","4":"has-post-thumbnail","6":"product_cat-ergonoomia","7":"product_cat-moobel","9":"first","10":"instock","11":"sale","12":"taxable","13":"shipping-taxable","14":"purchasable","15":"product-type-simple"},"acf":[],"_links":{"self":[{"href":"https:\/\/factory.sale\/et\/wp-json\/wp\/v2\/product\/29329","targetHints":{"allow":["GET"]}}],"collection":[{"href":"https:\/\/factory.sale\/et\/wp-json\/wp\/v2\/product"}],"about":[{"href":"https:\/\/factory.sale\/et\/wp-json\/wp\/v2\/types\/product"}],"replies":[{"embeddable":true,"href":"https:\/\/factory.sale\/et\/wp-json\/wp\/v2\/comments?post=29329"}],"wp:featuredmedia":[{"embeddable":true,"href":"https:\/\/factory.sale\/et\/wp-json\/wp\/v2\/media\/29321"}],"wp:attachment":[{"href":"https:\/\/factory.sale\/et\/wp-json\/wp\/v2\/media?parent=29329"}],"wp:term":[{"taxonomy":"factory","embeddable":true,"href":"https:\/\/factory.sale\/et\/wp-json\/wp\/v2\/factory?post=29329"},{"taxonomy":"free-shipment","embeddable":true,"href":"https:\/\/factory.sale\/et\/wp-json\/wp\/v2\/free-shipment?post=29329"},{"taxonomy":"product_brand","embeddable":true,"href":"https:\/\/factory.sale\/et\/wp-json\/wp\/v2\/product_brand?post=29329"},{"taxonomy":"product_cat","embeddable":true,"href":"https:\/\/factory.sale\/et\/wp-json\/wp\/v2\/product_cat?post=29329"},{"taxonomy":"product_tag","embeddable":true,"href":"https:\/\/factory.sale\/et\/wp-json\/wp\/v2\/product_tag?post=29329"}],"curies":[{"name":"wp","href":"https:\/\/api.w.org\/{rel}","templated":true}]}}