{"id":29308,"date":"2023-06-18T12:12:46","date_gmt":"2023-06-19T07:19:21","guid":{"rendered":"https:\/\/factory.sale\/?post_type=product&#038;p=29308"},"modified":"2024-06-26T11:50:50","modified_gmt":"2024-06-26T11:50:50","slug":"getupdesk-kerge-reguleeritav-kaasaskantav-laud-seisvaks-tooks","status":"publish","type":"product","link":"https:\/\/factory.sale\/et\/toode\/getupdesk-kerge-reguleeritav-kaasaskantav-laud-seisvaks-tooks\/","title":{"rendered":"GetUpDesk kerge reguleeritav kaasaskantav laud seisvaks t\u00f6\u00f6ks"},"content":{"rendered":"<p><strong>SKU: 3535L<\/strong><br \/>\n<strong>EAN: 6430054931410<\/strong><\/p>\n<p>&nbsp;<\/p>\n<p>V\u00f5imaldab teil t\u00f6\u00f6tada seistes, kui reguleeritava k\u00f5rgusega lauda pole. Arendatud s\u00fclearvuti kasutajale istumise v\u00e4hendamiseks. Sobib kaugt\u00f6\u00f6ks. 8 k\u00f5rgusega reguleeritav. Toode on t\u00e4ielikult Soomes valmistatud.<\/p>\n<p>GetUpDesk Light on kaasaskantav ja reguleeritava k\u00f5rgusega s\u00fclearvuti laud. See v\u00f5imaldab teil t\u00f6\u00f6tada seistes, kui reguleeritava k\u00f5rgusega lauda pole. GetUpDesk Light on v\u00e4lja t\u00f6\u00f6tatud s\u00fclearvuti kasutajale istumise v\u00e4hendamiseks ja t\u00f6\u00f6asendi muutmise v\u00f5imaldamiseks. See sobib kasutamiseks t\u00f6\u00f6l, kodus, suvilas v\u00f5i mujal. GetUpDesk Light on lamineeritud valgeks ja halliks, nii et saate valida, milline v\u00e4rv teile sobib. Lihtne kokku panna ja kasutada, kompaktne hoiustamiseks. Reguleeritav 8 erineva k\u00f5rgusega. Kaal 4,5 kg, garantii 2 aastat. M1 klassifikatsioon.<br \/>\nKokkupandult on toote kogus\u00fcgavus 55 cm, koguk\u00f5rgus 60 cm. T\u00f6\u00f6taseme k\u00f5rguse reguleerimisvahemik on 29-56 cm. T\u00f6\u00f6taseme s\u00fcgavus 31,5 cm, laius eest 54 cm, tagant 46 cm.<br \/>\nJala s\u00fcgavus (mis kinnitub pinnaga) on 38 cm, laius eest 43 cm, tagant 42 cm.<\/p>\n<p>&nbsp;<\/p>\n<p><strong>Tooteinfo:<\/strong><\/p>\n<ul>\n<li>Koguk\u00f5rgus: 61 cm<\/li>\n<li>Kogus\u00fcgavus: 55 cm<\/li>\n<li>Kogulaius: 54 cm<\/li>\n<li>T\u00f5stek\u00f5rguse reguleerimisvahemik: 29 &#8211; 56 cm<\/li>\n<li>Kaalupiirang: 13 kg<\/li>\n<li>8 erinevat k\u00f5rgust<\/li>\n<li>Kaal: 4,5 kg<\/li>\n<li>V\u00e4rv: valge \/ hall.<\/li>\n<\/ul>\n<p>&nbsp;<\/p>\n<p>&nbsp;<\/p>\n<p>&nbsp;<\/p>\n<p>&nbsp;<\/p>\n<p><a href=\"https:\/\/factory.sale\/wp-content\/uploads\/2023\/06\/M1-luokitus-3535.pdf\" target=\"_blank\" rel=\"noopener\">M1 classification<\/a><\/p>\n<p>&nbsp;<\/p>\n<div class=\"video-wrapper \"><iframe loading=\"lazy\" title=\"GetUpDesk Light, s\u00e4\u00e4dett\u00e4v\u00e4 p\u00f6yt\u00e4 juuri sinulle\" width=\"500\" height=\"281\" src=\"https:\/\/www.youtube.com\/embed\/aq3WYrKhQvg?feature=oembed\" frameborder=\"0\" allow=\"accelerometer; autoplay; clipboard-write; encrypted-media; gyroscope; picture-in-picture; web-share\" referrerpolicy=\"strict-origin-when-cross-origin\" allowfullscreen><\/iframe><\/div>\n","protected":false},"excerpt":{"rendered":"<p>GetUpDesk Light on kaasaskantav ja reguleeritava k\u00f5rgusega s\u00fclearvuti laud. V\u00f5imaldab teil t\u00f6\u00f6tada seistes, kui reguleeritava k\u00f5rgusega lauda pole. Arendatud s\u00fclearvuti kasutajale istumise v\u00e4hendamiseks. Sobib kaugt\u00f6\u00f6ks. 8 k\u00f5rgusega reguleeritav. Toode on t\u00e4ielikult Soomes valmistatud.<\/p>\n<p>&nbsp;<\/p>\n","protected":false},"featured_media":29290,"comment_status":"open","ping_status":"closed","template":"","meta":{"_acf_changed":false},"factory":[],"free-shipment":[],"product_brand":[],"product_cat":[2489,713],"product_tag":[],"class_list":{"0":"post-29308","1":"product","2":"type-product","3":"status-publish","4":"has-post-thumbnail","6":"product_cat-ergonomics-2","7":"product_cat-furniture-2","9":"first","10":"instock","11":"sale","12":"taxable","13":"shipping-taxable","14":"purchasable","15":"product-type-simple"},"acf":[],"_links":{"self":[{"href":"https:\/\/factory.sale\/et\/wp-json\/wp\/v2\/product\/29308","targetHints":{"allow":["GET"]}}],"collection":[{"href":"https:\/\/factory.sale\/et\/wp-json\/wp\/v2\/product"}],"about":[{"href":"https:\/\/factory.sale\/et\/wp-json\/wp\/v2\/types\/product"}],"replies":[{"embeddable":true,"href":"https:\/\/factory.sale\/et\/wp-json\/wp\/v2\/comments?post=29308"}],"wp:featuredmedia":[{"embeddable":true,"href":"https:\/\/factory.sale\/et\/wp-json\/wp\/v2\/media\/29290"}],"wp:attachment":[{"href":"https:\/\/factory.sale\/et\/wp-json\/wp\/v2\/media?parent=29308"}],"wp:term":[{"taxonomy":"factory","embeddable":true,"href":"https:\/\/factory.sale\/et\/wp-json\/wp\/v2\/factory?post=29308"},{"taxonomy":"free-shipment","embeddable":true,"href":"https:\/\/factory.sale\/et\/wp-json\/wp\/v2\/free-shipment?post=29308"},{"taxonomy":"product_brand","embeddable":true,"href":"https:\/\/factory.sale\/et\/wp-json\/wp\/v2\/product_brand?post=29308"},{"taxonomy":"product_cat","embeddable":true,"href":"https:\/\/factory.sale\/et\/wp-json\/wp\/v2\/product_cat?post=29308"},{"taxonomy":"product_tag","embeddable":true,"href":"https:\/\/factory.sale\/et\/wp-json\/wp\/v2\/product_tag?post=29308"}],"curies":[{"name":"wp","href":"https:\/\/api.w.org\/{rel}","templated":true}]}}