{"id":29223,"date":"2023-06-15T11:36:25","date_gmt":"2023-06-15T11:46:21","guid":{"rendered":"https:\/\/factory.sale\/?post_type=product&#038;p=29223"},"modified":"2024-06-25T18:32:33","modified_gmt":"2024-06-25T18:32:33","slug":"turvajalatsid-monitor-micro-s3-src-esd","status":"publish","type":"product","link":"https:\/\/factory.sale\/et\/toode\/turvajalatsid-monitor-micro-s3-src-esd\/","title":{"rendered":"Turvajalatsid Monitor Micro S3 SRC ESD"},"content":{"rendered":"<p><strong>Tootekood: 02082078<\/strong><\/p>\n<p>&nbsp;<\/p>\n<p>Monitor Micro on sportlik turvajalats. V\u00e4listald on valmistatud 2 tihedusega pol\u00fcuretaanist: vahetalla pehmus on 50 Shore A ja koos Monitori SS 2.0 sisetallaga muudab jalatsid mugavaks ja h\u00e4sti imavaks.<\/p>\n<p>&nbsp;<\/p>\n<p><strong>Tooteteave:<\/strong><\/p>\n<ul>\n<li>Metallivaba varbakaitse ja terade sissetungimise kaitse<\/li>\n<li>EN ISO 20345: S3, SRC<\/li>\n<li>ESD heaks kiidetud<\/li>\n<li>Sisepind niiskust imav tekstiil<\/li>\n<li>Saadaval suurused: 35-47<\/li>\n<li>CE<\/li>\n<\/ul>\n","protected":false},"excerpt":{"rendered":"<p>Monitor Micro on sportlik turvajalats. V\u00e4listald on valmistatud 2 tihedusega pol\u00fcuretaanist: vahetalla pehmus on 50 Shore A ja koos Monitori SS 2.0 sisetallaga muudab jalatsid mugavaks ja h\u00e4sti imavaks.<\/p>\n","protected":false},"featured_media":29215,"comment_status":"open","ping_status":"closed","template":"","meta":{"_acf_changed":false},"factory":[],"free-shipment":[],"product_brand":[],"product_cat":[2518,231],"product_tag":[],"class_list":{"0":"post-29223","1":"product","2":"type-product","3":"status-publish","4":"has-post-thumbnail","6":"product_cat-tooriided","7":"product_cat-tooriistad","9":"first","10":"instock","11":"sale","12":"taxable","13":"shipping-taxable","14":"purchasable","15":"product-type-simple"},"acf":[],"_links":{"self":[{"href":"https:\/\/factory.sale\/et\/wp-json\/wp\/v2\/product\/29223","targetHints":{"allow":["GET"]}}],"collection":[{"href":"https:\/\/factory.sale\/et\/wp-json\/wp\/v2\/product"}],"about":[{"href":"https:\/\/factory.sale\/et\/wp-json\/wp\/v2\/types\/product"}],"replies":[{"embeddable":true,"href":"https:\/\/factory.sale\/et\/wp-json\/wp\/v2\/comments?post=29223"}],"wp:featuredmedia":[{"embeddable":true,"href":"https:\/\/factory.sale\/et\/wp-json\/wp\/v2\/media\/29215"}],"wp:attachment":[{"href":"https:\/\/factory.sale\/et\/wp-json\/wp\/v2\/media?parent=29223"}],"wp:term":[{"taxonomy":"factory","embeddable":true,"href":"https:\/\/factory.sale\/et\/wp-json\/wp\/v2\/factory?post=29223"},{"taxonomy":"free-shipment","embeddable":true,"href":"https:\/\/factory.sale\/et\/wp-json\/wp\/v2\/free-shipment?post=29223"},{"taxonomy":"product_brand","embeddable":true,"href":"https:\/\/factory.sale\/et\/wp-json\/wp\/v2\/product_brand?post=29223"},{"taxonomy":"product_cat","embeddable":true,"href":"https:\/\/factory.sale\/et\/wp-json\/wp\/v2\/product_cat?post=29223"},{"taxonomy":"product_tag","embeddable":true,"href":"https:\/\/factory.sale\/et\/wp-json\/wp\/v2\/product_tag?post=29223"}],"curies":[{"name":"wp","href":"https:\/\/api.w.org\/{rel}","templated":true}]}}