{"id":29204,"date":"2023-06-15T11:06:36","date_gmt":"2023-06-15T11:25:16","guid":{"rendered":"https:\/\/factory.sale\/?post_type=product&#038;p=29204"},"modified":"2024-06-25T23:36:30","modified_gmt":"2024-06-25T23:36:30","slug":"worksafe-stretch-taskutega-toopuksid","status":"publish","type":"product","link":"https:\/\/factory.sale\/et\/toode\/worksafe-stretch-taskutega-toopuksid\/","title":{"rendered":"Worksafe Stretch taskutega t\u00f6\u00f6p\u00fcksid"},"content":{"rendered":"<p><strong>Tootekood: 02063313<\/strong><\/p>\n<p>&nbsp;<\/p>\n<p>Worksafe Stretch taskutega p\u00fcksid on mugavad t\u00f6\u00f6p\u00fcksid, millel on painduvad jala-, selja- ja p\u00f5lveosad, mis pakuvad suurep\u00e4rast liikuvust t\u00f6\u00f6\u00fclesannete t\u00e4itmisel. Mudel on varasemast veidi kitsam, mis t\u00e4hendab, et p\u00f5lvetaskud on paremini \u00f5igesse kohta paigutatud. P\u00fckstel on kaldus esitaskud, reietaskud jms mobiiltelefoni, pastakate, t\u00f6\u00f6riistade ja m\u00f5\u00f5dulindi jaoks, samuti tugevdatud materjalist naela- ja volditaskud. C suurusklassis on jalgadel 5 cm ruumi pikendamiseks, et tagada hea istuvus. Maksimaalne pesutemperatuur 60 \u00b0C.<\/p>\n<p>&nbsp;<\/p>\n<p><strong>Tooteteave:<\/strong><\/p>\n<ul>\n<li>Saadaval v\u00e4rvid: must, valge-must<\/li>\n<li>Materjal: 65% pol\u00fcester, 35% puuvill<\/li>\n<li>Kanga kaal: 245 g\/m\u00b2<\/li>\n<li>Saadaval suurused 44-62 (must) ja C44-C62 (valge-must)<\/li>\n<\/ul>\n","protected":false},"excerpt":{"rendered":"<p>Worksafe Stretch taskutega p\u00fcksid on mugavad t\u00f6\u00f6p\u00fcksid, millel on painduvad jala-, selja- ja p\u00f5lveosad, mis pakuvad suurep\u00e4rast liikuvust t\u00f6\u00f6\u00fclesannete t\u00e4itmisel. Mudel on varasemast veidi kitsam, mis t\u00e4hendab, et p\u00f5lvetaskud on paremini \u00f5igesse kohta paigutatud. P\u00fckstel on kaldus esitaskud, reietaskud jms mobiiltelefoni, pastakate, t\u00f6\u00f6riistade ja m\u00f5\u00f5dulindi jaoks, samuti tugevdatud materjalist naela- ja volditaskud. C suurusklassis on jalgadel 5 cm ruumi pikendamiseks, et tagada hea istuvus. Maksimaalne pesutemperatuur 60 \u00b0C.<\/p>\n","protected":false},"featured_media":29190,"comment_status":"open","ping_status":"closed","template":"","meta":{"_acf_changed":false},"factory":[],"free-shipment":[],"product_brand":[],"product_cat":[2518,231],"product_tag":[],"class_list":{"0":"post-29204","1":"product","2":"type-product","3":"status-publish","4":"has-post-thumbnail","6":"product_cat-tooriided","7":"product_cat-tooriistad","9":"first","10":"instock","11":"sale","12":"taxable","13":"shipping-taxable","14":"purchasable","15":"product-type-simple"},"acf":[],"_links":{"self":[{"href":"https:\/\/factory.sale\/et\/wp-json\/wp\/v2\/product\/29204","targetHints":{"allow":["GET"]}}],"collection":[{"href":"https:\/\/factory.sale\/et\/wp-json\/wp\/v2\/product"}],"about":[{"href":"https:\/\/factory.sale\/et\/wp-json\/wp\/v2\/types\/product"}],"replies":[{"embeddable":true,"href":"https:\/\/factory.sale\/et\/wp-json\/wp\/v2\/comments?post=29204"}],"wp:featuredmedia":[{"embeddable":true,"href":"https:\/\/factory.sale\/et\/wp-json\/wp\/v2\/media\/29190"}],"wp:attachment":[{"href":"https:\/\/factory.sale\/et\/wp-json\/wp\/v2\/media?parent=29204"}],"wp:term":[{"taxonomy":"factory","embeddable":true,"href":"https:\/\/factory.sale\/et\/wp-json\/wp\/v2\/factory?post=29204"},{"taxonomy":"free-shipment","embeddable":true,"href":"https:\/\/factory.sale\/et\/wp-json\/wp\/v2\/free-shipment?post=29204"},{"taxonomy":"product_brand","embeddable":true,"href":"https:\/\/factory.sale\/et\/wp-json\/wp\/v2\/product_brand?post=29204"},{"taxonomy":"product_cat","embeddable":true,"href":"https:\/\/factory.sale\/et\/wp-json\/wp\/v2\/product_cat?post=29204"},{"taxonomy":"product_tag","embeddable":true,"href":"https:\/\/factory.sale\/et\/wp-json\/wp\/v2\/product_tag?post=29204"}],"curies":[{"name":"wp","href":"https:\/\/api.w.org\/{rel}","templated":true}]}}