{"id":29183,"date":"2023-06-15T10:00:21","date_gmt":"2023-06-15T10:34:38","guid":{"rendered":"https:\/\/factory.sale\/?post_type=product&#038;p=29183"},"modified":"2024-06-27T03:52:11","modified_gmt":"2024-06-27T03:52:11","slug":"worksafe-service-comfort-puksid","status":"publish","type":"product","link":"https:\/\/factory.sale\/et\/toode\/worksafe-service-comfort-puksid\/","title":{"rendered":"Worksafe Service Comfort p\u00fcksid"},"content":{"rendered":"<p><strong>Tootekood: 02117706<\/strong><\/p>\n<p>&nbsp;<\/p>\n<p>Worksafe Service Comfort p\u00fcksid on stiilsed ja disainitud t\u00f6\u00f6p\u00fcksid. P\u00fckstel on elastne v\u00f6\u00f6koht ja reguleeritav s\u00e4\u00e4reava, et parandada istuvust. S\u00e4\u00e4red on ka \u00fcles volditavad ja n\u00f6\u00f6pidega kinnitatavad, seega saab p\u00fckse kasutada pikkade l\u00fchikestena. P\u00fckstel on esitaskud, D-r\u00f5ngas, klapiga reietasku, pliiatsitaskuga reietasku ja tagataskud. Maksimaalne pesutemperatuur 60 \u00b0C.<\/p>\n<p>&nbsp;<\/p>\n<p>&nbsp;<\/p>\n<p><strong>Tooteteave:<\/strong><\/p>\n<ul>\n<li>V\u00e4rv: must<\/li>\n<li>Materjal: 64% pol\u00fcester, 34% puuvill, 2% elastaan<\/li>\n<li>Kanga kaal: 245 g\/m\u00b2<\/li>\n<li>Saadaval suurused C44-C62<\/li>\n<\/ul>\n","protected":false},"excerpt":{"rendered":"<p>Worksafe Service Comfort p\u00fcksid on stiilsed ja disainitud t\u00f6\u00f6p\u00fcksid. P\u00fckstel on elastne v\u00f6\u00f6koht ja reguleeritav s\u00e4\u00e4reava, et parandada istuvust. S\u00e4\u00e4red on ka \u00fcles volditavad ja n\u00f6\u00f6pidega kinnitatavad, seega saab p\u00fckse kasutada ka l\u00fchikestena. P\u00fckstel on esitaskud, D-r\u00f5ngas, klapiga reietasku, pliiatsitaskuga reietasku ja tagataskud. Maksimaalne pesutemperatuur 60 \u00b0C.<\/p>\n","protected":false},"featured_media":29166,"comment_status":"open","ping_status":"closed","template":"","meta":{"_acf_changed":false},"factory":[],"free-shipment":[],"product_brand":[],"product_cat":[2518,231],"product_tag":[],"class_list":{"0":"post-29183","1":"product","2":"type-product","3":"status-publish","4":"has-post-thumbnail","6":"product_cat-tooriided","7":"product_cat-tooriistad","9":"first","10":"instock","11":"sale","12":"taxable","13":"shipping-taxable","14":"purchasable","15":"product-type-simple"},"acf":[],"_links":{"self":[{"href":"https:\/\/factory.sale\/et\/wp-json\/wp\/v2\/product\/29183","targetHints":{"allow":["GET"]}}],"collection":[{"href":"https:\/\/factory.sale\/et\/wp-json\/wp\/v2\/product"}],"about":[{"href":"https:\/\/factory.sale\/et\/wp-json\/wp\/v2\/types\/product"}],"replies":[{"embeddable":true,"href":"https:\/\/factory.sale\/et\/wp-json\/wp\/v2\/comments?post=29183"}],"wp:featuredmedia":[{"embeddable":true,"href":"https:\/\/factory.sale\/et\/wp-json\/wp\/v2\/media\/29166"}],"wp:attachment":[{"href":"https:\/\/factory.sale\/et\/wp-json\/wp\/v2\/media?parent=29183"}],"wp:term":[{"taxonomy":"factory","embeddable":true,"href":"https:\/\/factory.sale\/et\/wp-json\/wp\/v2\/factory?post=29183"},{"taxonomy":"free-shipment","embeddable":true,"href":"https:\/\/factory.sale\/et\/wp-json\/wp\/v2\/free-shipment?post=29183"},{"taxonomy":"product_brand","embeddable":true,"href":"https:\/\/factory.sale\/et\/wp-json\/wp\/v2\/product_brand?post=29183"},{"taxonomy":"product_cat","embeddable":true,"href":"https:\/\/factory.sale\/et\/wp-json\/wp\/v2\/product_cat?post=29183"},{"taxonomy":"product_tag","embeddable":true,"href":"https:\/\/factory.sale\/et\/wp-json\/wp\/v2\/product_tag?post=29183"}],"curies":[{"name":"wp","href":"https:\/\/api.w.org\/{rel}","templated":true}]}}