{"id":29158,"date":"2023-06-15T09:26:15","date_gmt":"2023-06-15T09:39:06","guid":{"rendered":"https:\/\/factory.sale\/?post_type=product&#038;p=29158"},"modified":"2024-06-27T21:58:21","modified_gmt":"2024-06-27T21:58:21","slug":"t-sark-worksafe-add-basic-tee","status":"publish","type":"product","link":"https:\/\/factory.sale\/et\/toode\/t-sark-worksafe-add-basic-tee\/","title":{"rendered":"T-s\u00e4rk Worksafe Add Basic Tee"},"content":{"rendered":"<p><strong>Tootekood: 02078119<\/strong><\/p>\n<p>&nbsp;<\/p>\n<p>Basic T-s\u00e4rki on mugav kanda. T-s\u00e4rgi elastsest kudumisest valmistatud topeltkaelus annab s\u00e4rgile vastupidavuse ja tugevuse. Kaela- ja \u00f5lapaelte abil hoiab s\u00e4rk pikka aega vormi. Maksimaalne pesutemperatuur 60\u00b0C.<\/p>\n<p>&nbsp;<\/p>\n<p><strong>Tooteteave:<\/strong><\/p>\n<ul>\n<li>Saadaval v\u00e4rvid: must<\/li>\n<li>Materjal: 100% puuvill<\/li>\n<li>Kanga kaal: 175 g\/m\u00b2<\/li>\n<li>Saadaval suurused 2XS-6XL<\/li>\n<\/ul>\n","protected":false},"excerpt":{"rendered":"<p>Basic T-s\u00e4rki on mugav kanda. T-s\u00e4rgi elastsest kudumisest valmistatud topeltkaelus annab s\u00e4rgile vastupidavuse ja tugevuse. Kaela- ja \u00f5lapaelte abil hoiab s\u00e4rk pikka aega vormi. Maksimaalne pesutemperatuur 60\u00b0C.<\/p>\n","protected":false},"featured_media":29156,"comment_status":"open","ping_status":"closed","template":"","meta":{"_acf_changed":false},"factory":[],"free-shipment":[],"product_brand":[],"product_cat":[2518,231],"product_tag":[],"class_list":{"0":"post-29158","1":"product","2":"type-product","3":"status-publish","4":"has-post-thumbnail","6":"product_cat-tooriided","7":"product_cat-tooriistad","9":"first","10":"instock","11":"sale","12":"taxable","13":"shipping-taxable","14":"purchasable","15":"product-type-simple"},"acf":[],"_links":{"self":[{"href":"https:\/\/factory.sale\/et\/wp-json\/wp\/v2\/product\/29158","targetHints":{"allow":["GET"]}}],"collection":[{"href":"https:\/\/factory.sale\/et\/wp-json\/wp\/v2\/product"}],"about":[{"href":"https:\/\/factory.sale\/et\/wp-json\/wp\/v2\/types\/product"}],"replies":[{"embeddable":true,"href":"https:\/\/factory.sale\/et\/wp-json\/wp\/v2\/comments?post=29158"}],"wp:featuredmedia":[{"embeddable":true,"href":"https:\/\/factory.sale\/et\/wp-json\/wp\/v2\/media\/29156"}],"wp:attachment":[{"href":"https:\/\/factory.sale\/et\/wp-json\/wp\/v2\/media?parent=29158"}],"wp:term":[{"taxonomy":"factory","embeddable":true,"href":"https:\/\/factory.sale\/et\/wp-json\/wp\/v2\/factory?post=29158"},{"taxonomy":"free-shipment","embeddable":true,"href":"https:\/\/factory.sale\/et\/wp-json\/wp\/v2\/free-shipment?post=29158"},{"taxonomy":"product_brand","embeddable":true,"href":"https:\/\/factory.sale\/et\/wp-json\/wp\/v2\/product_brand?post=29158"},{"taxonomy":"product_cat","embeddable":true,"href":"https:\/\/factory.sale\/et\/wp-json\/wp\/v2\/product_cat?post=29158"},{"taxonomy":"product_tag","embeddable":true,"href":"https:\/\/factory.sale\/et\/wp-json\/wp\/v2\/product_tag?post=29158"}],"curies":[{"name":"wp","href":"https:\/\/api.w.org\/{rel}","templated":true}]}}