{"id":29146,"date":"2023-06-15T08:13:38","date_gmt":"2023-06-15T08:55:34","guid":{"rendered":"https:\/\/factory.sale\/?post_type=product&#038;p=29146"},"modified":"2024-07-06T04:14:58","modified_gmt":"2024-07-06T04:14:58","slug":"worksafe-reietaskuga-venivad-toopuksid","status":"publish","type":"product","link":"https:\/\/factory.sale\/et\/toode\/worksafe-reietaskuga-venivad-toopuksid\/","title":{"rendered":"Worksafe reietaskuga venivad t\u00f6\u00f6p\u00fcksid"},"content":{"rendered":"<p><strong>Tootekood: 02078168<\/strong><\/p>\n<p>&nbsp;<\/p>\n<p>Worksafe 5710150 reietaskuga p\u00fcksid on venivad neljas suunas, v\u00e4ga mugavad ja h\u00e4sti hoitud t\u00f6\u00f6p\u00fcksid. Kangas on vetth\u00fclgav ja s\u00e4\u00e4rtel on 5 cm pikendus, mis tagab hea istuvuse ning tugevdused, mis parandavad vastupidavust. P\u00fckstel on esitaskud, D-r\u00f5ngas, lukuga reietaskud, \u00fcks trukkidega reietasku ja \u00fcks isekleepuv reietasku, pliiatsi- ja t\u00f6\u00f6riistataskud ning kaks tagataskut. Maksimaalne pesutemperatuur 60 \u00b0C.<\/p>\n<p>&nbsp;<\/p>\n<p>&nbsp;<\/p>\n<p><strong>Tooteteave:<\/strong><\/p>\n<ul>\n<li>V\u00e4rv: must<\/li>\n<li>Materjal: 92% nailon, 8% elastaan<\/li>\n<li>Kanga kaal: 250 g\/m\u00b2<\/li>\n<li>Saadaval suurused C44-C62<\/li>\n<\/ul>\n","protected":false},"excerpt":{"rendered":"<p>Worksafe 5710150 reietaskuga p\u00fcksid on venivad neljas suunas, v\u00e4ga mugavad ja h\u00e4sti hoitud t\u00f6\u00f6p\u00fcksid. Kangas on vetth\u00fclgav ja s\u00e4\u00e4rtel on 5 cm pikendus, mis tagab hea istuvuse ning tugevdused, mis parandavad vastupidavust. P\u00fckstel on esitaskud, D-r\u00f5ngas, lukuga reietaskud, \u00fcks trukkidega reietasku ja \u00fcks isekleepuv reietasku, pliiatsi- ja t\u00f6\u00f6riistataskud ning kaks tagataskut. Maksimaalne pesutemperatuur 60 \u00b0C.<\/p>\n","protected":false},"featured_media":29138,"comment_status":"open","ping_status":"closed","template":"","meta":{"_acf_changed":false},"factory":[],"free-shipment":[],"product_brand":[],"product_cat":[2518,231],"product_tag":[],"class_list":{"0":"post-29146","1":"product","2":"type-product","3":"status-publish","4":"has-post-thumbnail","6":"product_cat-tooriided","7":"product_cat-tooriistad","9":"first","10":"instock","11":"sale","12":"taxable","13":"shipping-taxable","14":"purchasable","15":"product-type-simple"},"acf":[],"_links":{"self":[{"href":"https:\/\/factory.sale\/et\/wp-json\/wp\/v2\/product\/29146","targetHints":{"allow":["GET"]}}],"collection":[{"href":"https:\/\/factory.sale\/et\/wp-json\/wp\/v2\/product"}],"about":[{"href":"https:\/\/factory.sale\/et\/wp-json\/wp\/v2\/types\/product"}],"replies":[{"embeddable":true,"href":"https:\/\/factory.sale\/et\/wp-json\/wp\/v2\/comments?post=29146"}],"wp:featuredmedia":[{"embeddable":true,"href":"https:\/\/factory.sale\/et\/wp-json\/wp\/v2\/media\/29138"}],"wp:attachment":[{"href":"https:\/\/factory.sale\/et\/wp-json\/wp\/v2\/media?parent=29146"}],"wp:term":[{"taxonomy":"factory","embeddable":true,"href":"https:\/\/factory.sale\/et\/wp-json\/wp\/v2\/factory?post=29146"},{"taxonomy":"free-shipment","embeddable":true,"href":"https:\/\/factory.sale\/et\/wp-json\/wp\/v2\/free-shipment?post=29146"},{"taxonomy":"product_brand","embeddable":true,"href":"https:\/\/factory.sale\/et\/wp-json\/wp\/v2\/product_brand?post=29146"},{"taxonomy":"product_cat","embeddable":true,"href":"https:\/\/factory.sale\/et\/wp-json\/wp\/v2\/product_cat?post=29146"},{"taxonomy":"product_tag","embeddable":true,"href":"https:\/\/factory.sale\/et\/wp-json\/wp\/v2\/product_tag?post=29146"}],"curies":[{"name":"wp","href":"https:\/\/api.w.org\/{rel}","templated":true}]}}