{"id":29124,"date":"2023-06-14T19:11:23","date_gmt":"2023-06-14T19:18:33","guid":{"rendered":"https:\/\/factory.sale\/?post_type=product&#038;p=29124"},"modified":"2024-07-11T20:46:07","modified_gmt":"2024-07-11T17:46:07","slug":"loike-kaitsega-kinnas-worksafe-cut-5-108","status":"publish","type":"product","link":"https:\/\/factory.sale\/et\/toode\/loike-kaitsega-kinnas-worksafe-cut-5-108\/","title":{"rendered":"L\u00f5ike kaitsega kinnas Worksafe Cut 5-108"},"content":{"rendered":"<p><strong>Tootekood: 02053699<\/strong><\/p>\n<p>&nbsp;<\/p>\n<p>Mugav PU-kastetusega Worksafe Cut 5-108 l\u00f5ikekaitsekinnas sobib h\u00e4sti l\u00f5ikeriskidega t\u00f6\u00f6ks. T\u00e4nu hingavale k\u00e4eseljale ja \u00f5mblusteta kootud voodrile on kinnas mugav ka pikemal kandmisel. Sobib n\u00e4iteks paigaldust\u00f6\u00f6deks, autot\u00f6\u00f6deks ja pakendamist\u00f6\u00f6deks.<\/p>\n<p>&nbsp;<\/p>\n<p><strong>Tooteteave:<\/strong><\/p>\n<ul>\n<li>V\u00e4rv: hall<\/li>\n<li>Materjal: HPPE<\/li>\n<li>Ei mingit m\u00e4ge<\/li>\n<li>Kate: PU<\/li>\n<li>L\u00f5ikekaitse: klass C \u2013 EN388:2016, klass 5 \u2013 EN388:2003<\/li>\n<li>Saadaval suurused 7-11<\/li>\n<\/ul>\n<p>&nbsp;<\/p>\n<p><a href=\"https:\/\/factory.sale\/wp-content\/uploads\/2023\/06\/Worksafe-Cut-5-108-Vaatimustenmukaisuusvakuutus.pdf\" target=\"_blank\" rel=\"noopener\">T\u00f6\u00f6kindel l\u00f5ige<\/a><\/p>\n","protected":false},"excerpt":{"rendered":"<p>Mugav PU-kastetusega Worksafe Cut 5-108 l\u00f5ikekaitsekinnas sobib h\u00e4sti l\u00f5ikeriskidega t\u00f6\u00f6ks. T\u00e4nu hingavale k\u00e4eseljale ja \u00f5mblusteta kootud voodrile on kinnas mugav ka pikemal kandmisel. Sobib n\u00e4iteks paigaldust\u00f6\u00f6deks, autot\u00f6\u00f6deks ja pakendamist\u00f6\u00f6deks.<\/p>\n","protected":false},"featured_media":29122,"comment_status":"open","ping_status":"closed","template":"","meta":{"_acf_changed":false},"factory":[],"free-shipment":[],"product_brand":[],"product_cat":[2518,231],"product_tag":[],"class_list":{"0":"post-29124","1":"product","2":"type-product","3":"status-publish","4":"has-post-thumbnail","6":"product_cat-tooriided","7":"product_cat-tooriistad","9":"first","10":"instock","11":"sale","12":"taxable","13":"shipping-taxable","14":"purchasable","15":"product-type-simple"},"acf":[],"_links":{"self":[{"href":"https:\/\/factory.sale\/et\/wp-json\/wp\/v2\/product\/29124","targetHints":{"allow":["GET"]}}],"collection":[{"href":"https:\/\/factory.sale\/et\/wp-json\/wp\/v2\/product"}],"about":[{"href":"https:\/\/factory.sale\/et\/wp-json\/wp\/v2\/types\/product"}],"replies":[{"embeddable":true,"href":"https:\/\/factory.sale\/et\/wp-json\/wp\/v2\/comments?post=29124"}],"wp:featuredmedia":[{"embeddable":true,"href":"https:\/\/factory.sale\/et\/wp-json\/wp\/v2\/media\/29122"}],"wp:attachment":[{"href":"https:\/\/factory.sale\/et\/wp-json\/wp\/v2\/media?parent=29124"}],"wp:term":[{"taxonomy":"factory","embeddable":true,"href":"https:\/\/factory.sale\/et\/wp-json\/wp\/v2\/factory?post=29124"},{"taxonomy":"free-shipment","embeddable":true,"href":"https:\/\/factory.sale\/et\/wp-json\/wp\/v2\/free-shipment?post=29124"},{"taxonomy":"product_brand","embeddable":true,"href":"https:\/\/factory.sale\/et\/wp-json\/wp\/v2\/product_brand?post=29124"},{"taxonomy":"product_cat","embeddable":true,"href":"https:\/\/factory.sale\/et\/wp-json\/wp\/v2\/product_cat?post=29124"},{"taxonomy":"product_tag","embeddable":true,"href":"https:\/\/factory.sale\/et\/wp-json\/wp\/v2\/product_tag?post=29124"}],"curies":[{"name":"wp","href":"https:\/\/api.w.org\/{rel}","templated":true}]}}