{"id":29107,"date":"2023-06-13T20:59:35","date_gmt":"2023-06-13T21:04:30","guid":{"rendered":"https:\/\/factory.sale\/?post_type=product&#038;p=29107"},"modified":"2024-06-27T22:07:53","modified_gmt":"2024-06-27T22:07:53","slug":"ergomatto-tookoha-matt-hall","status":"publish","type":"product","link":"https:\/\/factory.sale\/et\/toode\/ergomatto-tookoha-matt-hall\/","title":{"rendered":"Ergomatto t\u00f6\u00f6koha matt, hall"},"content":{"rendered":"<p><strong>Tootekood: 170001<\/strong><\/p>\n<p><strong>EAN: 6430054931731<\/strong><\/p>\n<p>&nbsp;<\/p>\n<p>Ergomatto \u2013 t\u00f6\u00f6koha matt muudab seismise lihtsamaks. See matt sobib kasutamiseks k\u00f5ikides t\u00f6\u00f6kohtades, kus tuleb kaua seista. Ergomatto on loodud selleks, et stimuleerida vereringet ja v\u00e4ltida v\u00e4simust jalgades ja seljas. Ergomattol seismine suurendab alaj\u00e4semete liikumist. Materjal on v\u00e4ga paindlik. Kaldus servad v\u00e4hendavad komistamise ohtu. Seda on lihtne kasutada ja puhtana hoida.<\/p>\n<p>&nbsp;<\/p>\n<p>&nbsp;<\/p>\n<p><strong>Tooteteave:<\/strong><\/p>\n<ul>\n<li>Materjal: pol\u00fcuretaan, ei sisalda silikooni ega lateksit<\/li>\n<li>V\u00e4rvus: tumehall<\/li>\n<li>M\u00f5\u00f5dud: 600 x 900 x 16 mm<\/li>\n<li>Garantii: 3 aastat<\/li>\n<li>V\u00f5imalik tellida oma m\u00f5\u00f5tudega<\/li>\n<\/ul>\n","protected":false},"excerpt":{"rendered":"<p>Ergomatto \u2013 t\u00f6\u00f6koha matt muudab seismise lihtsamaks. See matt sobib kasutamiseks k\u00f5ikides t\u00f6\u00f6kohtades, kus tuleb kaua seista. Ergomatto on loodud selleks, et stimuleerida vereringet ja v\u00e4ltida v\u00e4simust jalgades ja seljas. Ergomattol seismine suurendab alaj\u00e4semete liikumist. Materjal on v\u00e4ga paindlik. Kaldus servad v\u00e4hendavad komistamise ohtu. Seda on lihtne kasutada ja puhtana hoida.<\/p>\n","protected":false},"featured_media":29101,"comment_status":"open","ping_status":"closed","template":"","meta":{"_acf_changed":false},"factory":[],"free-shipment":[],"product_brand":[],"product_cat":[2489,713],"product_tag":[],"class_list":{"0":"post-29107","1":"product","2":"type-product","3":"status-publish","4":"has-post-thumbnail","6":"product_cat-ergonomics-2","7":"product_cat-furniture-2","9":"first","10":"instock","11":"sale","12":"taxable","13":"shipping-taxable","14":"purchasable","15":"product-type-simple"},"acf":[],"_links":{"self":[{"href":"https:\/\/factory.sale\/et\/wp-json\/wp\/v2\/product\/29107","targetHints":{"allow":["GET"]}}],"collection":[{"href":"https:\/\/factory.sale\/et\/wp-json\/wp\/v2\/product"}],"about":[{"href":"https:\/\/factory.sale\/et\/wp-json\/wp\/v2\/types\/product"}],"replies":[{"embeddable":true,"href":"https:\/\/factory.sale\/et\/wp-json\/wp\/v2\/comments?post=29107"}],"wp:featuredmedia":[{"embeddable":true,"href":"https:\/\/factory.sale\/et\/wp-json\/wp\/v2\/media\/29101"}],"wp:attachment":[{"href":"https:\/\/factory.sale\/et\/wp-json\/wp\/v2\/media?parent=29107"}],"wp:term":[{"taxonomy":"factory","embeddable":true,"href":"https:\/\/factory.sale\/et\/wp-json\/wp\/v2\/factory?post=29107"},{"taxonomy":"free-shipment","embeddable":true,"href":"https:\/\/factory.sale\/et\/wp-json\/wp\/v2\/free-shipment?post=29107"},{"taxonomy":"product_brand","embeddable":true,"href":"https:\/\/factory.sale\/et\/wp-json\/wp\/v2\/product_brand?post=29107"},{"taxonomy":"product_cat","embeddable":true,"href":"https:\/\/factory.sale\/et\/wp-json\/wp\/v2\/product_cat?post=29107"},{"taxonomy":"product_tag","embeddable":true,"href":"https:\/\/factory.sale\/et\/wp-json\/wp\/v2\/product_tag?post=29107"}],"curies":[{"name":"wp","href":"https:\/\/api.w.org\/{rel}","templated":true}]}}