{"id":29094,"date":"2023-06-13T19:19:53","date_gmt":"2023-06-13T20:38:27","guid":{"rendered":"https:\/\/factory.sale\/?post_type=product&#038;p=29094"},"modified":"2024-06-27T22:00:13","modified_gmt":"2024-06-27T22:00:13","slug":"getupmat-bubble-tookoha-matt-hall","status":"publish","type":"product","link":"https:\/\/factory.sale\/et\/toode\/getupmat-bubble-tookoha-matt-hall\/","title":{"rendered":"GetUpMat Bubble t\u00f6\u00f6koha matt, hall"},"content":{"rendered":"<p><strong>Tootekood: 170005<\/strong><br \/>\n<strong>EAN: 6430054930734<\/strong><\/p>\n<p>&nbsp;<\/p>\n<p>GetUpMat Bubble t\u00f6\u00f6koha matiga v\u00e4hendate seisva t\u00f6\u00f6 pinget. See matt sobib kasutamiseks k\u00f5ikides t\u00f6\u00f6kohtades, kus t\u00f6\u00f6tate pidevalt v\u00f5i aeg-ajalt seistes. Bubble matt on loodud selleks, et stimuleerida alaj\u00e4semete vereringet ja v\u00e4ltida v\u00e4simust. Bubble matil seistes aktiveeritakse alaj\u00e4semete liikumine. Materjal on v\u00e4ga painduv ning t\u00e4nu mati kaldservadele puudub komistamise oht. Matti on lihtne kasutada ja puhtana hoida.<\/p>\n<p>&nbsp;<\/p>\n<p>&nbsp;<\/p>\n<p><strong>Tooteteave:<\/strong><\/p>\n<ul>\n<li>Materjal: pol\u00fcuretaan, ei sisalda silikooni ega lateksit<\/li>\n<li>V\u00e4rvus: tumehall<\/li>\n<li>M\u00f5\u00f5dud: 630 x 475 x 16 mm<\/li>\n<li>Garantii: 3 aastat<\/li>\n<\/ul>\n","protected":false},"excerpt":{"rendered":"<p>GetUpMat Bubble t\u00f6\u00f6koha matiga v\u00e4hendate seisva t\u00f6\u00f6 pinget. See matt sobib kasutamiseks k\u00f5ikides t\u00f6\u00f6kohtades, kus t\u00f6\u00f6tate pidevalt v\u00f5i aeg-ajalt seistes. Bubble matt on loodud selleks, et stimuleerida alaj\u00e4semete vereringet ja v\u00e4ltida v\u00e4simust. Bubble matil seistes aktiveeritakse alaj\u00e4semete liikumine. Materjal on v\u00e4ga painduv ning t\u00e4nu mati kaldservadele puudub komistamise oht. Matti on lihtne kasutada ja puhtana hoida.<\/p>\n","protected":false},"featured_media":29086,"comment_status":"open","ping_status":"closed","template":"","meta":{"_acf_changed":false},"factory":[],"free-shipment":[],"product_brand":[],"product_cat":[2490,714],"product_tag":[],"class_list":{"0":"post-29094","1":"product","2":"type-product","3":"status-publish","4":"has-post-thumbnail","6":"product_cat-ergonoomia","7":"product_cat-moobel","9":"first","10":"instock","11":"sale","12":"taxable","13":"shipping-taxable","14":"purchasable","15":"product-type-simple"},"acf":[],"_links":{"self":[{"href":"https:\/\/factory.sale\/et\/wp-json\/wp\/v2\/product\/29094","targetHints":{"allow":["GET"]}}],"collection":[{"href":"https:\/\/factory.sale\/et\/wp-json\/wp\/v2\/product"}],"about":[{"href":"https:\/\/factory.sale\/et\/wp-json\/wp\/v2\/types\/product"}],"replies":[{"embeddable":true,"href":"https:\/\/factory.sale\/et\/wp-json\/wp\/v2\/comments?post=29094"}],"wp:featuredmedia":[{"embeddable":true,"href":"https:\/\/factory.sale\/et\/wp-json\/wp\/v2\/media\/29086"}],"wp:attachment":[{"href":"https:\/\/factory.sale\/et\/wp-json\/wp\/v2\/media?parent=29094"}],"wp:term":[{"taxonomy":"factory","embeddable":true,"href":"https:\/\/factory.sale\/et\/wp-json\/wp\/v2\/factory?post=29094"},{"taxonomy":"free-shipment","embeddable":true,"href":"https:\/\/factory.sale\/et\/wp-json\/wp\/v2\/free-shipment?post=29094"},{"taxonomy":"product_brand","embeddable":true,"href":"https:\/\/factory.sale\/et\/wp-json\/wp\/v2\/product_brand?post=29094"},{"taxonomy":"product_cat","embeddable":true,"href":"https:\/\/factory.sale\/et\/wp-json\/wp\/v2\/product_cat?post=29094"},{"taxonomy":"product_tag","embeddable":true,"href":"https:\/\/factory.sale\/et\/wp-json\/wp\/v2\/product_tag?post=29094"}],"curies":[{"name":"wp","href":"https:\/\/api.w.org\/{rel}","templated":true}]}}