{"id":29079,"date":"2023-06-13T18:48:44","date_gmt":"2023-06-13T19:09:51","guid":{"rendered":"https:\/\/factory.sale\/?post_type=product&#038;p=29079"},"modified":"2024-07-04T03:16:28","modified_gmt":"2024-07-04T03:16:28","slug":"standmat-boost-tookoha-matt-24-mm-pehme","status":"publish","type":"product","link":"https:\/\/factory.sale\/et\/toode\/standmat-boost-tookoha-matt-24-mm-pehme\/","title":{"rendered":"StandMat Boost t\u00f6\u00f6koha matt 24 mm, pehme"},"content":{"rendered":"<p><strong>Tootekood: 455402<\/strong><br \/>\n<strong>EAN: 6430054932035<\/strong><\/p>\n<p>&nbsp;<\/p>\n<p>StandMat Boost t\u00f6\u00f6koha matt on ekstra pehme. Vaiba elastsus ja mullimustriline pind koos 254 aktiivsuspunktiga parandavad vereringet, muutes selle ergonoomiliseks lahenduseks. See v\u00e4hendab seisva t\u00f6\u00f6 ja k\u00f5va p\u00f5randa m\u00f5ju luu- ja lihaskonna haigustele. See sobib ideaalselt kontorisse, panka, registratuuri ja kassasse. T\u00e4nu vaiba revolutsioonilisele t\u00e4idisele ei vaju see kunagi t\u00e4ielikult p\u00f5randale ning ei kihistu ega kulu. Pind on mustrilisest mustust h\u00fclgavast materjalist. Vaip on valmistatud kvaliteetsest pol\u00fcuretaanist. Tald on v\u00f5rreldamatu haardumisega. T\u00e4nu kaldservadele puudub komistamise oht. StandMat Boost on v\u00e4ga lihtne puhtana hoida ja seda saab puhastada m\u00e4rja lapiga, kuna vaip ei sisalda \u00fcldse kangast. Matti saab lihtsalt konksu otsa riputada, konksu saab eraldi tellida.<\/p>\n<p>&nbsp;<\/p>\n<p><strong>Tooteteave:<\/strong><\/p>\n<ul>\n<li>M\u00f5\u00f5dud: 570 x 460 x 24 mm (koos otstega: paksus 28 mm)<\/li>\n<li>V\u00e4rvus: tumehall<\/li>\n<li>Materjal: pol\u00fcuretaan (PVC-vaba)<\/li>\n<li>Mustust h\u00fclgav: Jah<\/li>\n<li>Pinnat\u00f6\u00f6tlus: antibakteriaalne<\/li>\n<li>Pind: 254 aktiveerimispunkti<\/li>\n<li>Rippumisauk: Jah<\/li>\n<li>Servad: kaldus<\/li>\n<li>Tald: hea nakkuvusega, turvaline<\/li>\n<li>Pakkimine: Eraldi, transporditakse kastis 10 tk<\/li>\n<li>Garantii: 5 aastat<\/li>\n<\/ul>\n","protected":false},"excerpt":{"rendered":"<p>StandMat Boost t\u00f6\u00f6koha matt on ekstra pehme. Vaiba elastsus ja mullimustriline pind koos 254 aktiivsuspunktiga parandavad vereringet, muutes selle ergonoomiliseks lahenduseks. See v\u00e4hendab seisva t\u00f6\u00f6 ja k\u00f5va p\u00f5randa m\u00f5ju luu- ja lihaskonna haigustele. See sobib ideaalselt kontorisse, panka, registratuuri ja kassasse. T\u00e4nu vaiba revolutsioonilisele t\u00e4idisele ei vaju see kunagi t\u00e4ielikult p\u00f5randale ning ei kihistu ega kulu. Pind on mustrilisest mustust h\u00fclgavast materjalist. Vaip on valmistatud kvaliteetsest pol\u00fcuretaanist. Tald on v\u00f5rreldamatu haardumisega. T\u00e4nu kaldservadele puudub komistamise oht. StandMat Boost on v\u00e4ga lihtne puhtana hoida ja seda saab puhastada m\u00e4rja lapiga, kuna vaip ei sisalda \u00fcldse kangast. Matti saab lihtsalt konksu otsa riputada, konksu saab eraldi tellida.<\/p>\n","protected":false},"featured_media":29074,"comment_status":"open","ping_status":"closed","template":"","meta":{"_acf_changed":false},"factory":[],"free-shipment":[],"product_brand":[],"product_cat":[2490,714],"product_tag":[],"class_list":{"0":"post-29079","1":"product","2":"type-product","3":"status-publish","4":"has-post-thumbnail","6":"product_cat-ergonoomia","7":"product_cat-moobel","9":"first","10":"instock","11":"sale","12":"taxable","13":"shipping-taxable","14":"purchasable","15":"product-type-simple"},"acf":[],"_links":{"self":[{"href":"https:\/\/factory.sale\/et\/wp-json\/wp\/v2\/product\/29079","targetHints":{"allow":["GET"]}}],"collection":[{"href":"https:\/\/factory.sale\/et\/wp-json\/wp\/v2\/product"}],"about":[{"href":"https:\/\/factory.sale\/et\/wp-json\/wp\/v2\/types\/product"}],"replies":[{"embeddable":true,"href":"https:\/\/factory.sale\/et\/wp-json\/wp\/v2\/comments?post=29079"}],"wp:featuredmedia":[{"embeddable":true,"href":"https:\/\/factory.sale\/et\/wp-json\/wp\/v2\/media\/29074"}],"wp:attachment":[{"href":"https:\/\/factory.sale\/et\/wp-json\/wp\/v2\/media?parent=29079"}],"wp:term":[{"taxonomy":"factory","embeddable":true,"href":"https:\/\/factory.sale\/et\/wp-json\/wp\/v2\/factory?post=29079"},{"taxonomy":"free-shipment","embeddable":true,"href":"https:\/\/factory.sale\/et\/wp-json\/wp\/v2\/free-shipment?post=29079"},{"taxonomy":"product_brand","embeddable":true,"href":"https:\/\/factory.sale\/et\/wp-json\/wp\/v2\/product_brand?post=29079"},{"taxonomy":"product_cat","embeddable":true,"href":"https:\/\/factory.sale\/et\/wp-json\/wp\/v2\/product_cat?post=29079"},{"taxonomy":"product_tag","embeddable":true,"href":"https:\/\/factory.sale\/et\/wp-json\/wp\/v2\/product_tag?post=29079"}],"curies":[{"name":"wp","href":"https:\/\/api.w.org\/{rel}","templated":true}]}}