{"id":29067,"date":"2023-06-13T17:50:52","date_gmt":"2023-06-13T18:31:40","guid":{"rendered":"https:\/\/factory.sale\/?post_type=product&#038;p=29067"},"modified":"2024-07-11T11:46:13","modified_gmt":"2024-07-11T08:46:13","slug":"standmat-tookoha-matt-24-mm-pehme","status":"publish","type":"product","link":"https:\/\/factory.sale\/et\/toode\/standmat-tookoha-matt-24-mm-pehme\/","title":{"rendered":"StandMat t\u00f6\u00f6koha matt 24 mm pehme"},"content":{"rendered":"<p><strong>Tootekood: 455502<\/strong><br \/>\n<strong>EAN: 7350042901241<\/strong><\/p>\n<p>&nbsp;<\/p>\n<p>&nbsp;<\/p>\n<p>StandMati t\u00f6\u00f6koha matt pakub esmaklassilist mugavust. Matt v\u00e4hendab oluliselt keha v\u00e4simust sellel seistes. Seda saab kasutada nt. t\u00f6\u00f6stustes, kassades, lennujaamades, apteekides, pankades v\u00f5i mis tahes seisvatel t\u00f6\u00f6del. T\u00e4nu vaiba ainulaadsele t\u00e4idisele ei vaju see kunagi t\u00e4ielikult p\u00f5randale ning ei kihistu ega kulu. Pind on valmistatud tekstureeritud, antimikroobsest materjalist. Vaip on valmistatud kvaliteetsest pol\u00fcuretaanist. P\u00f5hi on haarduvuse poolest v\u00f5rreldamatu. T\u00e4nu kaldservadele puudub komistamise oht. Vaibal on auk, mille abil on seda lihtne konksu otsa riputada.<\/p>\n<p>&nbsp;<\/p>\n<p><strong>Tooteteave:<\/strong><\/p>\n<ul>\n<li>M\u00f5\u00f5dud: 745 mm x 495 mm x 24 mm<\/li>\n<li>V\u00e4rvus: tumehall<\/li>\n<li>Materjal: pol\u00fcuretaan (PVC-vaba)<\/li>\n<li>Mustust h\u00fclgav: Jah<\/li>\n<li>Pinnat\u00f6\u00f6tlus: antibakteriaalne<\/li>\n<li>Pind: tekstureeritud<\/li>\n<li>Rippumisauk: Jah<\/li>\n<li>Servad: kaldus<\/li>\n<li>Alumine: hea nakkuvus, ohutu<\/li>\n<li>Pakkimine: Eraldi, transpordikast 10 tk<\/li>\n<li>Garantii: 5 aastat<\/li>\n<\/ul>\n","protected":false},"excerpt":{"rendered":"<p>StandMati t\u00f6\u00f6koha matt pakub esmaklassilist mugavust. Matt v\u00e4hendab oluliselt keha v\u00e4simust sellel seistes. Seda saab kasutada nt. t\u00f6\u00f6stustes, kassades, lennujaamades, apteekides, pankades v\u00f5i mis tahes seisvatel t\u00f6\u00f6del. T\u00e4nu vaiba ainulaadsele t\u00e4idisele ei vaju see kunagi t\u00e4ielikult p\u00f5randale ning ei kihistu ega kulu. Pind on valmistatud tekstureeritud, antimikroobsest materjalist. Vaip on valmistatud kvaliteetsest pol\u00fcuretaanist. P\u00f5hi on haarduvuse poolest v\u00f5rreldamatu. T\u00e4nu kaldservadele puudub komistamise oht. Vaibal on auk, mille abil on seda lihtne konksu otsa riputada.<\/p>\n","protected":false},"featured_media":29059,"comment_status":"open","ping_status":"closed","template":"","meta":{"_acf_changed":false},"factory":[],"free-shipment":[],"product_brand":[],"product_cat":[2490,714],"product_tag":[],"class_list":{"0":"post-29067","1":"product","2":"type-product","3":"status-publish","4":"has-post-thumbnail","6":"product_cat-ergonoomia","7":"product_cat-moobel","9":"first","10":"instock","11":"sale","12":"taxable","13":"shipping-taxable","14":"purchasable","15":"product-type-simple"},"acf":[],"_links":{"self":[{"href":"https:\/\/factory.sale\/et\/wp-json\/wp\/v2\/product\/29067","targetHints":{"allow":["GET"]}}],"collection":[{"href":"https:\/\/factory.sale\/et\/wp-json\/wp\/v2\/product"}],"about":[{"href":"https:\/\/factory.sale\/et\/wp-json\/wp\/v2\/types\/product"}],"replies":[{"embeddable":true,"href":"https:\/\/factory.sale\/et\/wp-json\/wp\/v2\/comments?post=29067"}],"wp:featuredmedia":[{"embeddable":true,"href":"https:\/\/factory.sale\/et\/wp-json\/wp\/v2\/media\/29059"}],"wp:attachment":[{"href":"https:\/\/factory.sale\/et\/wp-json\/wp\/v2\/media?parent=29067"}],"wp:term":[{"taxonomy":"factory","embeddable":true,"href":"https:\/\/factory.sale\/et\/wp-json\/wp\/v2\/factory?post=29067"},{"taxonomy":"free-shipment","embeddable":true,"href":"https:\/\/factory.sale\/et\/wp-json\/wp\/v2\/free-shipment?post=29067"},{"taxonomy":"product_brand","embeddable":true,"href":"https:\/\/factory.sale\/et\/wp-json\/wp\/v2\/product_brand?post=29067"},{"taxonomy":"product_cat","embeddable":true,"href":"https:\/\/factory.sale\/et\/wp-json\/wp\/v2\/product_cat?post=29067"},{"taxonomy":"product_tag","embeddable":true,"href":"https:\/\/factory.sale\/et\/wp-json\/wp\/v2\/product_tag?post=29067"}],"curies":[{"name":"wp","href":"https:\/\/api.w.org\/{rel}","templated":true}]}}