{"id":29046,"date":"2023-06-13T09:37:09","date_gmt":"2023-06-13T09:55:17","guid":{"rendered":"https:\/\/factory.sale\/?post_type=product&#038;p=29046"},"modified":"2024-06-27T17:34:55","modified_gmt":"2024-06-27T17:34:55","slug":"toostuslik-matt-pestav","status":"publish","type":"product","link":"https:\/\/factory.sale\/et\/toode\/toostuslik-matt-pestav\/","title":{"rendered":"T\u00f6\u00f6stuslik matt pestav"},"content":{"rendered":"<p><strong>Tootekood:\u00a03838S<\/strong><\/p>\n<p><strong>EAN: 6430054931458<\/strong><\/p>\n<p>&nbsp;<\/p>\n<p>Industry Safety matt on kaasaegne ja keskkonnas\u00f5bralik t\u00f6\u00f6koha matt. See on loodud ideaalselt t\u00f6\u00f6tama t\u00f6\u00f6stuslikul otstarbel ja sobib h\u00f5lpsasti ka kuivadesse \/ m\u00e4rgadesse ruumidesse. Matt tagab optimaalse mugavuse ning v\u00e4hendab alaselja ja jalgade v\u00e4simust ja pinget. See parandab teie vereringet ja suurendab teie heaolu. Vaiba sisemus on valmistatud keskkonnas\u00f5bralikust pol\u00fcuretaanist, mis on kauakestev materjal. Pind on valmistatud v\u00e4ga vastupidavast nitriilkummist, mis sobib n\u00f5udlikesse oludesse. Safety Workstation mati servadel on erekollased ohutusm\u00e4rgised, mis n\u00e4itavad n\u00e4iteks ohutusala.<\/p>\n<p>&nbsp;<\/p>\n<p><strong>Tooteteave:<\/strong><\/p>\n<ul>\n<li>M\u00f5\u00f5dud: 600 x 850 x 16 mm<\/li>\n<li>V\u00e4rv: must<\/li>\n<li>Survepestav: Jah<\/li>\n<li>Materjal: nitriilkummi \/ nitriilvaht<\/li>\n<li>Pinnamaterjal: nitriilkumm (100% PVC vaba 100% ftalaadivaba)<\/li>\n<li>Pestav 60\u00b0C (survepestav, h\u00f5\u00f5rdumispestav, k\u00f5rgsurvepestav)<\/li>\n<li>S\u00e4demekindel<\/li>\n<li>Valmistatud Euroopas<\/li>\n<li>Garantii 5 aastat<\/li>\n<\/ul>\n","protected":false},"excerpt":{"rendered":"<p>Industry Safety matt on kaasaegne ja keskkonnas\u00f5bralik t\u00f6\u00f6koha matt. See on loodud ideaalselt t\u00f6\u00f6tama t\u00f6\u00f6stuslikul otstarbel ja sobib h\u00f5lpsasti ka kuivadesse \/ m\u00e4rgadesse ruumidesse. Matt tagab optimaalse mugavuse ning v\u00e4hendab alaselja ja jalgade v\u00e4simust ja pinget. See parandab teie vereringet ja suurendab teie heaolu. Vaiba sisemus on valmistatud keskkonnas\u00f5bralikust pol\u00fcuretaanist, mis on kauakestev materjal. Pind on valmistatud v\u00e4ga vastupidavast nitriilkummist, mis sobib n\u00f5udlikesse oludesse. Safety Workstation mati servadel on erekollased ohutusm\u00e4rgised, mis n\u00e4itavad n\u00e4iteks ohutusala.<\/p>\n","protected":false},"featured_media":29044,"comment_status":"open","ping_status":"closed","template":"","meta":{"_acf_changed":false},"factory":[],"free-shipment":[],"product_brand":[],"product_cat":[2490,714],"product_tag":[],"class_list":{"0":"post-29046","1":"product","2":"type-product","3":"status-publish","4":"has-post-thumbnail","6":"product_cat-ergonoomia","7":"product_cat-moobel","9":"first","10":"instock","11":"sale","12":"taxable","13":"shipping-taxable","14":"purchasable","15":"product-type-simple"},"acf":[],"_links":{"self":[{"href":"https:\/\/factory.sale\/et\/wp-json\/wp\/v2\/product\/29046","targetHints":{"allow":["GET"]}}],"collection":[{"href":"https:\/\/factory.sale\/et\/wp-json\/wp\/v2\/product"}],"about":[{"href":"https:\/\/factory.sale\/et\/wp-json\/wp\/v2\/types\/product"}],"replies":[{"embeddable":true,"href":"https:\/\/factory.sale\/et\/wp-json\/wp\/v2\/comments?post=29046"}],"wp:featuredmedia":[{"embeddable":true,"href":"https:\/\/factory.sale\/et\/wp-json\/wp\/v2\/media\/29044"}],"wp:attachment":[{"href":"https:\/\/factory.sale\/et\/wp-json\/wp\/v2\/media?parent=29046"}],"wp:term":[{"taxonomy":"factory","embeddable":true,"href":"https:\/\/factory.sale\/et\/wp-json\/wp\/v2\/factory?post=29046"},{"taxonomy":"free-shipment","embeddable":true,"href":"https:\/\/factory.sale\/et\/wp-json\/wp\/v2\/free-shipment?post=29046"},{"taxonomy":"product_brand","embeddable":true,"href":"https:\/\/factory.sale\/et\/wp-json\/wp\/v2\/product_brand?post=29046"},{"taxonomy":"product_cat","embeddable":true,"href":"https:\/\/factory.sale\/et\/wp-json\/wp\/v2\/product_cat?post=29046"},{"taxonomy":"product_tag","embeddable":true,"href":"https:\/\/factory.sale\/et\/wp-json\/wp\/v2\/product_tag?post=29046"}],"curies":[{"name":"wp","href":"https:\/\/api.w.org\/{rel}","templated":true}]}}