{"id":29025,"date":"2023-06-13T08:28:23","date_gmt":"2023-06-13T08:42:00","guid":{"rendered":"https:\/\/factory.sale\/?post_type=product&#038;p=29025"},"modified":"2024-07-04T19:28:28","modified_gmt":"2024-07-04T19:28:28","slug":"kangaga-kaetud-tookoha-matt","status":"publish","type":"product","link":"https:\/\/factory.sale\/et\/toode\/kangaga-kaetud-tookoha-matt\/","title":{"rendered":"Kangaga kaetud t\u00f6\u00f6koha matt"},"content":{"rendered":"<p>Kangaga kaetud t\u00f6\u00f6matt pakub optimaalset mugavust ning v\u00e4hendab koormust alaseljale ja s\u00e4\u00e4rtele. Matil on auk riputuskonksu k\u00fclge riputamiseks.<\/p>\n<p>&nbsp;<\/p>\n<p><strong>Tooteteave:<\/strong><\/p>\n<ul>\n<li>M\u00f5\u00f5dud: 550 mm x 780 mm x 18 mm (saadaval tellimism\u00f5\u00f5duga: 850 mm x 1500 mm ja 850 mm x 2850 mm tarneajal)<\/li>\n<li>Materjal: pol\u00fcuretaan<\/li>\n<li>Pinnamaterjal: 100% pol\u00fcprop\u00fcleen<\/li>\n<li>100% PVC ja ftalaadivaba<\/li>\n<li>Pestav: kuni 60 kraadi, vaibapesu\/vaakumpesu\/aurupesu<\/li>\n<li>Garantii: 2 aastat<\/li>\n<\/ul>\n<p>&nbsp;<\/p>\n<p><strong>Saadaval v\u00e4rvid:<\/strong><\/p>\n<ul>\n<li>hall (SKU: 3737,\u00a0EAN: 6430054931434)<\/li>\n<li>punane (SKU:3737P, EAN: 6430054931885)<\/li>\n<li>sinine (SKU: 3737S, EAN: 6430054931878)<\/li>\n<\/ul>\n","protected":false},"excerpt":{"rendered":"<p>Kangaga kaetud t\u00f6\u00f6matt pakub optimaalset mugavust ning v\u00e4hendab koormust alaseljale ja s\u00e4\u00e4rtele. Matil on auk riputuskonksu k\u00fclge riputamiseks.<\/p>\n","protected":false},"featured_media":29011,"comment_status":"open","ping_status":"closed","template":"","meta":{"_acf_changed":false},"factory":[],"free-shipment":[],"product_brand":[],"product_cat":[2490,714],"product_tag":[],"class_list":{"0":"post-29025","1":"product","2":"type-product","3":"status-publish","4":"has-post-thumbnail","6":"product_cat-ergonoomia","7":"product_cat-moobel","9":"first","10":"instock","11":"sale","12":"taxable","13":"shipping-taxable","14":"purchasable","15":"product-type-simple"},"acf":[],"_links":{"self":[{"href":"https:\/\/factory.sale\/et\/wp-json\/wp\/v2\/product\/29025","targetHints":{"allow":["GET"]}}],"collection":[{"href":"https:\/\/factory.sale\/et\/wp-json\/wp\/v2\/product"}],"about":[{"href":"https:\/\/factory.sale\/et\/wp-json\/wp\/v2\/types\/product"}],"replies":[{"embeddable":true,"href":"https:\/\/factory.sale\/et\/wp-json\/wp\/v2\/comments?post=29025"}],"wp:featuredmedia":[{"embeddable":true,"href":"https:\/\/factory.sale\/et\/wp-json\/wp\/v2\/media\/29011"}],"wp:attachment":[{"href":"https:\/\/factory.sale\/et\/wp-json\/wp\/v2\/media?parent=29025"}],"wp:term":[{"taxonomy":"factory","embeddable":true,"href":"https:\/\/factory.sale\/et\/wp-json\/wp\/v2\/factory?post=29025"},{"taxonomy":"free-shipment","embeddable":true,"href":"https:\/\/factory.sale\/et\/wp-json\/wp\/v2\/free-shipment?post=29025"},{"taxonomy":"product_brand","embeddable":true,"href":"https:\/\/factory.sale\/et\/wp-json\/wp\/v2\/product_brand?post=29025"},{"taxonomy":"product_cat","embeddable":true,"href":"https:\/\/factory.sale\/et\/wp-json\/wp\/v2\/product_cat?post=29025"},{"taxonomy":"product_tag","embeddable":true,"href":"https:\/\/factory.sale\/et\/wp-json\/wp\/v2\/product_tag?post=29025"}],"curies":[{"name":"wp","href":"https:\/\/api.w.org\/{rel}","templated":true}]}}