{"id":29004,"date":"2023-06-13T07:16:42","date_gmt":"2023-06-13T08:11:24","guid":{"rendered":"https:\/\/factory.sale\/?post_type=product&#038;p=29004"},"modified":"2024-07-04T11:07:34","modified_gmt":"2024-07-04T11:07:34","slug":"ergofinland-getupmat-seismismatt-kandesangaga","status":"publish","type":"product","link":"https:\/\/factory.sale\/et\/toode\/ergofinland-getupmat-seismismatt-kandesangaga\/","title":{"rendered":"ErgoFinland GetUpMat seismismatt kandesangaga"},"content":{"rendered":"<p><strong>SKU: 3636<\/strong><br \/>\n<strong>EAN: 6430054931380<\/strong><\/p>\n<p>&nbsp;<\/p>\n<p>GetUpMat seismismatt on valmistatud ja kavandatud seljaprobleemide ja jalavalu ennetamiseks. See on loodud nii mugavaks, et v\u00e4simus kehas kaob. Seda saab kasutada n\u00e4iteks t\u00f6\u00f6stuses, kassades, lennujaamades, apteekides, pankades v\u00f5i igas seisvas t\u00f6\u00f6s. Sile pind on valmistatud mustuse t\u00f5rjuvast materjalist. T\u00e4nu vaiba kvaliteetsele pol\u00fcuretaant\u00e4itele ei vaju see kunagi t\u00e4ielikult \u00e4ra ning ei kooru ega kulu. T\u00e4nu mattide kaldus servadele pole komistamise ohtu. GetUpMat-i on v\u00e4ga lihtne puhtana hoida ja seda saab puhastada niiske lapiga, sest vaip ei sisalda \u00fcldse kangast. Matil on transpordi jaoks kandesang ning selle saab h\u00f5lpsasti riputada laua servale v\u00f5i konksule.<\/p>\n<ul>\n<li>Suurus: 640 x 515 x 21 mm<\/li>\n<li>V\u00e4rv: Tume hall<\/li>\n<li>Materjal: Pol\u00fcuretaan (PVC-vaba)<\/li>\n<li>Mustuse t\u00f5rjuv: Jah<\/li>\n<li>Pinnat\u00f6\u00f6tlus: Antibakteriaalne<\/li>\n<li>Pind: Sile<\/li>\n<li>Servad: Kaldus<\/li>\n<li>Alumine pool: Hea haardumine, turvaline<\/li>\n<li>Pakendamine: \u00dcksikult, transportkast 10 tk<\/li>\n<li>Garantii: 5 aastat<\/li>\n<\/ul>\n","protected":false},"excerpt":{"rendered":"<p>GetUpMat seismismatt on valmistatud ja kavandatud seljaprobleemide ja jalavalu ennetamiseks. See on loodud nii mugavaks, et v\u00e4simus kehas kaob. Seda saab kasutada n\u00e4iteks t\u00f6\u00f6stuses, kassades, lennujaamades, apteekides, pankades v\u00f5i igas seisvas t\u00f6\u00f6s. Sile pind on valmistatud mustuse t\u00f5rjuvast materjalist. T\u00e4nu vaiba kvaliteetsele pol\u00fcuretaant\u00e4itele ei vaju see kunagi t\u00e4ielikult \u00e4ra ning ei kooru ega kulu. T\u00e4nu mattide kaldus servadele pole komistamise ohtu. GetUpMat-i on v\u00e4ga lihtne puhtana hoida ja seda saab puhastada niiske lapiga, sest vaip ei sisalda \u00fcldse kangast. Matil on transpordi jaoks kandesang ning selle saab h\u00f5lpsasti riputada laua servale v\u00f5i konksule.<\/p>\n","protected":false},"featured_media":29002,"comment_status":"open","ping_status":"closed","template":"","meta":{"_acf_changed":false},"factory":[],"free-shipment":[],"product_brand":[],"product_cat":[2490,714],"product_tag":[],"class_list":{"0":"post-29004","1":"product","2":"type-product","3":"status-publish","4":"has-post-thumbnail","6":"product_cat-ergonoomia","7":"product_cat-moobel","9":"first","10":"instock","11":"sale","12":"taxable","13":"shipping-taxable","14":"purchasable","15":"product-type-simple"},"acf":[],"_links":{"self":[{"href":"https:\/\/factory.sale\/et\/wp-json\/wp\/v2\/product\/29004","targetHints":{"allow":["GET"]}}],"collection":[{"href":"https:\/\/factory.sale\/et\/wp-json\/wp\/v2\/product"}],"about":[{"href":"https:\/\/factory.sale\/et\/wp-json\/wp\/v2\/types\/product"}],"replies":[{"embeddable":true,"href":"https:\/\/factory.sale\/et\/wp-json\/wp\/v2\/comments?post=29004"}],"wp:featuredmedia":[{"embeddable":true,"href":"https:\/\/factory.sale\/et\/wp-json\/wp\/v2\/media\/29002"}],"wp:attachment":[{"href":"https:\/\/factory.sale\/et\/wp-json\/wp\/v2\/media?parent=29004"}],"wp:term":[{"taxonomy":"factory","embeddable":true,"href":"https:\/\/factory.sale\/et\/wp-json\/wp\/v2\/factory?post=29004"},{"taxonomy":"free-shipment","embeddable":true,"href":"https:\/\/factory.sale\/et\/wp-json\/wp\/v2\/free-shipment?post=29004"},{"taxonomy":"product_brand","embeddable":true,"href":"https:\/\/factory.sale\/et\/wp-json\/wp\/v2\/product_brand?post=29004"},{"taxonomy":"product_cat","embeddable":true,"href":"https:\/\/factory.sale\/et\/wp-json\/wp\/v2\/product_cat?post=29004"},{"taxonomy":"product_tag","embeddable":true,"href":"https:\/\/factory.sale\/et\/wp-json\/wp\/v2\/product_tag?post=29004"}],"curies":[{"name":"wp","href":"https:\/\/api.w.org\/{rel}","templated":true}]}}