{"id":28932,"date":"2025-10-12T10:09:31","date_gmt":"2023-06-10T21:25:37","guid":{"rendered":"https:\/\/factory.sale\/?post_type=product&#038;p=28932"},"modified":"2026-03-23T23:55:39","modified_gmt":"2026-03-23T20:55:39","slug":"integreeritud-puukuttepliidiga-umar-kumblustunn-5-inimesele","status":"publish","type":"product","link":"https:\/\/factory.sale\/et\/toode\/integreeritud-puukuttepliidiga-umar-kumblustunn-5-inimesele\/","title":{"rendered":"2m integreeritud puuk\u00fctteahjuga \u00fcmar k\u00fcmblust\u00fcnn 5 inimesele"},"content":{"rendered":"<p><strong>Tootekood: TP2V<\/strong><\/p>\n<p>&nbsp;<\/p>\n<p>Kogege mugavust meie \u00fcmmarguse klaasplastist k\u00fcmblust\u00fcnniga, mis on kaetud 18 mm termopuiduga ja millel on integreeritud puuk\u00fcttega ahi.<br \/>\nSee k\u00fcmblust\u00fcnn sobib suurep\u00e4raselt 4-6-liikmelisele seltskonnale ning sellel on sile ja libisemisvastane klaasplastpind, mis on t\u00e4nap\u00e4evase tehnoloogiaga kaitstud kriimustuste, pragude ja lekete eest. V\u00e4ikese 1100-liitrise veekulu ja integreeritud puuk\u00fcttega kerisega saad nautida kiiret veesoojenemist ja kauakestvat l\u00f5\u00f5gastust.<\/p>\n<p>K\u00fcmblust\u00fcnn on kokku pandud ja valmis kasutamiseks \u2013 t\u00e4itke see veega, tehke ahjule tuli alla ja nautige l\u00f5\u00f5gastumist!<\/p>\n<p>&nbsp;<\/p>\n<p>&nbsp;<\/p>\n<p><strong>P\u00f5hikomplekt sisaldab:<\/strong><\/p>\n<ul>\n<li>Klaasplastist t\u00fcnn, kaetud 18 mm termopuiduga<\/li>\n<li>30 kW integreeritud ahi (AISI304 teras) koos korstnakomplektiga (vee soojenemise aeg u 2h)<\/li>\n<li>Korstna kuumakaitse<\/li>\n<li>Veekindel raam<\/li>\n<li>4 pehmet peatuge<\/li>\n<li>\u00c4ravoolu kraan<\/li>\n<\/ul>\n<p>&nbsp;<\/p>\n<p>AISI316 teras ahi (soolavee jaoks) + 300 EUR<\/p>\n<p>&nbsp;<\/p>\n<p><strong>Tehnilised andmed:<\/strong><\/p>\n<ul>\n<li>L\u00e4bim\u00f5\u00f5t \u2013 2,0 m<\/li>\n<li>Maht \u2013 1100 l<\/li>\n<li>Integreeritud ahju vee maht \u2013 0,045 m\u00b3 ehk 45 l<\/li>\n<li>Kaal &#8211; 265 kg<\/li>\n<li>Ahju kaal koos korstnakomplektiga \u2013 43 kg, ainult vooder \u2013 35 kg<\/li>\n<li>Mahutavus \u2013 4-6 inimest<\/li>\n<li>K\u00f5rgus &#8211; 1,1 m<\/li>\n<li>S\u00fcgavus \u2013 0,83 m<\/li>\n<li>Istmete k\u00f5rgus \u2013 245 mm<\/li>\n<li>Istmete laius \u2013 350 mm<\/li>\n<li>Termopuidust voodri paksus \u2013 18 mm<\/li>\n<\/ul>\n<table id=\"tablepress-63\" class=\"tablepress tablepress-id-63\" style=\"height: 201px;\" width=\"742\">\n<thead>\n<tr class=\"row-1 odd\">\n<th class=\"column-1\">Elektrisoojendi<\/th>\n<th class=\"column-2\">2 kW<\/th>\n<th class=\"column-3\">9 kW<\/th>\n<\/tr>\n<\/thead>\n<tbody class=\"row-hover\">\n<tr class=\"row-2 even\">\n<td class=\"column-1\">Vajalik energia vee soojendamiseks 7 &#8211; 37\u00b0C<\/td>\n<td class=\"column-2\">&#8211;<\/td>\n<td class=\"column-3\">47 kWh<\/td>\n<\/tr>\n<tr class=\"row-3 odd\">\n<td class=\"column-1\">Vee soojendamiseks 7 &#8211; 37\u00b0C kuluv aeg<\/td>\n<td class=\"column-2\">&#8211;<\/td>\n<td class=\"column-3\">6,4 tundi<\/td>\n<\/tr>\n<tr class=\"row-4 even\">\n<td class=\"column-1\">Vee soojendamise kiirus<\/td>\n<td class=\"column-2\">1 \u00b0C \/ tunnis<\/td>\n<td class=\"column-3\">4,7 \u00b0C \/ tunnis<\/td>\n<\/tr>\n<tr class=\"row-5 odd\">\n<td class=\"column-1\">Konstantse temperatuuri hoidmine 24 tunniks<\/td>\n<td class=\"column-2\">4 &#8211; 5 kWh<\/td>\n<td class=\"column-3\">7 &#8211; 8 kWh<\/td>\n<\/tr>\n<\/tbody>\n<\/table>\n<p>&nbsp;<\/p>\n<p>&nbsp;<\/p>\n<p><strong>Saadaval v\u00e4rvid:<\/strong><\/p>\n<p><img loading=\"lazy\" decoding=\"async\" class=\"alignnone wp-image-28942\" src=\"https:\/\/factory.sale\/wp-content\/uploads\/2023\/06\/varvid-300x66.png\" alt=\"\" width=\"909\" height=\"200\" srcset=\"https:\/\/factory.sale\/wp-content\/uploads\/2023\/06\/varvid-300x66.png 300w, https:\/\/factory.sale\/wp-content\/uploads\/2023\/06\/varvid-1024x225.png 1024w, https:\/\/factory.sale\/wp-content\/uploads\/2023\/06\/varvid-150x33.png 150w, https:\/\/factory.sale\/wp-content\/uploads\/2023\/06\/varvid-1536x337.png 1536w, https:\/\/factory.sale\/wp-content\/uploads\/2023\/06\/varvid-2048x450.png 2048w, https:\/\/factory.sale\/wp-content\/uploads\/2023\/06\/varvid-600x132.png 600w\" sizes=\"auto, (max-width: 909px) 100vw, 909px\" \/><\/p>\n<p>&nbsp;<\/p>\n<p>&nbsp;<\/p>\n<p>&nbsp;<\/p>\n<p><b>Transpordi informatsioon:<\/b><\/p>\n<p>Kohaletoimetamine t\u00f5stukiga veoautoga.<\/p>\n","protected":false},"excerpt":{"rendered":"<p>Kogege mugavust meie \u00fcmmarguse klaasplastist k\u00fcmblust\u00fcnniga, mis on kaetud 18 mm termopuiduga ja millel on integreeritud puuk\u00fcttega ahi. \u00a0See k\u00fcmblust\u00fcnn sobib suurep\u00e4raselt 4-6-liikmelisele seltskonnale ning sellel on sile ja libisemisvastane klaasplastpind, mis on t\u00e4nap\u00e4evase tehnoloogiaga kaitstud kriimustuste, pragude ja lekete eest. V\u00e4ikese 1100-liitrise veekulu ja integreeritud puuk\u00fcttega kerisega saad nautida kiiret veesoojenemist ja kauakestvat l\u00f5\u00f5gastust.<\/p>\n<p><strong>Hind sisaldab integreeritud ahju koos korstnakomplektiga!<\/strong><\/p>\n<p><strong>Ostes Eesti tooteid, saate ainult k\u00f5rgeima kvaliteediga tooted.<\/strong><\/p>\n<p><img loading=\"lazy\" decoding=\"async\" class=\"alignnone wp-image-100903\" src=\"https:\/\/factory.sale\/wp-content\/uploads\/2023\/04\/made-inestonia-3-factory-sale-300x300.webp\" alt=\"Made in Estonia.\" width=\"255\" height=\"255\" srcset=\"https:\/\/factory.sale\/wp-content\/uploads\/2023\/04\/made-inestonia-3-factory-sale-300x300.webp 300w, https:\/\/factory.sale\/wp-content\/uploads\/2023\/04\/made-inestonia-3-factory-sale-1024x1024.webp 1024w, https:\/\/factory.sale\/wp-content\/uploads\/2023\/04\/made-inestonia-3-factory-sale-150x150.webp 150w, https:\/\/factory.sale\/wp-content\/uploads\/2023\/04\/made-inestonia-3-factory-sale-1536x1536.webp 1536w, https:\/\/factory.sale\/wp-content\/uploads\/2023\/04\/made-inestonia-3-factory-sale-600x600.webp 600w, https:\/\/factory.sale\/wp-content\/uploads\/2023\/04\/made-inestonia-3-factory-sale-100x100.webp 100w, https:\/\/factory.sale\/wp-content\/uploads\/2023\/04\/made-inestonia-3-factory-sale.webp 2048w\" sizes=\"auto, (max-width: 255px) 100vw, 255px\" \/><\/p>\n<p>&nbsp;<\/p>\n","protected":false},"featured_media":89461,"comment_status":"open","ping_status":"closed","template":"","meta":{"_acf_changed":false},"factory":[],"free-shipment":[],"product_brand":[],"product_cat":[2587,2209],"product_tag":[1483,2842,4434],"class_list":{"0":"post-28932","1":"product","2":"type-product","3":"status-publish","4":"has-post-thumbnail","6":"product_cat-klaasplastist-kumblustunnid","7":"product_cat-kumblustunnid","8":"product_tag-garden-et","9":"product_tag-hot-tub-et","10":"product_tag-hot-tub-with-stove-et","12":"first","13":"instock","14":"sale","15":"taxable","16":"shipping-taxable","17":"purchasable","18":"product-type-simple"},"acf":[],"_links":{"self":[{"href":"https:\/\/factory.sale\/et\/wp-json\/wp\/v2\/product\/28932","targetHints":{"allow":["GET"]}}],"collection":[{"href":"https:\/\/factory.sale\/et\/wp-json\/wp\/v2\/product"}],"about":[{"href":"https:\/\/factory.sale\/et\/wp-json\/wp\/v2\/types\/product"}],"replies":[{"embeddable":true,"href":"https:\/\/factory.sale\/et\/wp-json\/wp\/v2\/comments?post=28932"}],"wp:featuredmedia":[{"embeddable":true,"href":"https:\/\/factory.sale\/et\/wp-json\/wp\/v2\/media\/89461"}],"wp:attachment":[{"href":"https:\/\/factory.sale\/et\/wp-json\/wp\/v2\/media?parent=28932"}],"wp:term":[{"taxonomy":"factory","embeddable":true,"href":"https:\/\/factory.sale\/et\/wp-json\/wp\/v2\/factory?post=28932"},{"taxonomy":"free-shipment","embeddable":true,"href":"https:\/\/factory.sale\/et\/wp-json\/wp\/v2\/free-shipment?post=28932"},{"taxonomy":"product_brand","embeddable":true,"href":"https:\/\/factory.sale\/et\/wp-json\/wp\/v2\/product_brand?post=28932"},{"taxonomy":"product_cat","embeddable":true,"href":"https:\/\/factory.sale\/et\/wp-json\/wp\/v2\/product_cat?post=28932"},{"taxonomy":"product_tag","embeddable":true,"href":"https:\/\/factory.sale\/et\/wp-json\/wp\/v2\/product_tag?post=28932"}],"curies":[{"name":"wp","href":"https:\/\/api.w.org\/{rel}","templated":true}]}}