{"id":28909,"date":"2023-06-10T17:47:35","date_gmt":"2023-06-10T19:37:25","guid":{"rendered":"https:\/\/factory.sale\/?post_type=product&#038;p=28909"},"modified":"2024-06-26T10:43:10","modified_gmt":"2024-06-26T10:43:10","slug":"gpad-e-toukeratas-storm-ultra-awd-60v-22-4ah-lg-hydraulic","status":"publish","type":"product","link":"https:\/\/factory.sale\/et\/toode\/gpad-e-toukeratas-storm-ultra-awd-60v-22-4ah-lg-hydraulic\/","title":{"rendered":"GPad e-t\u00f5ukeratas Storm Ultra AWD 60V 22.4Ah LG hydraulic"},"content":{"rendered":"<p><strong>SKU: KSJY502<\/strong><\/p>\n<p>&nbsp;<\/p>\n<p>GPad Storm on seikluste otsija, kes leiab end kodust nii linnas kui ka rajalt eemal. T\u00e4isvedrustusega p\u00f6\u00f6rdekahvel, topeltketaspidurid ja kaasaegne kokpit meeldej\u00e4\u00e4va musta ja oran\u017ei disainiga muudavad selle t\u00f5ukeratta v\u00f5rreldamatult silmapaistvaks.<\/p>\n<p>Gpad Storm on h\u00e4davajalik, kui tahad, et linnas\u00f5idud oleksid v\u00f5imalikult mugavad ega karda j\u00e4rske m\u00e4gesid, auklikke teid v\u00f5i pikemaid l\u00e4bitavaid vahemaid. Storm tundub stabiilne ja h\u00e4sti teie kontrolli all. Stabiilsus tuleneb raami disainist, vedrustusest ja kaalust. See v\u00f5ib tunduda veidi raske, kuid see on mugavalt kokkupandav ja h\u00f5lpsasti haaratav, et viia auto pagasiruumi v\u00f5i paari trepiastme juurde. Torm on soovitatav ka raskematele s\u00f5itjatele. Kergematele s\u00f5itjatele v\u00f5ib GPad Svan v\u00f5i Joyride olla hea alternatiiv.<\/p>\n<p>Stormil on kaasaegne LCD-ekraan ja eraldi p\u00f6idlaga juhitav gaasihoob. LCD-ekraan n\u00e4itab kogu olulist statistikat, sealhulgas kiirust, odomeetrit, re\u017eiimi ja akum\u00f5\u00f5tjat. Valikuid saab seadistada vasakpoolses servas sissel\u00fclitusl\u00fcliti k\u00f5rval oleva M-nupuga.<\/p>\n<p>18Ah akuga Stormi maksimaalne s\u00f5iduulatus on kuni 55 km. See s\u00f5ltub suuresti sellest, kuidas te s\u00f5idate. 60 kg kaaluva s\u00f5itja jaoks, kes p\u00fcsib enamasti madalatel kiirustel, v\u00f5ib s\u00f5iduulatus olla suurem. Raskema s\u00f5itja ja agressiivse s\u00f5idustiili korral v\u00f5ib s\u00f5iduulatus langeda. Madal rehvir\u00f5hk ja madal temperatuur v\u00f5ivad samuti kaasa aidata l\u00fchemale s\u00f5iduulatusele. Need, kes soovivad suuremat leviulatust, v\u00f5ivad valida GPad Storm Maxi (26Ah). Laadimisaeg originaallaadijaga on 9 tundi, mida saab kiiremaks muuta valikulise kiirlaadijaga.<\/p>\n<p>Pidurdamine tundub imeline. Eesmised ja tagumised ketaspidurid koos regeneratiivse mootoriga pidurdamisega rakenduvad samaaegselt. Need pidurid viivad t\u00f5ukeratta t\u00e4ielikult seisma v\u00e4hem kui 5 meetriga kiirusest 25 km\/h. Raskematel s\u00f5itjatel ja m\u00e4est alla s\u00f5ites v\u00f5ib pidurdusteekond olla pikem. Seega, parem karta kui kahetseda \u2013 hoidke silmad lahti v\u00f5imalike ohtude suhtes.<\/p>\n<p>Originaalsed 10 \u00d7 2,5-tollised \u00f5hkrehvid sobivad suurep\u00e4raselt linnas\u00f5iduks. Kruusa jaoks v\u00f5ite kaaluda valikulisi 10 \u00d7 3,0-tolliste h\u00fcbriidrehve v\u00f5i kasutada t\u00e4isv\u00e4\u00e4rtuslikke maastikurehve. Stormi esi- ja tagavedrustus toimivad h\u00e4sti ja tunnevad end nagu pilvedes s\u00f5ites. Need, kes on huvitatud kohandamisest, saavad vedrustuse amortisaatorid vahetada. Stormil on piisavalt pikk teljevahe, mis parandab selle stabiilsust takistuste (nt \u00e4\u00e4rekivid ja augud) \u00fcletamisel v\u00f5i maastikul s\u00f5itmisel.<\/p>\n<p>Nagu iga teine s\u00f5iduk, vajab GPad Storm regulaarset kontrolli ja hooldust. Enne igat s\u00f5itu on soovitatav teha kiire ohutuskontroll rehvir\u00f5hu (3 baari), pidurite, tulede ja v\u00f5imalike lahtiste esemete kohta. Kui vajate abi, p\u00f6\u00f6rduge edasim\u00fc\u00fcja soovitatud m\u00fc\u00fcgij\u00e4rgsesse teenindusse. Rollerit on soovitatav hooldada p\u00e4rast esimest 200-300 km l\u00e4bimist ja seej\u00e4rel iga 1000 km j\u00e4rel. Isegi kui midagi pole vaja parandada, saate ikkagi kasulikke n\u00e4pun\u00e4iteid, kuidas oma rollerit paremini hooldada.<\/p>\n<p>Storm on IPX5-kindel. Praktikas ei ole soovitatav t\u00f5ukerattaga s\u00f5ita m\u00e4rgades oludes, vihmas, l\u00e4bi vee v\u00f5i lume, pesta rollerit veejuga v\u00f5i muu vedelikuga.<\/p>\n<p>Stormil on raamile 2-aastane ja akule 6-kuuline garantii tootmis- v\u00f5i montaa\u017eidefektide vastu. Garantii ei kata kuluvaid esemeid (nagu rehvid, pidurid, k\u00e4epidemed jne) ega ka defekte, mis on p\u00f5hjustatud kasutajast v\u00f5i kasutusjuhendis toodud juhiste eiramisest. \u00dcksikasjalikud garantiitingimused ja kasutusjuhendid leiate GPad Urban Mobility veebisaidilt.<\/p>\n<p>Stormi lisavarustuse nimekirjas on k\u00f5ik p\u00f5hivajadused: telefonihoidik, lisatuled, juhtrauakott, turvalukk, kiiver, maanteerehvid, maastikurehvid, h\u00fcbriidrehvid, talverehvid.<\/p>\n<p>&nbsp;<\/p>\n<p><strong>GPad Stormiga s\u00f5ites on soovitatav kanda kiivrit!<\/strong><\/p>\n<p>&nbsp;<\/p>\n<p>&nbsp;<\/p>\n<p><strong>Toote spetsifikatsioonid:<\/strong><\/p>\n<p>&nbsp;<\/p>\n<table class=\"woocommerce-product-attributes shop_attributes\" width=\"900\">\n<tbody>\n<tr class=\"woocommerce-product-attributes-item woocommerce-product-attributes-item--attribute_pa_varv\">\n<th class=\"woocommerce-product-attributes-item__label\">Mudel<\/th>\n<td class=\"woocommerce-product-attributes-item__value\">GPad\u00ae Storm ULTRA<\/td>\n<\/tr>\n<tr class=\"woocommerce-product-attributes-item woocommerce-product-attributes-item--attribute_pa_top-speed\">\n<th class=\"woocommerce-product-attributes-item__label\">Max kiirus<\/th>\n<td class=\"woocommerce-product-attributes-item__value\">25 km\/h<\/td>\n<\/tr>\n<tr class=\"woocommerce-product-attributes-item woocommerce-product-attributes-item--attribute_pa_top-speed-limited\">\n<th class=\"woocommerce-product-attributes-item__label\">S\u00f5iduulatus<\/th>\n<td class=\"woocommerce-product-attributes-item__value\">100 km<\/td>\n<\/tr>\n<tr class=\"woocommerce-product-attributes-item woocommerce-product-attributes-item--attribute_pa_max-load-cap\">\n<th class=\"woocommerce-product-attributes-item__label\">Ronimisv\u00f5ime<\/th>\n<td class=\"woocommerce-product-attributes-item__value\">\u00a025\u00b0*<\/td>\n<\/tr>\n<tr class=\"woocommerce-product-attributes-item woocommerce-product-attributes-item--attribute_pa_tyre-size-inch\">\n<th class=\"woocommerce-product-attributes-item__label\">Kandev\u00f5ime<\/th>\n<td class=\"woocommerce-product-attributes-item__value\">120 kg<\/td>\n<\/tr>\n<tr class=\"woocommerce-product-attributes-item woocommerce-product-attributes-item--attribute_pa_tyre-size-cm\">\n<th class=\"woocommerce-product-attributes-item__label\">Raami materjal<\/th>\n<td class=\"woocommerce-product-attributes-item__value\">\u00a0Alumiinium<\/td>\n<\/tr>\n<tr class=\"woocommerce-product-attributes-item woocommerce-product-attributes-item--attribute_pa_tyre-type\">\n<th class=\"woocommerce-product-attributes-item__label\">Pidurid<\/th>\n<td class=\"woocommerce-product-attributes-item__value\">H\u00fcdraulilised ketaspidurid<\/td>\n<\/tr>\n<tr class=\"woocommerce-product-attributes-item woocommerce-product-attributes-item--attribute_pa_driving-wheel\">\n<th class=\"woocommerce-product-attributes-item__label\">Amortisaatorid<\/th>\n<td class=\"woocommerce-product-attributes-item__value\">ees ja taga<\/td>\n<\/tr>\n<tr class=\"woocommerce-product-attributes-item woocommerce-product-attributes-item--attribute_pa_motor-power\">\n<th class=\"woocommerce-product-attributes-item__label\">Nimiv\u00f5imsus<\/th>\n<td class=\"woocommerce-product-attributes-item__value\">2*800 W<\/td>\n<\/tr>\n<tr class=\"woocommerce-product-attributes-item woocommerce-product-attributes-item--attribute_pa_battery-volt\">\n<th class=\"woocommerce-product-attributes-item__label\">EU piiratud v\u00f5imsus<\/th>\n<td class=\"woocommerce-product-attributes-item__value\">\u00a02*500 W<\/td>\n<\/tr>\n<tr class=\"woocommerce-product-attributes-item woocommerce-product-attributes-item--attribute_pa_battery-amps\">\n<th class=\"woocommerce-product-attributes-item__label\">P\u00f6\u00f6rdemoment<\/th>\n<td class=\"woocommerce-product-attributes-item__value\">42Nm<\/td>\n<\/tr>\n<tr class=\"woocommerce-product-attributes-item woocommerce-product-attributes-item--attribute_pa_battery-cap\">\n<th class=\"woocommerce-product-attributes-item__label\">Rehvid<\/th>\n<td class=\"woocommerce-product-attributes-item__value\">Pneumaatilised 10\u00d73.0<\/td>\n<\/tr>\n<tr class=\"woocommerce-product-attributes-item woocommerce-product-attributes-item--attribute_pa_battery-type\">\n<th class=\"woocommerce-product-attributes-item__label\">Kasutaja pikkus<\/th>\n<td class=\"woocommerce-product-attributes-item__value\">\u00a0120 \u2013 200 cm<\/td>\n<\/tr>\n<tr class=\"woocommerce-product-attributes-item woocommerce-product-attributes-item--attribute_pa_charger-volt\">\n<th class=\"woocommerce-product-attributes-item__label\">Soovitatav vanus<\/th>\n<td class=\"woocommerce-product-attributes-item__value\">14+<\/td>\n<\/tr>\n<tr class=\"woocommerce-product-attributes-item woocommerce-product-attributes-item--attribute_pa_charger-amp\">\n<th class=\"woocommerce-product-attributes-item__label\">Aku nimipinge<\/th>\n<td class=\"woocommerce-product-attributes-item__value\">60 VDC<\/td>\n<\/tr>\n<tr class=\"woocommerce-product-attributes-item woocommerce-product-attributes-item--attribute_pa_charge-time\">\n<th class=\"woocommerce-product-attributes-item__label\">Aku nimimaht<\/th>\n<td class=\"woocommerce-product-attributes-item__value\">1344 Wh (18.0Ah)<\/td>\n<\/tr>\n<tr class=\"woocommerce-product-attributes-item woocommerce-product-attributes-item--attribute_pa_front-brake\">\n<th class=\"woocommerce-product-attributes-item__label\">Laadimispinge<\/th>\n<td class=\"woocommerce-product-attributes-item__value\">67.2 VDC<\/td>\n<\/tr>\n<tr class=\"woocommerce-product-attributes-item woocommerce-product-attributes-item--attribute_pa_rear-brake\">\n<th class=\"woocommerce-product-attributes-item__label\">Laadimisvool<\/th>\n<td class=\"woocommerce-product-attributes-item__value\">2 A<\/td>\n<\/tr>\n<tr class=\"woocommerce-product-attributes-item woocommerce-product-attributes-item--attribute_pa_folding-handle\">\n<th class=\"woocommerce-product-attributes-item__label\">Laadimisaeg<\/th>\n<td class=\"woocommerce-product-attributes-item__value\">\u00a012 h<\/td>\n<\/tr>\n<tr class=\"woocommerce-product-attributes-item woocommerce-product-attributes-item--attribute_pa_handle-height\">\n<th class=\"woocommerce-product-attributes-item__label\">T\u00f6\u00f6temperatuur<\/th>\n<td class=\"woocommerce-product-attributes-item__value\">-1 \u2013 +40 \u00b0C<\/td>\n<\/tr>\n<tr class=\"woocommerce-product-attributes-item woocommerce-product-attributes-item--attribute_pa_handle-max-height\">\n<th class=\"woocommerce-product-attributes-item__label\">Netokaal<\/th>\n<td class=\"woocommerce-product-attributes-item__value\">28.7 kg<\/td>\n<\/tr>\n<\/tbody>\n<\/table>\n<p>&nbsp;<\/p>\n<p>&nbsp;<\/p>\n<p><a href=\"https:\/\/factory.sale\/wp-content\/uploads\/2023\/06\/Storm-V1.1-ENG-EST-SWE-FIN.pdf\" target=\"_blank\" rel=\"noopener\">MANUAAL<\/a><\/p>\n","protected":false},"excerpt":{"rendered":"<p>GPad Storm on seikluste otsija, kes leiab end kodust nii linnas kui ka rajalt eemal. T\u00e4isvedrustusega p\u00f6\u00f6rdekahvel, topeltketaspidurid ja kaasaegne kokpit meeldej\u00e4\u00e4va musta ja oran\u017ei disainiga muudavad selle t\u00f5ukeratta v\u00f5rreldamatult silmapaistvaks.<\/p>\n<p>Gpad Storm on h\u00e4davajalik, kui tahad, et linnas\u00f5idud oleksid v\u00f5imalikult mugavad ega karda j\u00e4rske m\u00e4gesid, auklikke teid v\u00f5i pikemaid l\u00e4bitavaid vahemaid.<\/p>\n","protected":false},"featured_media":28877,"comment_status":"open","ping_status":"closed","template":"","meta":{"_acf_changed":false},"factory":[],"free-shipment":[],"product_brand":[],"product_cat":[857,738],"product_tag":[2057],"class_list":{"0":"post-28909","1":"product","2":"type-product","3":"status-publish","4":"has-post-thumbnail","6":"product_cat-e-toukerattad-et","7":"product_cat-elektrilised-liikurid","8":"product_tag-e-scooter-et","10":"first","11":"instock","12":"sale","13":"taxable","14":"shipping-taxable","15":"purchasable","16":"product-type-simple"},"acf":[],"_links":{"self":[{"href":"https:\/\/factory.sale\/et\/wp-json\/wp\/v2\/product\/28909","targetHints":{"allow":["GET"]}}],"collection":[{"href":"https:\/\/factory.sale\/et\/wp-json\/wp\/v2\/product"}],"about":[{"href":"https:\/\/factory.sale\/et\/wp-json\/wp\/v2\/types\/product"}],"replies":[{"embeddable":true,"href":"https:\/\/factory.sale\/et\/wp-json\/wp\/v2\/comments?post=28909"}],"wp:featuredmedia":[{"embeddable":true,"href":"https:\/\/factory.sale\/et\/wp-json\/wp\/v2\/media\/28877"}],"wp:attachment":[{"href":"https:\/\/factory.sale\/et\/wp-json\/wp\/v2\/media?parent=28909"}],"wp:term":[{"taxonomy":"factory","embeddable":true,"href":"https:\/\/factory.sale\/et\/wp-json\/wp\/v2\/factory?post=28909"},{"taxonomy":"free-shipment","embeddable":true,"href":"https:\/\/factory.sale\/et\/wp-json\/wp\/v2\/free-shipment?post=28909"},{"taxonomy":"product_brand","embeddable":true,"href":"https:\/\/factory.sale\/et\/wp-json\/wp\/v2\/product_brand?post=28909"},{"taxonomy":"product_cat","embeddable":true,"href":"https:\/\/factory.sale\/et\/wp-json\/wp\/v2\/product_cat?post=28909"},{"taxonomy":"product_tag","embeddable":true,"href":"https:\/\/factory.sale\/et\/wp-json\/wp\/v2\/product_tag?post=28909"}],"curies":[{"name":"wp","href":"https:\/\/api.w.org\/{rel}","templated":true}]}}