{"id":28865,"date":"2023-06-08T11:40:20","date_gmt":"2023-06-09T15:46:11","guid":{"rendered":"https:\/\/factory.sale\/?post_type=product&#038;p=28865"},"modified":"2024-06-25T11:49:50","modified_gmt":"2024-06-25T11:49:50","slug":"gpad-e-toukeratas-joyride-eco-11ah","status":"publish","type":"product","link":"https:\/\/factory.sale\/et\/toode\/gpad-e-toukeratas-joyride-eco-11ah\/","title":{"rendered":"GPad e-t\u00f5ukeratas Joyride Eco 11Ah"},"content":{"rendered":"<p><strong>SKU: KSJY320<\/strong><\/p>\n<p>&nbsp;<\/p>\n<p>Joyride&#8217;i iseloom on selle nimes \u2013 r\u00f5\u00f5m s\u00f5itmisest. \u00c4rge laske end petta selle lihtsa kujunduse poolest, see on t\u00e4is funktsioone, mis on tavaliselt k\u00e4ttesaadavad vaid kallimates t\u00f5ukeratastest.<\/p>\n<p>Joyridega on lihtne tasakaalu hoida ja paneb teid end tundma turvaliselt nii k\u00f5rgetel kui ka aeglastel kiirustel. Astumisplaat on piisavalt lai, et toetada k\u00f5rvuti seisvaid jalgu.<\/p>\n<p>10-tollised tippklassi CST-rehvid ja tagumine ketaspidur tagavad hea haarduvuse. Esi vedrustus ja \u00f5hkrehvid neutraliseerivad konarused ja vibratsiooni. T\u00e4nu esituledele, tagatuledele, piduritulele ja k\u00fcljereflektoritele olete teistele liiklejatele n\u00e4htav.<\/p>\n<p>Joyride on kokkupandav t\u00f5ukeratas &#8211; see saab kiiresti kokku panna, et s\u00e4\u00e4sta ruumi hoiustamiseks, \u00fchistranspordis v\u00f5i auto pagasiruumis. M\u00f5lemad juhtrauad saab samuti kokku panna, muutes selle t\u00f5esti v\u00e4ga kompaktseks. Saadaval on ka fikseeritud T-t\u00fc\u00fcpi juhtraud. Juhtraua k\u00f5rgust saab reguleerida kiirlukuga.<\/p>\n<p>Joyride&#8217;i j\u00f5udlus on optimeeritud pikkadeks linnas\u00f5itudeks, mis v\u00f5imaldab \u00fchel laadimisel s\u00f5ita kuni 50 km (s\u00f5ltuvalt mudelist). 36V \/ 350W (Joyride Eco) ja 48V \/ 500W (Joyride ja Joyride Max) mootorid koos 10Ah (Joyride Eco), 13Ah (Joyride) v\u00f5i 17.5Ah (Joyride Max) akudega pakuvad kiirenduses ja \u00fclesm\u00e4ge palju v\u00f5imsust. Tippkiirus 35 km\/h on oluliselt rohkem kui tehases piiratud 25 km\/h, mis on koosk\u00f5las ELi regulatsiooniga. Ekraanil saab m\u00e4\u00e4rata 3 kiirust, jalutusk\u00e4igust kuni tipp pendelkiiruseni. T\u00f5ukeratast saab seada toetama nullist alustamist ja p\u00fcsikiiruse hoidjat.<\/p>\n<p>T\u00f5ukeratta kasutamine on lihtne: l\u00fclitage sisse, l\u00fckake see liikumiseks ja t\u00f5mmake paremal k\u00e4el oleva nimetiss\u00f5rmega gaasi. Pidurikang on vasakul, samuti tuled ja nupud.<\/p>\n<p>T\u00f5ukeratta laadimine v\u00f5tab tavap\u00e4rase laadijaga 0\u2013100% laadimisel umbes 7 tundi. Laadimisport asub astumisplaadi ees vasakus nurgas. Porti katab kork ja on oluline, et see oleks kogu aeg tihedalt peal.<\/p>\n<p>Kaaludes ainult 15 kg, on Joyride&#8217;i kerge kokku panna ja kaasas kanda. See pakub hulgaliselt r\u00f5\u00f5mu s\u00f5idukogemusest, olles samal ajal t\u00f5sine masinav\u00e4rk, mis ei j\u00e4ta teid tee \u00e4\u00e4rde. Joyride on m\u00f5eldud k\u00f5igile suurest perest.<\/p>\n<p>GPad Joyride&#8217;iga s\u00f5ites soovitame kanda kiivrit!<\/p>\n<p>&nbsp;<\/p>\n<p>&nbsp;<\/p>\n<p>&nbsp;<\/p>\n<p><strong>Spetsifikatsioonid:\u00a0<\/strong><\/p>\n<p>&nbsp;<\/p>\n<div id=\"content_tab_additional_information\" class=\"tab-content tab-additional_information\">\n<div class=\"tab-content-inner\">\n<div class=\"tab-content-scroll\">\n<table class=\"woocommerce-product-attributes shop_attributes\" width=\"900\">\n<tbody>\n<tr class=\"woocommerce-product-attributes-item woocommerce-product-attributes-item--attribute_pa_varv\">\n<th class=\"woocommerce-product-attributes-item__label\">V\u00c4RV<\/th>\n<td class=\"woocommerce-product-attributes-item__value\">must, valge<\/td>\n<\/tr>\n<tr class=\"woocommerce-product-attributes-item woocommerce-product-attributes-item--attribute_pa_top-speed\">\n<th class=\"woocommerce-product-attributes-item__label\">KIIRUS<\/th>\n<td class=\"woocommerce-product-attributes-item__value\">35<\/td>\n<\/tr>\n<tr class=\"woocommerce-product-attributes-item woocommerce-product-attributes-item--attribute_pa_top-speed-limited\">\n<th class=\"woocommerce-product-attributes-item__label\">TIPPKIIRUS PIIRATUD<\/th>\n<td class=\"woocommerce-product-attributes-item__value\">25<\/td>\n<\/tr>\n<tr class=\"woocommerce-product-attributes-item woocommerce-product-attributes-item--attribute_pa_max-load-cap\">\n<th class=\"woocommerce-product-attributes-item__label\">MAX. KANDEV\u00d5IME<\/th>\n<td class=\"woocommerce-product-attributes-item__value\">120<\/td>\n<\/tr>\n<tr class=\"woocommerce-product-attributes-item woocommerce-product-attributes-item--attribute_pa_tyre-size-inch\">\n<th class=\"woocommerce-product-attributes-item__label\">REHVIDE SUURUS TOLLIDES<\/th>\n<td class=\"woocommerce-product-attributes-item__value\">10<\/td>\n<\/tr>\n<tr class=\"woocommerce-product-attributes-item woocommerce-product-attributes-item--attribute_pa_tyre-size-cm\">\n<th class=\"woocommerce-product-attributes-item__label\">REHVI SUURUS-CM<\/th>\n<td class=\"woocommerce-product-attributes-item__value\">25<\/td>\n<\/tr>\n<tr class=\"woocommerce-product-attributes-item woocommerce-product-attributes-item--attribute_pa_tyre-type\">\n<th class=\"woocommerce-product-attributes-item__label\">REHVI T\u00dc\u00dcP<\/th>\n<td class=\"woocommerce-product-attributes-item__value\">Airtube<\/td>\n<\/tr>\n<tr class=\"woocommerce-product-attributes-item woocommerce-product-attributes-item--attribute_pa_driving-wheel\">\n<th class=\"woocommerce-product-attributes-item__label\">JUHIRATAS<\/th>\n<td class=\"woocommerce-product-attributes-item__value\">\u00dcksik<\/td>\n<\/tr>\n<tr class=\"woocommerce-product-attributes-item woocommerce-product-attributes-item--attribute_pa_motor-power\">\n<th class=\"woocommerce-product-attributes-item__label\">MOOTORI V\u00d5IMSUS<\/th>\n<td class=\"woocommerce-product-attributes-item__value\">500<\/td>\n<\/tr>\n<tr class=\"woocommerce-product-attributes-item woocommerce-product-attributes-item--attribute_pa_battery-volt\">\n<th class=\"woocommerce-product-attributes-item__label\">AKU-VOLT<\/th>\n<td class=\"woocommerce-product-attributes-item__value\">36<\/td>\n<\/tr>\n<tr class=\"woocommerce-product-attributes-item woocommerce-product-attributes-item--attribute_pa_battery-amps\">\n<th class=\"woocommerce-product-attributes-item__label\">AKU-AMPS<\/th>\n<td class=\"woocommerce-product-attributes-item__value\">10<\/td>\n<\/tr>\n<tr class=\"woocommerce-product-attributes-item woocommerce-product-attributes-item--attribute_pa_battery-cap\">\n<th class=\"woocommerce-product-attributes-item__label\">AKU-CAP<\/th>\n<td class=\"woocommerce-product-attributes-item__value\">360<\/td>\n<\/tr>\n<tr class=\"woocommerce-product-attributes-item woocommerce-product-attributes-item--attribute_pa_battery-type\">\n<th class=\"woocommerce-product-attributes-item__label\">AKU T\u00dc\u00dcP<\/th>\n<td class=\"woocommerce-product-attributes-item__value\">Li-ion<\/td>\n<\/tr>\n<tr class=\"woocommerce-product-attributes-item woocommerce-product-attributes-item--attribute_pa_charger-volt\">\n<th class=\"woocommerce-product-attributes-item__label\">AKU-VOLT 36<\/th>\n<td class=\"woocommerce-product-attributes-item__value\">42<\/td>\n<\/tr>\n<tr class=\"woocommerce-product-attributes-item woocommerce-product-attributes-item--attribute_pa_charger-amp\">\n<th class=\"woocommerce-product-attributes-item__label\">LAADIJA-KORK<\/th>\n<td class=\"woocommerce-product-attributes-item__value\">2<\/td>\n<\/tr>\n<tr class=\"woocommerce-product-attributes-item woocommerce-product-attributes-item--attribute_pa_charge-time\">\n<th class=\"woocommerce-product-attributes-item__label\">LAADIMISAEG-h<\/th>\n<td class=\"woocommerce-product-attributes-item__value\">5<\/td>\n<\/tr>\n<tr class=\"woocommerce-product-attributes-item woocommerce-product-attributes-item--attribute_pa_front-brake\">\n<th class=\"woocommerce-product-attributes-item__label\">USB<\/th>\n<td class=\"woocommerce-product-attributes-item__value\">Jah<\/td>\n<\/tr>\n<tr class=\"woocommerce-product-attributes-item woocommerce-product-attributes-item--attribute_pa_rear-brake\">\n<th class=\"woocommerce-product-attributes-item__label\">TAGAPIDUR<\/th>\n<td class=\"woocommerce-product-attributes-item__value\">disk<\/td>\n<\/tr>\n<tr class=\"woocommerce-product-attributes-item woocommerce-product-attributes-item--attribute_pa_folding-handle\">\n<th class=\"woocommerce-product-attributes-item__label\">KOKKUPANDAV K\u00c4EPIDE<\/th>\n<td class=\"woocommerce-product-attributes-item__value\">Jah<\/td>\n<\/tr>\n<tr class=\"woocommerce-product-attributes-item woocommerce-product-attributes-item--attribute_pa_handle-height\">\n<th class=\"woocommerce-product-attributes-item__label\">K\u00c4EPIDEME K\u00d5RGUS<\/th>\n<td class=\"woocommerce-product-attributes-item__value\">960<\/td>\n<\/tr>\n<tr class=\"woocommerce-product-attributes-item woocommerce-product-attributes-item--attribute_pa_handle-max-height\">\n<th class=\"woocommerce-product-attributes-item__label\">K\u00c4EPIDEME MAX. K\u00d5RGUS<\/th>\n<td class=\"woocommerce-product-attributes-item__value\">1260<\/td>\n<\/tr>\n<tr class=\"woocommerce-product-attributes-item woocommerce-product-attributes-item--attribute_pa_lights-front\">\n<th class=\"woocommerce-product-attributes-item__label\">ESITULED<\/th>\n<td class=\"woocommerce-product-attributes-item__value\">1 LED tuli<\/td>\n<\/tr>\n<tr class=\"woocommerce-product-attributes-item woocommerce-product-attributes-item--attribute_pa_lights-rear\">\n<th class=\"woocommerce-product-attributes-item__label\">TAGATULED<\/th>\n<td class=\"woocommerce-product-attributes-item__value\">Jah<\/td>\n<\/tr>\n<tr class=\"woocommerce-product-attributes-item woocommerce-product-attributes-item--attribute_pa_speed-lvls\">\n<th class=\"woocommerce-product-attributes-item__label\">KIIRUS \u2013 K\u00c4IGUD<\/th>\n<td class=\"woocommerce-product-attributes-item__value\">3<\/td>\n<\/tr>\n<tr class=\"woocommerce-product-attributes-item woocommerce-product-attributes-item--attribute_pa_cruise-ctrl\">\n<th class=\"woocommerce-product-attributes-item__label\">KRUIIS- KONTOLL<\/th>\n<td class=\"woocommerce-product-attributes-item__value\">Jah<\/td>\n<\/tr>\n<tr class=\"woocommerce-product-attributes-item woocommerce-product-attributes-item--attribute_pa_zero-start\">\n<th class=\"woocommerce-product-attributes-item__label\">NULL \u2013 START<\/th>\n<td class=\"woocommerce-product-attributes-item__value\">Jah<\/td>\n<\/tr>\n<tr class=\"woocommerce-product-attributes-item woocommerce-product-attributes-item--attribute_pa_dim-unfolded\">\n<th class=\"woocommerce-product-attributes-item__label\">M\u00d5\u00d5DUD \u2013 LAHTISELT<\/th>\n<td class=\"woocommerce-product-attributes-item__value\">150 x 550\u00a0x 1260<\/td>\n<\/tr>\n<tr class=\"woocommerce-product-attributes-item woocommerce-product-attributes-item--attribute_pa_dim-folded\">\n<th class=\"woocommerce-product-attributes-item__label\">M\u00d5\u00d5DUD-KOKKUPANDULT<\/th>\n<td class=\"woocommerce-product-attributes-item__value\">1070 x 190 x 400<\/td>\n<\/tr>\n<tr class=\"woocommerce-product-attributes-item woocommerce-product-attributes-item--attribute_pa_net-weight\">\n<th class=\"woocommerce-product-attributes-item__label\">KAAL<\/th>\n<td class=\"woocommerce-product-attributes-item__value\">15<\/td>\n<\/tr>\n<tr class=\"woocommerce-product-attributes-item woocommerce-product-attributes-item--attribute_pa_remote-ctrl\">\n<th class=\"woocommerce-product-attributes-item__label\">KAUGJUHTIMINE<\/th>\n<td class=\"woocommerce-product-attributes-item__value\">Ei<\/td>\n<\/tr>\n<tr class=\"woocommerce-product-attributes-item woocommerce-product-attributes-item--attribute_pa_bt-speakers\">\n<th class=\"woocommerce-product-attributes-item__label\">BT-K\u00d5LARID<\/th>\n<td class=\"woocommerce-product-attributes-item__value\">Ei<\/td>\n<\/tr>\n<tr class=\"woocommerce-product-attributes-item woocommerce-product-attributes-item--attribute_pa_display\">\n<th class=\"woocommerce-product-attributes-item__label\">EKRAAN<\/th>\n<td class=\"woocommerce-product-attributes-item__value\">Jah<\/td>\n<\/tr>\n<tr class=\"woocommerce-product-attributes-item woocommerce-product-attributes-item--attribute_pa_recommend-from-age\">\n<th class=\"woocommerce-product-attributes-item__label\">SOOVITUSLIK VANUS \u2013 ALATES<\/th>\n<td class=\"woocommerce-product-attributes-item__value\">14<\/td>\n<\/tr>\n<tr class=\"woocommerce-product-attributes-item woocommerce-product-attributes-item--attribute_pa_max-range-km\">\n<th class=\"woocommerce-product-attributes-item__label\">MAX. S\u00d5IDUULATUS \u2013 KM<\/th>\n<td class=\"woocommerce-product-attributes-item__value\">30<\/td>\n<\/tr>\n<\/tbody>\n<\/table>\n<\/div>\n<\/div>\n<\/div>\n","protected":false},"excerpt":{"rendered":"<p>Joyride&#8217;i iseloom on selle nimes \u2013 r\u00f5\u00f5m s\u00f5itmisest. \u00c4rge laske end petta selle lihtsa kujunduse poolest, see on t\u00e4is funktsioone, mis on tavaliselt k\u00e4ttesaadavad vaid kallimates t\u00f5ukeratastest.<\/p>\n","protected":false},"featured_media":28848,"comment_status":"open","ping_status":"closed","template":"","meta":{"_acf_changed":false},"factory":[],"free-shipment":[],"product_brand":[],"product_cat":[857,738],"product_tag":[],"class_list":{"0":"post-28865","1":"product","2":"type-product","3":"status-publish","4":"has-post-thumbnail","6":"product_cat-e-toukerattad-et","7":"product_cat-elektrilised-liikurid","9":"first","10":"instock","11":"sale","12":"taxable","13":"shipping-taxable","14":"purchasable","15":"product-type-simple"},"acf":[],"_links":{"self":[{"href":"https:\/\/factory.sale\/et\/wp-json\/wp\/v2\/product\/28865","targetHints":{"allow":["GET"]}}],"collection":[{"href":"https:\/\/factory.sale\/et\/wp-json\/wp\/v2\/product"}],"about":[{"href":"https:\/\/factory.sale\/et\/wp-json\/wp\/v2\/types\/product"}],"replies":[{"embeddable":true,"href":"https:\/\/factory.sale\/et\/wp-json\/wp\/v2\/comments?post=28865"}],"wp:featuredmedia":[{"embeddable":true,"href":"https:\/\/factory.sale\/et\/wp-json\/wp\/v2\/media\/28848"}],"wp:attachment":[{"href":"https:\/\/factory.sale\/et\/wp-json\/wp\/v2\/media?parent=28865"}],"wp:term":[{"taxonomy":"factory","embeddable":true,"href":"https:\/\/factory.sale\/et\/wp-json\/wp\/v2\/factory?post=28865"},{"taxonomy":"free-shipment","embeddable":true,"href":"https:\/\/factory.sale\/et\/wp-json\/wp\/v2\/free-shipment?post=28865"},{"taxonomy":"product_brand","embeddable":true,"href":"https:\/\/factory.sale\/et\/wp-json\/wp\/v2\/product_brand?post=28865"},{"taxonomy":"product_cat","embeddable":true,"href":"https:\/\/factory.sale\/et\/wp-json\/wp\/v2\/product_cat?post=28865"},{"taxonomy":"product_tag","embeddable":true,"href":"https:\/\/factory.sale\/et\/wp-json\/wp\/v2\/product_tag?post=28865"}],"curies":[{"name":"wp","href":"https:\/\/api.w.org\/{rel}","templated":true}]}}