{"id":28824,"date":"2023-06-08T09:24:00","date_gmt":"2023-06-08T09:49:45","guid":{"rendered":"https:\/\/factory.sale\/?post_type=product&#038;p=28824"},"modified":"2024-06-26T07:20:18","modified_gmt":"2024-06-26T07:20:18","slug":"gpad-e-toukeratas-svan-max-13ah","status":"publish","type":"product","link":"https:\/\/factory.sale\/et\/toode\/gpad-e-toukeratas-svan-max-13ah\/","title":{"rendered":"GPad e-t\u00f5ukeratas Svan Max 13Ah"},"content":{"rendered":"<p><strong>SKU: KSJY410-black (must)<\/strong><\/p>\n<p><strong>SKU: KSJY410 (punane, sinine, valge)<\/strong><\/p>\n<p>&nbsp;<\/p>\n<p>GPad Svan Max on kui kunstiteos omaette. Eristudes teistest t\u00f5ukeratastest kui s\u00e4rav t\u00e4ht massist, ei j\u00e4ta tema voolujooneline ning n\u00f5tke v\u00e4limus kedagi k\u00fclmaks. Kuid \u00e4rge laskem ennast heidutada tema silmipimestavast v\u00e4limusest. GPad Svan Max v\u00f5ib v\u00e4lja n\u00e4ha kui v\u00e4ike t\u00f5ukeratas, kuid tema sisu on midagi enamat. 8\u201c rattad j\u00f5uavad teid vedada kuhu iganes oma sihid seate. Lisades baasvarustusele juurde ka 5Ah lisaaku, v\u00f5ite oma s\u00f5idudistantsi pikendada kasv\u00f5i planeedilt Maa v\u00e4ljapoole. Vajadusel saab ka lisaaku t\u00f5ukeratta k\u00fcljest \u00e4ra v\u00f5tta ning mugavalt kas seljakotis v\u00f5i kapis hoiustada.<\/p>\n<p>Elektriline t\u00f5ukeratas Svan on varustatud lihtsa kokku voltimis s\u00fcsteemiga, mis muudab t\u00f5ukeratta kaasas kandmise \u00fclimalt lihtsaks ning mugavaks. Kas s\u00f5itmine \u00f5htupimeduses on probleemiks? Enam mitte! GPad Svan Max on varustatud juhtrauda integreeritud v\u00f5imeka LED lambiga. K\u00f5igele eelnevale lisaks, kasutatakse t\u00f5ukeratta rehvidena nn \u201ehoneycomb\u201c \u00fclesehitusega t\u00e4isrehve \u2013 mille purunemisv\u00f5imalus on ligil\u00e4hedane nullile! Unusta mured katkiste rehvidega ning kruiisi Svaniga kasv\u00f5i maailma l\u00f5ppu.<\/p>\n<p><strong>S\u00f5ites GPad Svan elektrit\u00f5ukerattaga, soovitame kanda kiivrit.<\/strong><\/p>\n<p>&nbsp;<\/p>\n<p><strong>Spetsifikatsioonid<\/strong>:<\/p>\n<table class=\"woocommerce-product-attributes shop_attributes\" style=\"height: 602px;\" width=\"747\">\n<tbody>\n<tr class=\"woocommerce-product-attributes-item woocommerce-product-attributes-item--0\">\n<th class=\"woocommerce-product-attributes-item__label\">Kaal<\/th>\n<td class=\"woocommerce-product-attributes-item__value\">14 kg<\/td>\n<\/tr>\n<tr class=\"woocommerce-product-attributes-item woocommerce-product-attributes-item--1\">\n<th class=\"woocommerce-product-attributes-item__label\">Tippkiirus (km\/h)<\/th>\n<td class=\"woocommerce-product-attributes-item__value\">25<\/td>\n<\/tr>\n<tr class=\"woocommerce-product-attributes-item woocommerce-product-attributes-item--2\">\n<th class=\"woocommerce-product-attributes-item__label\">M\u00f5\u00f5dud (kokkupakitult, mm)<\/th>\n<td class=\"woocommerce-product-attributes-item__value\">1000 x 440 x 465<\/td>\n<\/tr>\n<tr class=\"woocommerce-product-attributes-item woocommerce-product-attributes-item--3\">\n<th class=\"woocommerce-product-attributes-item__label\">Br\u00e4nd<\/th>\n<td class=\"woocommerce-product-attributes-item__value\">GPad<\/td>\n<\/tr>\n<tr class=\"woocommerce-product-attributes-item woocommerce-product-attributes-item--4\">\n<th class=\"woocommerce-product-attributes-item__label\">Aku pinge (V)<\/th>\n<td class=\"woocommerce-product-attributes-item__value\">36<\/td>\n<\/tr>\n<tr class=\"woocommerce-product-attributes-item woocommerce-product-attributes-item--5\">\n<th class=\"woocommerce-product-attributes-item__label\">T\u00f5usunurk (%)<\/th>\n<td class=\"woocommerce-product-attributes-item__value\">12<\/td>\n<\/tr>\n<tr class=\"woocommerce-product-attributes-item woocommerce-product-attributes-item--6\">\n<th class=\"woocommerce-product-attributes-item__label\">Kandev\u00f5ime (kg)<\/th>\n<td class=\"woocommerce-product-attributes-item__value\">100<\/td>\n<\/tr>\n<tr class=\"woocommerce-product-attributes-item woocommerce-product-attributes-item--7\">\n<th class=\"woocommerce-product-attributes-item__label\">Rehvi suurus (tolli)<\/th>\n<td class=\"woocommerce-product-attributes-item__value\">8<\/td>\n<\/tr>\n<tr class=\"woocommerce-product-attributes-item woocommerce-product-attributes-item--8\">\n<th class=\"woocommerce-product-attributes-item__label\">Rehvi suurus (cm)<\/th>\n<td class=\"woocommerce-product-attributes-item__value\">20<\/td>\n<\/tr>\n<tr class=\"woocommerce-product-attributes-item woocommerce-product-attributes-item--9\">\n<th class=\"woocommerce-product-attributes-item__label\">Rehvi T\u00fc\u00fcp<\/th>\n<td class=\"woocommerce-product-attributes-item__value\">K\u00e4rgrehv<\/td>\n<\/tr>\n<tr class=\"woocommerce-product-attributes-item woocommerce-product-attributes-item--10\">\n<th class=\"woocommerce-product-attributes-item__label\">Vedav Ratas<\/th>\n<td class=\"woocommerce-product-attributes-item__value\">\u00dcksvedu<\/td>\n<\/tr>\n<tr class=\"woocommerce-product-attributes-item woocommerce-product-attributes-item--11\">\n<th class=\"woocommerce-product-attributes-item__label\">Tagapidur<\/th>\n<td class=\"woocommerce-product-attributes-item__value\">Jalgpidur<\/td>\n<\/tr>\n<tr class=\"woocommerce-product-attributes-item woocommerce-product-attributes-item--12\">\n<th class=\"woocommerce-product-attributes-item__label\">Mootori v\u00f5imsus (W)<\/th>\n<td class=\"woocommerce-product-attributes-item__value\">350<\/td>\n<\/tr>\n<tr class=\"woocommerce-product-attributes-item woocommerce-product-attributes-item--13\">\n<th class=\"woocommerce-product-attributes-item__label\">Aku voolutugevus (A)<\/th>\n<td class=\"woocommerce-product-attributes-item__value\">13<\/td>\n<\/tr>\n<tr class=\"woocommerce-product-attributes-item woocommerce-product-attributes-item--14\">\n<th class=\"woocommerce-product-attributes-item__label\">Aku mahutavus (Wh)<\/th>\n<td class=\"woocommerce-product-attributes-item__value\">468<\/td>\n<\/tr>\n<tr class=\"woocommerce-product-attributes-item woocommerce-product-attributes-item--15\">\n<th class=\"woocommerce-product-attributes-item__label\">Aku T\u00fc\u00fcp<\/th>\n<td class=\"woocommerce-product-attributes-item__value\">Li-ion<\/td>\n<\/tr>\n<tr class=\"woocommerce-product-attributes-item woocommerce-product-attributes-item--16\">\n<th class=\"woocommerce-product-attributes-item__label\">Laadija pinge (V)<\/th>\n<td class=\"woocommerce-product-attributes-item__value\">42<\/td>\n<\/tr>\n<tr class=\"woocommerce-product-attributes-item woocommerce-product-attributes-item--17\">\n<th class=\"woocommerce-product-attributes-item__label\">Laadija voolutugevus (A)<\/th>\n<td class=\"woocommerce-product-attributes-item__value\">2<\/td>\n<\/tr>\n<tr class=\"woocommerce-product-attributes-item woocommerce-product-attributes-item--18\">\n<th class=\"woocommerce-product-attributes-item__label\">Laadimisaeg (h)<\/th>\n<td class=\"woocommerce-product-attributes-item__value\">4<\/td>\n<\/tr>\n<tr class=\"woocommerce-product-attributes-item woocommerce-product-attributes-item--19\">\n<th class=\"woocommerce-product-attributes-item__label\">Esipidur<\/th>\n<td class=\"woocommerce-product-attributes-item__value\">Elektrooniline<\/td>\n<\/tr>\n<\/tbody>\n<\/table>\n<table class=\"woocommerce-product-attributes shop_attributes\" style=\"height: 595px;\" width=\"749\">\n<tbody>\n<tr class=\"woocommerce-product-attributes-item woocommerce-product-attributes-item--0\">\n<th class=\"woocommerce-product-attributes-item__label\">S\u00f5idukaugus (km)<\/th>\n<td class=\"woocommerce-product-attributes-item__value\">40<\/td>\n<\/tr>\n<tr class=\"woocommerce-product-attributes-item woocommerce-product-attributes-item--1\">\n<th class=\"woocommerce-product-attributes-item__label\">Tippkiirus (piiratud, km\/h)<\/th>\n<td class=\"woocommerce-product-attributes-item__value\">25<\/td>\n<\/tr>\n<tr class=\"woocommerce-product-attributes-item woocommerce-product-attributes-item--2\">\n<th class=\"woocommerce-product-attributes-item__label\">M\u00f5\u00f5dud (s\u00f5iduvalmis, mm)<\/th>\n<td class=\"woocommerce-product-attributes-item__value\">1000 x 440 x 1185<\/td>\n<\/tr>\n<tr class=\"woocommerce-product-attributes-item woocommerce-product-attributes-item--3\">\n<th class=\"woocommerce-product-attributes-item__label\">Kokkuvolditav k\u00e4epide<\/th>\n<td class=\"woocommerce-product-attributes-item__value\">Ei<\/td>\n<\/tr>\n<tr class=\"woocommerce-product-attributes-item woocommerce-product-attributes-item--4\">\n<th class=\"woocommerce-product-attributes-item__label\">Lenksu max. k\u00f5rgus (cm)<\/th>\n<td class=\"woocommerce-product-attributes-item__value\">118<\/td>\n<\/tr>\n<tr class=\"woocommerce-product-attributes-item woocommerce-product-attributes-item--5\">\n<th class=\"woocommerce-product-attributes-item__label\">Esituled<\/th>\n<td class=\"woocommerce-product-attributes-item__value\">2 LED tuld<\/td>\n<\/tr>\n<tr class=\"woocommerce-product-attributes-item woocommerce-product-attributes-item--6\">\n<th class=\"woocommerce-product-attributes-item__label\">Tagatuled<\/th>\n<td class=\"woocommerce-product-attributes-item__value\">1 LED tuli<\/td>\n<\/tr>\n<tr class=\"woocommerce-product-attributes-item woocommerce-product-attributes-item--7\">\n<th class=\"woocommerce-product-attributes-item__label\">Kiiruseastmeid<\/th>\n<td class=\"woocommerce-product-attributes-item__value\">3<\/td>\n<\/tr>\n<tr class=\"woocommerce-product-attributes-item woocommerce-product-attributes-item--8\">\n<th class=\"woocommerce-product-attributes-item__label\">P\u00fcsikiirusehoidja<\/th>\n<td class=\"woocommerce-product-attributes-item__value\">Yes<\/td>\n<\/tr>\n<tr class=\"woocommerce-product-attributes-item woocommerce-product-attributes-item--9\">\n<th class=\"woocommerce-product-attributes-item__label\">Kohalt Start<\/th>\n<td class=\"woocommerce-product-attributes-item__value\">Jah<\/td>\n<\/tr>\n<tr class=\"woocommerce-product-attributes-item woocommerce-product-attributes-item--10\">\n<th class=\"woocommerce-product-attributes-item__label\">Gross Weight (kg)<\/th>\n<td class=\"woocommerce-product-attributes-item__value\">17.4<\/td>\n<\/tr>\n<tr class=\"woocommerce-product-attributes-item woocommerce-product-attributes-item--11\">\n<th class=\"woocommerce-product-attributes-item__label\">Esivedrustus<\/th>\n<td class=\"woocommerce-product-attributes-item__value\">Jah<\/td>\n<\/tr>\n<tr class=\"woocommerce-product-attributes-item woocommerce-product-attributes-item--12\">\n<th class=\"woocommerce-product-attributes-item__label\">Netokaal (kg)<\/th>\n<td class=\"woocommerce-product-attributes-item__value\">14<\/td>\n<\/tr>\n<tr class=\"woocommerce-product-attributes-item woocommerce-product-attributes-item--13\">\n<th class=\"woocommerce-product-attributes-item__label\">Kaugjuhitav<\/th>\n<td class=\"woocommerce-product-attributes-item__value\">Ei<\/td>\n<\/tr>\n<tr class=\"woocommerce-product-attributes-item woocommerce-product-attributes-item--14\">\n<th class=\"woocommerce-product-attributes-item__label\">Bluetooth K\u00f5larid<\/th>\n<td class=\"woocommerce-product-attributes-item__value\">ei<\/td>\n<\/tr>\n<tr class=\"woocommerce-product-attributes-item woocommerce-product-attributes-item--15\">\n<th class=\"woocommerce-product-attributes-item__label\">Displei<\/th>\n<td class=\"woocommerce-product-attributes-item__value\">Jah<\/td>\n<\/tr>\n<tr class=\"woocommerce-product-attributes-item woocommerce-product-attributes-item--16\">\n<th class=\"woocommerce-product-attributes-item__label\">\u00c4pp<\/th>\n<td class=\"woocommerce-product-attributes-item__value\">Jah<\/td>\n<\/tr>\n<tr class=\"woocommerce-product-attributes-item woocommerce-product-attributes-item--17\">\n<th class=\"woocommerce-product-attributes-item__label\">Soovituslik miinimumvanus<\/th>\n<td class=\"woocommerce-product-attributes-item__value\">14<\/td>\n<\/tr>\n<tr class=\"woocommerce-product-attributes-item woocommerce-product-attributes-item--18\">\n<th class=\"woocommerce-product-attributes-item__label\">Lenksu min. k\u00f5rgus (cm)<\/th>\n<td class=\"woocommerce-product-attributes-item__value\">118<\/td>\n<\/tr>\n<tr class=\"woocommerce-product-attributes-item woocommerce-product-attributes-item--19\">\n<th class=\"woocommerce-product-attributes-item__label\">V\u00e4rv<\/th>\n<td class=\"woocommerce-product-attributes-item__value\">Must, Punane, Sinine, Valge<\/td>\n<\/tr>\n<\/tbody>\n<\/table>\n","protected":false},"excerpt":{"rendered":"<p>GPad Svan Max on kui kunstiteos omaette. Eristudes teistest t\u00f5ukeratastest kui s\u00e4rav t\u00e4ht massist, ei j\u00e4ta tema voolujooneline ning n\u00f5tke v\u00e4limus kedagi k\u00fclmaks. Kuid \u00e4rge laskem ennast heidutada tema silmipimestavast v\u00e4limusest. GPad Svan Max v\u00f5ib v\u00e4lja n\u00e4ha kui v\u00e4ike t\u00f5ukeratas, kuid tema sisu on midagi enamat.<\/p>\n","protected":false},"featured_media":28827,"comment_status":"open","ping_status":"closed","template":"","meta":{"_acf_changed":false},"factory":[],"free-shipment":[],"product_brand":[],"product_cat":[857,738],"product_tag":[2057],"class_list":{"0":"post-28824","1":"product","2":"type-product","3":"status-publish","4":"has-post-thumbnail","6":"product_cat-e-toukerattad-et","7":"product_cat-elektrilised-liikurid","8":"product_tag-e-scooter-et","10":"first","11":"instock","12":"sale","13":"taxable","14":"shipping-taxable","15":"purchasable","16":"product-type-simple"},"acf":[],"_links":{"self":[{"href":"https:\/\/factory.sale\/et\/wp-json\/wp\/v2\/product\/28824","targetHints":{"allow":["GET"]}}],"collection":[{"href":"https:\/\/factory.sale\/et\/wp-json\/wp\/v2\/product"}],"about":[{"href":"https:\/\/factory.sale\/et\/wp-json\/wp\/v2\/types\/product"}],"replies":[{"embeddable":true,"href":"https:\/\/factory.sale\/et\/wp-json\/wp\/v2\/comments?post=28824"}],"wp:featuredmedia":[{"embeddable":true,"href":"https:\/\/factory.sale\/et\/wp-json\/wp\/v2\/media\/28827"}],"wp:attachment":[{"href":"https:\/\/factory.sale\/et\/wp-json\/wp\/v2\/media?parent=28824"}],"wp:term":[{"taxonomy":"factory","embeddable":true,"href":"https:\/\/factory.sale\/et\/wp-json\/wp\/v2\/factory?post=28824"},{"taxonomy":"free-shipment","embeddable":true,"href":"https:\/\/factory.sale\/et\/wp-json\/wp\/v2\/free-shipment?post=28824"},{"taxonomy":"product_brand","embeddable":true,"href":"https:\/\/factory.sale\/et\/wp-json\/wp\/v2\/product_brand?post=28824"},{"taxonomy":"product_cat","embeddable":true,"href":"https:\/\/factory.sale\/et\/wp-json\/wp\/v2\/product_cat?post=28824"},{"taxonomy":"product_tag","embeddable":true,"href":"https:\/\/factory.sale\/et\/wp-json\/wp\/v2\/product_tag?post=28824"}],"curies":[{"name":"wp","href":"https:\/\/api.w.org\/{rel}","templated":true}]}}