{"id":28818,"date":"2023-06-08T07:12:46","date_gmt":"2023-06-08T08:21:27","guid":{"rendered":"https:\/\/factory.sale\/?post_type=product&#038;p=28818"},"modified":"2024-06-27T21:48:40","modified_gmt":"2024-06-27T21:48:40","slug":"gpad-e-toukeratas-svan-8ah","status":"publish","type":"product","link":"https:\/\/factory.sale\/et\/toode\/gpad-e-toukeratas-svan-8ah\/","title":{"rendered":"Gpad e-t\u00f5ukeratas Svan 8Ah"},"content":{"rendered":"<p><strong>SKU: KSJY400-black (GPad Svan 8Ah, must)<\/strong><\/p>\n<p><strong>SKU: KSJY400 (GPad Svan 8Ah ( punane, sinine, valge))<\/strong><\/p>\n<p>&nbsp;<\/p>\n<p>&nbsp;<\/p>\n<p>GPad Svan on omaette ilu. See paistab silma nagu s\u00e4rav t\u00e4ht, olles k\u00f5ige silmapaistvam. Kuid \u00e4ra lase end v\u00e4limusest petta! GPad Svan v\u00f5ib n\u00e4ida v\u00e4ikese t\u00f5ukerattana, kuid tal on suur s\u00fcda. 8-tolline rattabaas viib sind sinna, kuhu soovid s\u00f5ita. Pikenda maksimaalset l\u00e4bis\u00f5itu t\u00e4iendava 5Ah akuga ja s\u00f5ida ehk isegi maailma l\u00f5ppu? Svanil on ka lihtne kokkupandav s\u00fcsteem, mis teeb kokkupanemise ja kandmise t\u00f5eliselt lihtsaks. Kas \u00f6\u00f6sel s\u00f5itmine tundub probleemne? Mitte enam! Svanil on \u00a0integreeritud v\u00f5imas LED-tuli. K\u00f5igele lisaks on Svanil niinimetatud &#8220;eluaja&#8221; kestvad rehvid &#8211; k\u00e4rgstruktuuriga rehvid. Unusta lamedad rehvid ja lihtsalt kruiisi Svaniga koos.<\/p>\n<p>GPad Svaniga s\u00f5ites soovitame k\u00f5igil kanda kiivrit!<\/p>\n<p>&nbsp;<\/p>\n<p>&nbsp;<\/p>\n<p><strong>Spetsifikatsioonid:\u00a0<\/strong><\/p>\n<p>&nbsp;<\/p>\n<div id=\"content_tab_additional_information\" class=\"tab-content tab-additional_information\">\n<div class=\"tab-content-inner\">\n<div class=\"tab-content-scroll\">\n<table class=\"woocommerce-product-attributes shop_attributes\" style=\"height: 2132px;\" width=\"900\">\n<tbody>\n<tr class=\"woocommerce-product-attributes-item woocommerce-product-attributes-item--attribute_pa_varv\">\n<th class=\"woocommerce-product-attributes-item__label\">V\u00c4RV<\/th>\n<td class=\"woocommerce-product-attributes-item__value\">must, sinine, punane, valge<\/td>\n<\/tr>\n<tr class=\"woocommerce-product-attributes-item woocommerce-product-attributes-item--attribute_pa_top-speed\">\n<th class=\"woocommerce-product-attributes-item__label\">KIIRUS<\/th>\n<td class=\"woocommerce-product-attributes-item__value\">25<\/td>\n<\/tr>\n<tr class=\"woocommerce-product-attributes-item woocommerce-product-attributes-item--attribute_pa_top-speed-limited\">\n<th class=\"woocommerce-product-attributes-item__label\">TIPPKIIRUS PIIRATUD<\/th>\n<td class=\"woocommerce-product-attributes-item__value\">25<\/td>\n<\/tr>\n<tr class=\"woocommerce-product-attributes-item woocommerce-product-attributes-item--attribute_pa_max-load-cap\">\n<th class=\"woocommerce-product-attributes-item__label\">MAX. KANDEV\u00d5IME<\/th>\n<td class=\"woocommerce-product-attributes-item__value\">120<\/td>\n<\/tr>\n<tr class=\"woocommerce-product-attributes-item woocommerce-product-attributes-item--attribute_pa_tyre-size-inch\">\n<th class=\"woocommerce-product-attributes-item__label\">REHVIDE SUURUS TOLLIDES<\/th>\n<td class=\"woocommerce-product-attributes-item__value\">8<\/td>\n<\/tr>\n<tr class=\"woocommerce-product-attributes-item woocommerce-product-attributes-item--attribute_pa_tyre-size-cm\">\n<th class=\"woocommerce-product-attributes-item__label\">REHVI SUURUS-CM<\/th>\n<td class=\"woocommerce-product-attributes-item__value\">20<\/td>\n<\/tr>\n<tr class=\"woocommerce-product-attributes-item woocommerce-product-attributes-item--attribute_pa_tyre-type\">\n<th class=\"woocommerce-product-attributes-item__label\">REHVI T\u00dc\u00dcP<\/th>\n<td class=\"woocommerce-product-attributes-item__value\">Honeycomb<\/td>\n<\/tr>\n<tr class=\"woocommerce-product-attributes-item woocommerce-product-attributes-item--attribute_pa_driving-wheel\">\n<th class=\"woocommerce-product-attributes-item__label\">JUHIRATAS<\/th>\n<td class=\"woocommerce-product-attributes-item__value\">\u00dcksik<\/td>\n<\/tr>\n<tr class=\"woocommerce-product-attributes-item woocommerce-product-attributes-item--attribute_pa_motor-power\">\n<th class=\"woocommerce-product-attributes-item__label\">MOOTORI V\u00d5IMSUS<\/th>\n<td class=\"woocommerce-product-attributes-item__value\">350<\/td>\n<\/tr>\n<tr class=\"woocommerce-product-attributes-item woocommerce-product-attributes-item--attribute_pa_battery-volt\">\n<th class=\"woocommerce-product-attributes-item__label\">AKU-VOLT<\/th>\n<td class=\"woocommerce-product-attributes-item__value\">36<\/td>\n<\/tr>\n<tr class=\"woocommerce-product-attributes-item woocommerce-product-attributes-item--attribute_pa_battery-amps\">\n<th class=\"woocommerce-product-attributes-item__label\">AKU-AMPS<\/th>\n<td class=\"woocommerce-product-attributes-item__value\">7.8<\/td>\n<\/tr>\n<tr class=\"woocommerce-product-attributes-item woocommerce-product-attributes-item--attribute_pa_battery-cap\">\n<th class=\"woocommerce-product-attributes-item__label\">AKU-CAP<\/th>\n<td class=\"woocommerce-product-attributes-item__value\">280<\/td>\n<\/tr>\n<tr class=\"woocommerce-product-attributes-item woocommerce-product-attributes-item--attribute_pa_battery-type\">\n<th class=\"woocommerce-product-attributes-item__label\">AKU T\u00dc\u00dcP<\/th>\n<td class=\"woocommerce-product-attributes-item__value\">Li-ion<\/td>\n<\/tr>\n<tr class=\"woocommerce-product-attributes-item woocommerce-product-attributes-item--attribute_pa_charger-volt\">\n<th class=\"woocommerce-product-attributes-item__label\">AKU-VOLT 36<\/th>\n<td class=\"woocommerce-product-attributes-item__value\">42<\/td>\n<\/tr>\n<tr class=\"woocommerce-product-attributes-item woocommerce-product-attributes-item--attribute_pa_charger-amp\">\n<th class=\"woocommerce-product-attributes-item__label\">LAADIJA-KORK<\/th>\n<td class=\"woocommerce-product-attributes-item__value\">2<\/td>\n<\/tr>\n<tr class=\"woocommerce-product-attributes-item woocommerce-product-attributes-item--attribute_pa_charge-time\">\n<th class=\"woocommerce-product-attributes-item__label\">LAADIMISAEG-h<\/th>\n<td class=\"woocommerce-product-attributes-item__value\">4<\/td>\n<\/tr>\n<tr class=\"woocommerce-product-attributes-item woocommerce-product-attributes-item--attribute_pa_front-brake\">\n<th class=\"woocommerce-product-attributes-item__label\">ESIPIDUR<\/th>\n<td class=\"woocommerce-product-attributes-item__value\">elektrooniline<\/td>\n<\/tr>\n<tr class=\"woocommerce-product-attributes-item woocommerce-product-attributes-item--attribute_pa_rear-brake\">\n<th class=\"woocommerce-product-attributes-item__label\">TAGAPIDUR<\/th>\n<td class=\"woocommerce-product-attributes-item__value\">jalgpidur<\/td>\n<\/tr>\n<tr class=\"woocommerce-product-attributes-item woocommerce-product-attributes-item--attribute_pa_folding-handle\">\n<th class=\"woocommerce-product-attributes-item__label\">KOKKUPANDAV K\u00c4EPIDE<\/th>\n<td class=\"woocommerce-product-attributes-item__value\">EI<\/td>\n<\/tr>\n<tr class=\"woocommerce-product-attributes-item woocommerce-product-attributes-item--attribute_pa_handle-height\">\n<th class=\"woocommerce-product-attributes-item__label\">K\u00c4EPIDEME K\u00d5RGUS<\/th>\n<td class=\"woocommerce-product-attributes-item__value\">1185<\/td>\n<\/tr>\n<tr class=\"woocommerce-product-attributes-item woocommerce-product-attributes-item--attribute_pa_handle-max-height\">\n<th class=\"woocommerce-product-attributes-item__label\">K\u00c4EPIDEME MAX. K\u00d5RGUS<\/th>\n<td class=\"woocommerce-product-attributes-item__value\">1185<\/td>\n<\/tr>\n<tr class=\"woocommerce-product-attributes-item woocommerce-product-attributes-item--attribute_pa_lights-front\">\n<th class=\"woocommerce-product-attributes-item__label\">ESITULED<\/th>\n<td class=\"woocommerce-product-attributes-item__value\">2 LED tuled<\/td>\n<\/tr>\n<tr class=\"woocommerce-product-attributes-item woocommerce-product-attributes-item--attribute_pa_lights-rear\">\n<th class=\"woocommerce-product-attributes-item__label\">TAGATULED<\/th>\n<td class=\"woocommerce-product-attributes-item__value\">1 LED tuled<\/td>\n<\/tr>\n<tr class=\"woocommerce-product-attributes-item woocommerce-product-attributes-item--attribute_pa_speed-lvls\">\n<th class=\"woocommerce-product-attributes-item__label\">KIIRUS &#8211; K\u00c4IGUD<\/th>\n<td class=\"woocommerce-product-attributes-item__value\">3<\/td>\n<\/tr>\n<tr class=\"woocommerce-product-attributes-item woocommerce-product-attributes-item--attribute_pa_cruise-ctrl\">\n<th class=\"woocommerce-product-attributes-item__label\">KRUIIS- KONTOLL<\/th>\n<td class=\"woocommerce-product-attributes-item__value\">Jah<\/td>\n<\/tr>\n<tr class=\"woocommerce-product-attributes-item woocommerce-product-attributes-item--attribute_pa_zero-start\">\n<th class=\"woocommerce-product-attributes-item__label\">NULL &#8211; START<\/th>\n<td class=\"woocommerce-product-attributes-item__value\">Ja<\/td>\n<\/tr>\n<tr class=\"woocommerce-product-attributes-item woocommerce-product-attributes-item--attribute_pa_dim-unfolded\">\n<th class=\"woocommerce-product-attributes-item__label\">M\u00d5\u00d5DUD &#8211; LAHTISELT<\/th>\n<td class=\"woocommerce-product-attributes-item__value\">1000 x 440 x 1185<\/td>\n<\/tr>\n<tr class=\"woocommerce-product-attributes-item woocommerce-product-attributes-item--attribute_pa_dim-folded\">\n<th class=\"woocommerce-product-attributes-item__label\">M\u00d5\u00d5DUD-KOKKUPANDULT<\/th>\n<td class=\"woocommerce-product-attributes-item__value\">1000 x 440 x 465<\/td>\n<\/tr>\n<tr class=\"woocommerce-product-attributes-item woocommerce-product-attributes-item--attribute_pa_net-weight\">\n<th class=\"woocommerce-product-attributes-item__label\">KAAL<\/th>\n<td class=\"woocommerce-product-attributes-item__value\">12<\/td>\n<\/tr>\n<tr class=\"woocommerce-product-attributes-item woocommerce-product-attributes-item--attribute_pa_remote-ctrl\">\n<th class=\"woocommerce-product-attributes-item__label\">KAUGJUHTIMINE<\/th>\n<td class=\"woocommerce-product-attributes-item__value\">Ei<\/td>\n<\/tr>\n<tr class=\"woocommerce-product-attributes-item woocommerce-product-attributes-item--attribute_pa_bt-speakers\">\n<th class=\"woocommerce-product-attributes-item__label\">BT-K\u00d5LARID<\/th>\n<td class=\"woocommerce-product-attributes-item__value\">Ei<\/td>\n<\/tr>\n<tr class=\"woocommerce-product-attributes-item woocommerce-product-attributes-item--attribute_pa_display\">\n<th class=\"woocommerce-product-attributes-item__label\">EKRAAN<\/th>\n<td class=\"woocommerce-product-attributes-item__value\">Jah<\/td>\n<\/tr>\n<tr class=\"woocommerce-product-attributes-item woocommerce-product-attributes-item--attribute_pa_recommend-from-age\">\n<th class=\"woocommerce-product-attributes-item__label\">SOOVITUSLIK VANUS &#8211; ALATES<\/th>\n<td class=\"woocommerce-product-attributes-item__value\">14<\/td>\n<\/tr>\n<tr class=\"woocommerce-product-attributes-item woocommerce-product-attributes-item--attribute_pa_max-range-km\">\n<th class=\"woocommerce-product-attributes-item__label\">MAX. S\u00d5IDUULATUS &#8211; KM<\/th>\n<td class=\"woocommerce-product-attributes-item__value\">25<\/td>\n<\/tr>\n<\/tbody>\n<\/table>\n<\/div>\n<\/div>\n<\/div>\n","protected":false},"excerpt":{"rendered":"<p>GPad Svan on omaette ilu. See paistab silma nagu s\u00e4rav t\u00e4ht, olles k\u00f5ige silmapaistvam. Kuid \u00e4ra lase end v\u00e4limusest petta! GPad Svan v\u00f5ib n\u00e4ida v\u00e4ikese t\u00f5ukerattana, kuid tal on suur s\u00fcda. 8-tolline rattabaas viib sind sinna, kuhu soovid s\u00f5ita. Pikenda maksimaalset l\u00e4bis\u00f5itu t\u00e4iendava 5Ah akuga ja s\u00f5ida ehk isegi maailma l\u00f5ppu? Svanil on ka lihtne kokkupandav s\u00fcsteem, mis teeb kokkupanemise ja kandmise t\u00f5eliselt lihtsaks.<\/p>\n","protected":false},"featured_media":28806,"comment_status":"open","ping_status":"closed","template":"","meta":{"_acf_changed":false},"factory":[],"free-shipment":[],"product_brand":[],"product_cat":[857,738],"product_tag":[2057],"class_list":{"0":"post-28818","1":"product","2":"type-product","3":"status-publish","4":"has-post-thumbnail","6":"product_cat-e-toukerattad-et","7":"product_cat-elektrilised-liikurid","8":"product_tag-e-scooter-et","10":"first","11":"instock","12":"sale","13":"taxable","14":"shipping-taxable","15":"purchasable","16":"product-type-simple"},"acf":[],"_links":{"self":[{"href":"https:\/\/factory.sale\/et\/wp-json\/wp\/v2\/product\/28818","targetHints":{"allow":["GET"]}}],"collection":[{"href":"https:\/\/factory.sale\/et\/wp-json\/wp\/v2\/product"}],"about":[{"href":"https:\/\/factory.sale\/et\/wp-json\/wp\/v2\/types\/product"}],"replies":[{"embeddable":true,"href":"https:\/\/factory.sale\/et\/wp-json\/wp\/v2\/comments?post=28818"}],"wp:featuredmedia":[{"embeddable":true,"href":"https:\/\/factory.sale\/et\/wp-json\/wp\/v2\/media\/28806"}],"wp:attachment":[{"href":"https:\/\/factory.sale\/et\/wp-json\/wp\/v2\/media?parent=28818"}],"wp:term":[{"taxonomy":"factory","embeddable":true,"href":"https:\/\/factory.sale\/et\/wp-json\/wp\/v2\/factory?post=28818"},{"taxonomy":"free-shipment","embeddable":true,"href":"https:\/\/factory.sale\/et\/wp-json\/wp\/v2\/free-shipment?post=28818"},{"taxonomy":"product_brand","embeddable":true,"href":"https:\/\/factory.sale\/et\/wp-json\/wp\/v2\/product_brand?post=28818"},{"taxonomy":"product_cat","embeddable":true,"href":"https:\/\/factory.sale\/et\/wp-json\/wp\/v2\/product_cat?post=28818"},{"taxonomy":"product_tag","embeddable":true,"href":"https:\/\/factory.sale\/et\/wp-json\/wp\/v2\/product_tag?post=28818"}],"curies":[{"name":"wp","href":"https:\/\/api.w.org\/{rel}","templated":true}]}}