{"id":28798,"date":"2023-06-07T10:17:03","date_gmt":"2023-06-07T10:39:02","guid":{"rendered":"https:\/\/factory.sale\/?post_type=product&#038;p=28798"},"modified":"2024-06-27T20:13:28","modified_gmt":"2024-06-27T20:13:28","slug":"e-jalgratas-oolter-torm-sm","status":"publish","type":"product","link":"https:\/\/factory.sale\/et\/toode\/e-jalgratas-oolter-torm-sm\/","title":{"rendered":"E-jalgratas Oolter Torm S,M"},"content":{"rendered":"<p><strong>SKU: EBOT110<\/strong><\/p>\n<p>&nbsp;<\/p>\n<p><strong>MIS ON TORM S &#8211; MAANTE STIILIS?<\/strong><\/p>\n<p>&nbsp;<\/p>\n<p><img loading=\"lazy\" decoding=\"async\" class=\"alignnone  wp-image-28787\" src=\"https:\/\/factory.sale\/wp-content\/uploads\/2023\/06\/torm-S-300x98.png\" alt=\"\" width=\"958\" height=\"313\" srcset=\"https:\/\/factory.sale\/wp-content\/uploads\/2023\/06\/torm-S-300x98.png 300w, https:\/\/factory.sale\/wp-content\/uploads\/2023\/06\/torm-S-1024x334.png 1024w, https:\/\/factory.sale\/wp-content\/uploads\/2023\/06\/torm-S-150x49.png 150w, https:\/\/factory.sale\/wp-content\/uploads\/2023\/06\/torm-S-1536x501.png 1536w, https:\/\/factory.sale\/wp-content\/uploads\/2023\/06\/torm-S-2048x668.png 2048w, https:\/\/factory.sale\/wp-content\/uploads\/2023\/06\/torm-S-600x196.png 600w\" sizes=\"auto, (max-width: 958px) 100vw, 958px\" \/><\/p>\n<p>Torm S t\u00e4histab Tormi sportlikku versiooni, millel on tilgakujulised juhtrauad, suur ekraan ja sportlikud 700C\/25C rehvid. See ratas pole &#8220;istu tagasi ja l\u00f5\u00f5gastu&#8221; t\u00fc\u00fcpi ratas, pigem nagu steroididega t\u00e4idetud maantee ratas. Ainult 18 kg kaalu t\u00f5ttu on seda lihtne k\u00e4sitseda nii s\u00f5itmise ajal kui ka hoiustamiseks v\u00f5i laadimiseks.<\/p>\n<p>See on m\u00f5eldud aktiivsele linnas liikujale ja sobib h\u00e4sti m\u00f5lemale soole.<\/p>\n<p>&nbsp;<\/p>\n<p><strong>TORM S on inimestele, kes:<\/strong><\/p>\n<ul>\n<li>soovivad iga p\u00e4ev l\u00e4bida natuke pikemaid vahemaid<\/li>\n<li>hindavad lihtsa ja puhta disainiga ratast<\/li>\n<li>naudib aega \u00f5ues, et p\u00fcsida vormis<\/li>\n<\/ul>\n<p>&nbsp;<\/p>\n<p><strong>STIILNE JA MUGAV<\/strong><\/p>\n<p>Sellel rattal on iseloom, mis paistab silma. Minimalistlikuna n\u00e4hes peidab see siiski integreeritud elektroonikat ja pakub s\u00f5itjale \u00fcllatavat j\u00f5uimpulssi.<\/p>\n<p><strong>Torm S on saadaval kahe erineva v\u00e4rvitooniga koos kauni ornamentiga.<\/strong> L\u00e4ikiv valge ja mati musta ornamendiga disain n\u00e4eb v\u00e4lja nii elegantne kui ka silmatorkav.<\/p>\n<p>&nbsp;<\/p>\n<p><strong>VALI KIIRUS JA PEDAALIDE ABI TASE<\/strong><\/p>\n<p>S\u00f5idukogemus on suurep\u00e4rane t\u00e4nu heale raamigeomeetria ja sujuvale v\u00e4\u00e4ndemomendianduril p\u00f5hinevale 5-tasemelisele pedaalide abis\u00fcsteemile. Ratas on 9-k\u00e4iguline, mis v\u00f5imaldab erinevate teeolude jaoks sobivat k\u00e4iku vahetada. T\u00e4nu madalale veeretakistusele ja mootori takistusele on ratast lihtne l\u00fckata kiirustele, mis \u00fcletavad pedaalide abi taset 25 km\/h.<\/p>\n<p>&nbsp;<\/p>\n<p><strong>PIISAVALT ULATUST LINNAS\u00d5ITUDEKS<\/strong><\/p>\n<p>Torm S-l on 7Ah sisseehitatud Panasonicu aku. Ulatus v\u00f5ib olla kuni 80 km, s\u00f5ltuvalt paljudest aspektidest, nagu pedaalide abitase (0-5), maastik, tuul, temperatuur, s\u00f5idustiil, kiirus jne. Aku annab enamiku vajaduste rahuldamiseks piisavalt energiat tavalise igap\u00e4evase pendeldamise korral.<\/p>\n<p>&nbsp;<\/p>\n<p><strong>T\u00d5HUSAD KETASPIDURID<\/strong><\/p>\n<p>Torm S on valmis premium-klassi jalgrattakomponentide, nagu Shimano jms jaoks. Sellel on Shimano k\u00e4iguvahetaja ja kassett. Ketaspidurid muudavad ratta juhtimise t\u00e4psemaks ja ohutumaks isegi k\u00f5rgematel kiirustel.<\/p>\n<p>&nbsp;<\/p>\n<p><strong>Lisainformatsioon:<\/strong><\/p>\n<ul>\n<li>Maksimaalne kiirus pedaalide abiga: 25 km\/h<\/li>\n<li>Ulatuvus: kuni 80 km*<\/li>\n<li>Maksimaalne koormus: 120 kg<\/li>\n<li>Raam: Alumiiniumisulam 6061<\/li>\n<li>Pidurid: Eesmised ja tagumised ketaspidurid<\/li>\n<li>Kassett: Shimano HGSO-9 (11-25T)<\/li>\n<li>Tagumine k\u00e4iguvahetaja: Shimano Sora Medium 9-SP<\/li>\n<li>Mootor: Otsene tagumise naba ajam, 250 W<\/li>\n<li>Rehvid: Wanda 28\u2019 \/ 700C x 25<\/li>\n<li>Aku: Panasonic, 7Ah, 36 V DC<\/li>\n<li>Laadija: v\u00e4ljund 42 \/2A, sisend 100-240V<\/li>\n<li>Laadimisaeg: 3.5 h<\/li>\n<li>Soovitatav vanus: 14+<\/li>\n<li>Toote netokaal: 18 kg<\/li>\n<li>Raami suurus: M \/ L<\/li>\n<li>Sobib kasutaja pikkusele: M: 160 \u2013 180 cm, L: 175-190 cm<\/li>\n<li>Pedaalide abis\u00fcsteem: P\u00f6\u00f6rdemomendianduriga PAS, 5 abitaset<\/li>\n<li>K\u00e4igud: 9<\/li>\n<\/ul>\n<p>&nbsp;<\/p>\n<p><em>*Ulatus on hinnanguline, p\u00f5hinedes laboratoorsetel testidel kogukaaluga 75kg (koos ratta), sileda tee, temperatuur 23\u00b0C, tuul 2-3m\/s. Tegelikkuses s\u00f5ltub ulatus koormusest, s\u00f5idustiilist, tuulest, temperatuurist, maastikust ja k\u00f5nniteest, kiirusest, pedaalide abitase ja pedaalimise pingutusest.<\/em><\/p>\n<p>&nbsp;<\/p>\n<p>&nbsp;<\/p>\n<p><a href=\"https:\/\/factory.sale\/wp-content\/uploads\/2023\/06\/Oolter-v1.0-210x210-ENG.pdf\" target=\"_blank\" rel=\"noopener\">MANUAAL<\/a><\/p>\n","protected":false},"excerpt":{"rendered":"<p>Torm S t\u00e4histab Tormi sportlikku versiooni, millel on tilgakujulised juhtrauad, suur ekraan ja sportlikud 700C\/25C rehvid. See ratas pole &#8220;istu tagasi ja l\u00f5\u00f5gastu&#8221; t\u00fc\u00fcpi ratas, pigem nagu s\u00e4rtsakas maantee ratas. Ainult 18 kg kaalu t\u00f5ttu on sellega lihtne nii s\u00f5itmise ajal kui ka hoiustamisel v\u00f5i laadimisel.<\/p>\n<p><strong>TORM S on inimestele, kes:<\/strong><\/p>\n<ul>\n<li>soovivad iga p\u00e4ev l\u00e4bida natuke pikemaid vahemaid<\/li>\n<li>hindavad lihtsa ja puhta disainiga ratast<\/li>\n<li>naudib aega \u00f5ues, et p\u00fcsida vormis<\/li>\n<\/ul>\n","protected":false},"featured_media":28790,"comment_status":"open","ping_status":"closed","template":"","meta":{"_acf_changed":false},"factory":[],"free-shipment":[],"product_brand":[],"product_cat":[2502,738],"product_tag":[],"class_list":{"0":"post-28798","1":"product","2":"type-product","3":"status-publish","4":"has-post-thumbnail","6":"product_cat-e-jalgratas","7":"product_cat-elektrilised-liikurid","9":"first","10":"instock","11":"sale","12":"taxable","13":"shipping-taxable","14":"purchasable","15":"product-type-simple"},"acf":[],"_links":{"self":[{"href":"https:\/\/factory.sale\/et\/wp-json\/wp\/v2\/product\/28798","targetHints":{"allow":["GET"]}}],"collection":[{"href":"https:\/\/factory.sale\/et\/wp-json\/wp\/v2\/product"}],"about":[{"href":"https:\/\/factory.sale\/et\/wp-json\/wp\/v2\/types\/product"}],"replies":[{"embeddable":true,"href":"https:\/\/factory.sale\/et\/wp-json\/wp\/v2\/comments?post=28798"}],"wp:featuredmedia":[{"embeddable":true,"href":"https:\/\/factory.sale\/et\/wp-json\/wp\/v2\/media\/28790"}],"wp:attachment":[{"href":"https:\/\/factory.sale\/et\/wp-json\/wp\/v2\/media?parent=28798"}],"wp:term":[{"taxonomy":"factory","embeddable":true,"href":"https:\/\/factory.sale\/et\/wp-json\/wp\/v2\/factory?post=28798"},{"taxonomy":"free-shipment","embeddable":true,"href":"https:\/\/factory.sale\/et\/wp-json\/wp\/v2\/free-shipment?post=28798"},{"taxonomy":"product_brand","embeddable":true,"href":"https:\/\/factory.sale\/et\/wp-json\/wp\/v2\/product_brand?post=28798"},{"taxonomy":"product_cat","embeddable":true,"href":"https:\/\/factory.sale\/et\/wp-json\/wp\/v2\/product_cat?post=28798"},{"taxonomy":"product_tag","embeddable":true,"href":"https:\/\/factory.sale\/et\/wp-json\/wp\/v2\/product_tag?post=28798"}],"curies":[{"name":"wp","href":"https:\/\/api.w.org\/{rel}","templated":true}]}}