{"id":28780,"date":"2023-06-07T08:56:37","date_gmt":"2023-06-07T09:55:37","guid":{"rendered":"https:\/\/factory.sale\/?post_type=product&#038;p=28780"},"modified":"2024-06-27T18:44:04","modified_gmt":"2024-06-27T18:44:04","slug":"e-jalgratas-oolter-torm-m","status":"publish","type":"product","link":"https:\/\/factory.sale\/et\/toode\/e-jalgratas-oolter-torm-m\/","title":{"rendered":"E-jalgratas Oolter Torm M"},"content":{"rendered":"<p><strong>SKU: EBOT210<\/strong><\/p>\n<p><img loading=\"lazy\" decoding=\"async\" class=\"alignnone  wp-image-28778\" src=\"https:\/\/factory.sale\/wp-content\/uploads\/2023\/06\/torm-4-300x98.png\" alt=\"\" width=\"1163\" height=\"380\" srcset=\"https:\/\/factory.sale\/wp-content\/uploads\/2023\/06\/torm-4-300x98.png 300w, https:\/\/factory.sale\/wp-content\/uploads\/2023\/06\/torm-4-1024x334.png 1024w, https:\/\/factory.sale\/wp-content\/uploads\/2023\/06\/torm-4-150x49.png 150w, https:\/\/factory.sale\/wp-content\/uploads\/2023\/06\/torm-4-1536x501.png 1536w, https:\/\/factory.sale\/wp-content\/uploads\/2023\/06\/torm-4-2048x668.png 2048w, https:\/\/factory.sale\/wp-content\/uploads\/2023\/06\/torm-4-600x196.png 600w\" sizes=\"auto, (max-width: 1163px) 100vw, 1163px\" \/><\/p>\n<p>&nbsp;<\/p>\n<p><strong>MIS ON TORM?<\/strong><\/p>\n<p>Torm t\u00e4hendab tormi paljudes keeltes. See ei ole &#8220;l\u00f5\u00f5gastu ja naudi&#8221; t\u00fc\u00fcpi ratas. Torm on m\u00f5eldud aktiivsele linna liiklejale ja sobib suurep\u00e4raselt m\u00f5lemale soole.<\/p>\n<p>&nbsp;<\/p>\n<p><strong>Torm on inimestele, kes soovivad:<\/strong><\/p>\n<ul>\n<li>olla aktiivsed ja energilised,<\/li>\n<li>stiilset jalgratast, mis on mugav,<\/li>\n<li>liigelda keskkonnas\u00f5bralikult<\/li>\n<\/ul>\n<p>&nbsp;<\/p>\n<p><strong>STIILNE JA MUGAV<\/strong><\/p>\n<p>Ratta minimalistlik ja elegantne disain on pilkup\u00fc\u00fcdev. V\u00e4ljan\u00e4gemise j\u00e4rgi ei saa te kunagi aru, et teil on tegemist elektrirattaga.<\/p>\n<p><strong>Tormil on 2 erinevat silmapaistvat v\u00e4rvi:<\/strong> diskreetne matt must ja l\u00e4ikiv valge. (vaata pilte)<\/p>\n<p>&nbsp;<\/p>\n<p>&nbsp;<\/p>\n<p><strong>VALI KIIRUS JA PEDAALIDE ABISTAMISE TASE<\/strong><\/p>\n<p>Tormi elektroonika toodab pedaalide abis\u00fcsteemi, mis tundub loomulik, j\u00e4rgides sujuvalt s\u00f5itja kavatsusi. Selle loomuliku tunde peamine allikas tuleb intelligentsetest v\u00e4\u00e4ndemomendi anduritest all jalgratta raamis. Tagumine mootor toodab 40Nm p\u00f6\u00f6rdemomenti siis, kui seda k\u00f5ige rohkem vaja on &#8211; kiirendusel ja m\u00e4kket\u00f5usul. See on \u00fchendatud 9 mehaanilise k\u00e4iguga, mis on enam kui piisav enamiku linna marsruutide jaoks, mida te v\u00f5tate.<\/p>\n<p>Pedaalide abis\u00fcsteem aitab teil kuni 25 km\/h, kuid arvestades ratta kergust, on \u00fcle selle punkti kiirendamine lihtne.<\/p>\n<p>&nbsp;<\/p>\n<p><strong>PALJU ULATUST LINNAS\u00d5ITUDEKS<\/strong><\/p>\n<p>Tormil on integreeritud 7Ah Panasonicu aku, mis pakub kuni 80 km ulatust, s\u00f5ltuvalt paljudest aspektidest nagu pedaalide abistamise tase (0-5), maastik, tuul, temperatuur, s\u00f5idustiil, kiirus jne. Neile, kes muretsevad, kas nad saavad oma ratast kasutada, kui midagi juhtub akuga \u2013 aku on lihtsasti vahetatav. Ja s\u00f5it v\u00f5ib\u00a0j\u00e4tkuda.<\/p>\n<p>&nbsp;<\/p>\n<p><strong>T\u00d5HUSAD KETASPIDURID<\/strong><\/p>\n<p>Tormi esised ja tagumised ketaspidurid v\u00f5imaldavad ohutut pidurdamist. Pidureid on lihtne reguleerida ja hooldada. Ratas on suurep\u00e4rane t\u00e4ienduste jaoks, kuna see on t\u00e4ielikult valmis Shimano komponentide jaoks.<\/p>\n<p>&nbsp;<\/p>\n<p><strong>Lisainfo:<\/strong><\/p>\n<ul>\n<li>Maksimaalne kiirus pedaalide abil: 25 km\/h<\/li>\n<li>S\u00f5iduulatus: kuni 80km*<\/li>\n<li>Maksimaalne koormus: 120 kg<\/li>\n<li>Raam: alumiiniumsulam 6061<\/li>\n<li>Pidurid: esimene ja tagumine ketaspidurid<\/li>\n<li>Kassett: 9-kiiruseline (11-32T)<\/li>\n<li>Mootor: otseveoga tagumine naba mootor, 250 W<\/li>\n<li>Rehvid: Wanda 28&#8242; \/ 700C x 32<\/li>\n<li>Aku: Panasonic, 7Ah, 36 V DC<\/li>\n<li>Laadija: v\u00e4ljund 42 \/2A, sisend 100-240V<\/li>\n<li>Laadimisaeg: 3.5 h<\/li>\n<li>Soovitatav vanus: 14+<\/li>\n<li>Toote netokaal: 18 kg<\/li>\n<li>Raami suurus: M \/ L<\/li>\n<li>Suurus sobib kasutaja k\u00f5rgusele: M: 160 \u2013 180 cm, L: 175-190 cm<\/li>\n<li>Pedaalide abis\u00fcsteem: v\u00e4\u00e4ndemomendi tundlik PAS 5 abistamistasemega<\/li>\n<li>K\u00e4igud: 9<\/li>\n<\/ul>\n<p>&nbsp;<\/p>\n<p><em>*S\u00f5iduulatuse hinnang p\u00f5hineb laborikatsetel, mille kogukaal on 75 kg (sealhulgas ratas), tasane tee, temperatuur 23\u00b0C, tuul 2-3m\/s. Tegelikult s\u00f5ltub s\u00f5iduulatus koormusest, s\u00f5idustiilist, tuulest, temperatuurist, maastikust ja s\u00f5iduteest, kiirusest, pedaalide abitasemest ja pedaalimise pingutusest.<\/em><\/p>\n<p>&nbsp;<\/p>\n<p><a href=\"https:\/\/factory.sale\/wp-content\/uploads\/2023\/06\/Oolter-v1.0-210x210-ENG.pdf\" target=\"_blank\" rel=\"noopener\">MANUAAL<\/a><\/p>\n","protected":false},"excerpt":{"rendered":"<p>Torm t\u00e4hendab tormi paljudes keeltes. See ei ole &#8220;l\u00f5\u00f5gastu ja naudi&#8221; t\u00fc\u00fcpi ratas. Torm on m\u00f5eldud aktiivsele linna liiklejale ja sobib suurep\u00e4raselt m\u00f5lemale soole.<\/p>\n<p>&nbsp;<\/p>\n<p><strong>Torm on inimestele, kes soovivad:<\/strong><\/p>\n<ul>\n<li>olla aktiivsed ja energilised,<\/li>\n<li>stiilset jalgratast, mis on mugav,<\/li>\n<li>liigelda keskkonnas\u00f5bralikult<\/li>\n<\/ul>\n<p>&nbsp;<\/p>\n","protected":false},"featured_media":28768,"comment_status":"open","ping_status":"closed","template":"","meta":{"_acf_changed":false},"factory":[],"free-shipment":[],"product_brand":[],"product_cat":[2502,738],"product_tag":[],"class_list":{"0":"post-28780","1":"product","2":"type-product","3":"status-publish","4":"has-post-thumbnail","6":"product_cat-e-jalgratas","7":"product_cat-elektrilised-liikurid","9":"first","10":"instock","11":"sale","12":"taxable","13":"shipping-taxable","14":"purchasable","15":"product-type-simple"},"acf":[],"_links":{"self":[{"href":"https:\/\/factory.sale\/et\/wp-json\/wp\/v2\/product\/28780","targetHints":{"allow":["GET"]}}],"collection":[{"href":"https:\/\/factory.sale\/et\/wp-json\/wp\/v2\/product"}],"about":[{"href":"https:\/\/factory.sale\/et\/wp-json\/wp\/v2\/types\/product"}],"replies":[{"embeddable":true,"href":"https:\/\/factory.sale\/et\/wp-json\/wp\/v2\/comments?post=28780"}],"wp:featuredmedia":[{"embeddable":true,"href":"https:\/\/factory.sale\/et\/wp-json\/wp\/v2\/media\/28768"}],"wp:attachment":[{"href":"https:\/\/factory.sale\/et\/wp-json\/wp\/v2\/media?parent=28780"}],"wp:term":[{"taxonomy":"factory","embeddable":true,"href":"https:\/\/factory.sale\/et\/wp-json\/wp\/v2\/factory?post=28780"},{"taxonomy":"free-shipment","embeddable":true,"href":"https:\/\/factory.sale\/et\/wp-json\/wp\/v2\/free-shipment?post=28780"},{"taxonomy":"product_brand","embeddable":true,"href":"https:\/\/factory.sale\/et\/wp-json\/wp\/v2\/product_brand?post=28780"},{"taxonomy":"product_cat","embeddable":true,"href":"https:\/\/factory.sale\/et\/wp-json\/wp\/v2\/product_cat?post=28780"},{"taxonomy":"product_tag","embeddable":true,"href":"https:\/\/factory.sale\/et\/wp-json\/wp\/v2\/product_tag?post=28780"}],"curies":[{"name":"wp","href":"https:\/\/api.w.org\/{rel}","templated":true}]}}