{"id":28760,"date":"2023-06-07T08:34:30","date_gmt":"2023-06-07T08:49:37","guid":{"rendered":"https:\/\/factory.sale\/?post_type=product&#038;p=28760"},"modified":"2024-06-29T12:43:31","modified_gmt":"2024-06-29T12:43:31","slug":"e-jalgratas-oolter-etta-qr-stem-s","status":"publish","type":"product","link":"https:\/\/factory.sale\/et\/toode\/e-jalgratas-oolter-etta-qr-stem-s\/","title":{"rendered":"E-jalgratas Oolter Etta QR Stem S"},"content":{"rendered":"<p><strong>SKU: EBOT310<\/strong><\/p>\n<p>&nbsp;<\/p>\n<p><strong>MIS ON ETTA &#8211; LINNA RATAS?<\/strong><\/p>\n<p>Etta on disainitud m\u00f5nusaks s\u00f5iduks igal p\u00e4eval. Selle Hollandi stiilis astmelise raamiga n\u00e4eb see v\u00e4lja elegantne ja sellega on \u00fclimalt mugav s\u00f5ita.<\/p>\n<p><strong><img loading=\"lazy\" decoding=\"async\" class=\"alignnone wp-image-28729\" src=\"https:\/\/factory.sale\/wp-content\/uploads\/2023\/06\/etta-2-300x98.png\" alt=\"\" width=\"1056\" height=\"345\" srcset=\"https:\/\/factory.sale\/wp-content\/uploads\/2023\/06\/etta-2-300x98.png 300w, https:\/\/factory.sale\/wp-content\/uploads\/2023\/06\/etta-2-1024x335.png 1024w, https:\/\/factory.sale\/wp-content\/uploads\/2023\/06\/etta-2-150x49.png 150w, https:\/\/factory.sale\/wp-content\/uploads\/2023\/06\/etta-2-1536x502.png 1536w, https:\/\/factory.sale\/wp-content\/uploads\/2023\/06\/etta-2-2048x670.png 2048w, https:\/\/factory.sale\/wp-content\/uploads\/2023\/06\/etta-2-600x196.png 600w\" sizes=\"auto, (max-width: 1056px) 100vw, 1056px\" \/><\/strong><\/p>\n<p><strong>Etta:<\/strong><\/p>\n<ul>\n<li>kerge kasutada<\/li>\n<li>aitab teil s\u00f5ita\u00a0higistamiseta isegi pikki vahemaid l\u00e4bides<\/li>\n<li>teeb keskkonnale heateo<\/li>\n<\/ul>\n<p>&nbsp;<\/p>\n<p>&nbsp;<\/p>\n<p><strong>STIILNE JA MUGAV<\/strong><\/p>\n<p>See vintage stiilis jalgratas on t\u00f5eliselt stiilne. Isegi teie s\u00f5brad ei oskaks kahtlustada, et see on elektriline. Etta on kergekaaluline, lihtne man\u00f6\u00f6verdada ja puhas r\u00f5\u00f5m s\u00f5ita.<\/p>\n<p>S\u00f5idukogemus on suurep\u00e4rane t\u00e4nu heale raami geomeetriale &#8211; saate s\u00f5ita sirge seljaga, ilma et peaksite kummarduma. Hollandi stiilis astmelise raamiga on mugav s\u00f5ita kleidi v\u00f5i seelikuga. See e-ratta stiil on hea ka inimestele, kes leiavad, et on raske t\u00f5sta jalga k\u00f5rgest raamist \u00fcle.<\/p>\n<p>&nbsp;<\/p>\n<p>Raami suurused S ja M sobivad enamikule s\u00f5itjatele, kelle pikkus on 155-180 cm.<\/p>\n<p>&nbsp;<\/p>\n<p><strong>KINNITATUD V\u00d5I REGULEERITAV RAAM<\/strong><\/p>\n<p>Unikaalne kiire reguleerimisega raam aitab leida mugava s\u00f5iduasendi enamikule s\u00f5itjatele, v\u00f5imaldades kergesti reguleerida sadula k\u00f5rgust kiirkinnitusega.<\/p>\n<p>&nbsp;<\/p>\n<p><strong>VALI KIIRUS JA PEDALITE ABISTAMISE TASAND<\/strong><\/p>\n<p>E-ratas on 7-k\u00e4iguline, mis on rohkem kui piisav, et leida \u00f5ige kiirus tasasel teel ja m\u00e4est \u00fcles minemisel. Valida on 5 pedaalide abistamise intensiivsuse taseme vahel. 5 on tavaliselt hea m\u00e4kke s\u00f5itmiseks, 2-3 on head kergeks s\u00f5itmiseks ja 0 v\u00f5i 1 neile, kes tahavad teha natuke treeningut. Pedalite abis\u00fcsteem aitab teil kuni 25 km\/h, mis l\u00e4heb peaaegu m\u00e4rkamatuks.<\/p>\n<p>&nbsp;<\/p>\n<p><strong>PALJU ULATUST LINNAS\u00d5ITUDEKS<\/strong><\/p>\n<p>Etta pedaalide abis\u00fcsteem, mida toidab kvaliteetne 7Ah Panasonicu aku, toetab teid kuni 80 km ulatuses, s\u00f5ltuvalt paljudest aspektidest nagu pedaalide abistamise tase (0-5), maastik, tuul, temperatuur, s\u00f5idustiil, kiirus jne. Kui aku saab t\u00fchjaks, v\u00f5ite lihtsalt j\u00e4tkata Etta s\u00f5itmist nagu tavalise rattaga. Aku uuesti laadimiseks vajate vaid 3,5 tundi.<\/p>\n<p>&nbsp;<\/p>\n<p><strong>T\u00d5HUSAD KETASPIDURID<\/strong><\/p>\n<p>Efektiivsed esised ja tagumised ketaspidurid hoiavad teid ohutult ja aitavad ratast peatada ilma sekunditki m\u00f5tlemata.<\/p>\n<p>&nbsp;<\/p>\n<p><img loading=\"lazy\" decoding=\"async\" class=\"alignnone wp-image-28732\" src=\"https:\/\/factory.sale\/wp-content\/uploads\/2023\/06\/etta-1-300x103.png\" alt=\"\" width=\"982\" height=\"337\" srcset=\"https:\/\/factory.sale\/wp-content\/uploads\/2023\/06\/etta-1-300x103.png 300w, https:\/\/factory.sale\/wp-content\/uploads\/2023\/06\/etta-1-1024x351.png 1024w, https:\/\/factory.sale\/wp-content\/uploads\/2023\/06\/etta-1-150x51.png 150w, https:\/\/factory.sale\/wp-content\/uploads\/2023\/06\/etta-1-1536x527.png 1536w, https:\/\/factory.sale\/wp-content\/uploads\/2023\/06\/etta-1-2048x703.png 2048w, https:\/\/factory.sale\/wp-content\/uploads\/2023\/06\/etta-1-600x206.png 600w\" sizes=\"auto, (max-width: 982px) 100vw, 982px\" \/><\/p>\n<p>&nbsp;<\/p>\n<p><strong>Saadaval v\u00e4rvid:<\/strong><\/p>\n<ul>\n<li>Chili red<\/li>\n<\/ul>\n<p><img loading=\"lazy\" decoding=\"async\" class=\"alignnone wp-image-28734\" src=\"https:\/\/factory.sale\/wp-content\/uploads\/2023\/06\/red-300x261.png\" alt=\"\" width=\"430\" height=\"374\" srcset=\"https:\/\/factory.sale\/wp-content\/uploads\/2023\/06\/red-300x261.png 300w, https:\/\/factory.sale\/wp-content\/uploads\/2023\/06\/red-1024x891.png 1024w, https:\/\/factory.sale\/wp-content\/uploads\/2023\/06\/red-150x131.png 150w, https:\/\/factory.sale\/wp-content\/uploads\/2023\/06\/red-600x522.png 600w, https:\/\/factory.sale\/wp-content\/uploads\/2023\/06\/red.png 1140w\" sizes=\"auto, (max-width: 430px) 100vw, 430px\" \/><\/p>\n<ul>\n<li>Chili red art<\/li>\n<\/ul>\n<p><img loading=\"lazy\" decoding=\"async\" class=\"alignnone wp-image-28737\" src=\"https:\/\/factory.sale\/wp-content\/uploads\/2023\/06\/red-art-300x245.png\" alt=\"\" width=\"430\" height=\"351\" srcset=\"https:\/\/factory.sale\/wp-content\/uploads\/2023\/06\/red-art-300x245.png 300w, https:\/\/factory.sale\/wp-content\/uploads\/2023\/06\/red-art-1024x837.png 1024w, https:\/\/factory.sale\/wp-content\/uploads\/2023\/06\/red-art-150x123.png 150w, https:\/\/factory.sale\/wp-content\/uploads\/2023\/06\/red-art-600x490.png 600w, https:\/\/factory.sale\/wp-content\/uploads\/2023\/06\/red-art.png 1136w\" sizes=\"auto, (max-width: 430px) 100vw, 430px\" \/><\/p>\n<p>&nbsp;<\/p>\n<p>&nbsp;<\/p>\n<ul>\n<li>Daisy white<\/li>\n<\/ul>\n<p>&nbsp;<\/p>\n<p><img loading=\"lazy\" decoding=\"async\" class=\"alignnone wp-image-28743\" src=\"https:\/\/factory.sale\/wp-content\/uploads\/2023\/06\/daisy-white-300x245.png\" alt=\"\" width=\"453\" height=\"370\" srcset=\"https:\/\/factory.sale\/wp-content\/uploads\/2023\/06\/daisy-white-300x245.png 300w, https:\/\/factory.sale\/wp-content\/uploads\/2023\/06\/daisy-white-1024x835.png 1024w, https:\/\/factory.sale\/wp-content\/uploads\/2023\/06\/daisy-white-150x122.png 150w, https:\/\/factory.sale\/wp-content\/uploads\/2023\/06\/daisy-white-600x489.png 600w, https:\/\/factory.sale\/wp-content\/uploads\/2023\/06\/daisy-white.png 1138w\" sizes=\"auto, (max-width: 453px) 100vw, 453px\" \/><\/p>\n<ul>\n<li>Daisy white art<\/li>\n<\/ul>\n<p>&nbsp;<\/p>\n<p><img loading=\"lazy\" decoding=\"async\" class=\"alignnone wp-image-28746\" src=\"https:\/\/factory.sale\/wp-content\/uploads\/2023\/06\/daisy-white-art-300x237.png\" alt=\"\" width=\"451\" height=\"356\" srcset=\"https:\/\/factory.sale\/wp-content\/uploads\/2023\/06\/daisy-white-art-300x237.png 300w, https:\/\/factory.sale\/wp-content\/uploads\/2023\/06\/daisy-white-art-1024x810.png 1024w, https:\/\/factory.sale\/wp-content\/uploads\/2023\/06\/daisy-white-art-150x119.png 150w, https:\/\/factory.sale\/wp-content\/uploads\/2023\/06\/daisy-white-art-600x475.png 600w, https:\/\/factory.sale\/wp-content\/uploads\/2023\/06\/daisy-white-art.png 1140w\" sizes=\"auto, (max-width: 451px) 100vw, 451px\" \/><\/p>\n<p>&nbsp;<\/p>\n<p>&nbsp;<\/p>\n<p>&nbsp;<\/p>\n<p><strong>Lisainfo:<\/strong><\/p>\n<ul>\n<li>Maksimaalne kiirus pedaalide abil: 25 km\/h<\/li>\n<li>S\u00f5iduulatus: kuni 80 km*<\/li>\n<li>Maksimaalne koormus: 120 kg<\/li>\n<li>Raam: alumiiniumsulam 6061<\/li>\n<li>Pidurid: esimene ja tagumine ketaspidurid<\/li>\n<li>Kassett: Shimano 7-kiiruseline (14-28T)<\/li>\n<li>Mootor: otseveoga tagumine naba mootor, 250 W<\/li>\n<li>Rehvid: Wanda 28&#8242; \/ 700C x 35 koos helkurribaga<\/li>\n<li>Aku: Panasonic, 7Ah, 36 V DC<\/li>\n<li>Laadija: v\u00e4ljund 42 \/2A, sisend 100-240V<\/li>\n<li>Laadimisaeg: 3.5 h<\/li>\n<li>Soovitatav vanus: 14+<\/li>\n<li>Toote netokaal: 22 kg<\/li>\n<li>Raami suurus: S \/ M<\/li>\n<li>Suurus sobib kasutaja k\u00f5rgusele: S: 155 \u2013 170 cm, M: 165-180 cm<\/li>\n<li>Pedaalide abis\u00fcsteem: v\u00e4\u00e4ndemomendi tundlik PAS 5 abistamistasemega<\/li>\n<li>K\u00e4igud: 7<\/li>\n<\/ul>\n<p>&nbsp;<\/p>\n<p>&nbsp;<\/p>\n<p>*S\u00f5iduulatuse hinnang p\u00f5hineb laborikatsetel, mille kogukaal on 75 kg (sealhulgas ratas), tasane tee, temperatuur 23\u00b0C, tuul 2-3m\/s. Tegelikkuses s\u00f5ltub s\u00f5iduulatus koormusest, s\u00f5idustiilist, tuulest, temperatuurist, maastikust ja tee pinnasest, kiirusest, pedaalide abistasemest ja pedaalimise pingutusest.<\/p>\n<p>&nbsp;<\/p>\n<p>&nbsp;<\/p>\n<p><a href=\"https:\/\/factory.sale\/wp-content\/uploads\/2023\/06\/Oolter-v1.0-210x210-ENG.pdf\" target=\"_blank\" rel=\"noopener\">MANUAAL<\/a><\/p>\n<p>&nbsp;<\/p>\n<div class=\"video-wrapper \"><iframe loading=\"lazy\" title=\"OOLTER Electric City Bike ETTA\" width=\"500\" height=\"281\" src=\"https:\/\/www.youtube.com\/embed\/ToAOSLRmW04?feature=oembed\" frameborder=\"0\" allow=\"accelerometer; autoplay; clipboard-write; encrypted-media; gyroscope; picture-in-picture; web-share\" referrerpolicy=\"strict-origin-when-cross-origin\" allowfullscreen><\/iframe><\/div>\n","protected":false},"excerpt":{"rendered":"<p>Etta on disainitud m\u00f5nusaks s\u00f5iduks igal p\u00e4eval. Selle Hollandi stiilis astmelise raamiga n\u00e4eb see v\u00e4lja elegantne ja sellega on \u00fclimalt mugav s\u00f5ita.<\/p>\n<p>&nbsp;<\/p>\n<p><strong>Etta:<\/strong><\/p>\n<ul>\n<li>kerge kasutada<\/li>\n<li>aitab teil s\u00f5ita\u00a0higistamiseta isegi pikki vahemaid l\u00e4bides<\/li>\n<li>teeb keskkonnale heateo<\/li>\n<\/ul>\n<p>&nbsp;<\/p>\n","protected":false},"featured_media":28750,"comment_status":"open","ping_status":"closed","template":"","meta":{"_acf_changed":false},"factory":[],"free-shipment":[],"product_brand":[],"product_cat":[2502,738],"product_tag":[],"class_list":{"0":"post-28760","1":"product","2":"type-product","3":"status-publish","4":"has-post-thumbnail","6":"product_cat-e-jalgratas","7":"product_cat-elektrilised-liikurid","9":"first","10":"instock","11":"sale","12":"taxable","13":"shipping-taxable","14":"purchasable","15":"product-type-simple"},"acf":[],"_links":{"self":[{"href":"https:\/\/factory.sale\/et\/wp-json\/wp\/v2\/product\/28760","targetHints":{"allow":["GET"]}}],"collection":[{"href":"https:\/\/factory.sale\/et\/wp-json\/wp\/v2\/product"}],"about":[{"href":"https:\/\/factory.sale\/et\/wp-json\/wp\/v2\/types\/product"}],"replies":[{"embeddable":true,"href":"https:\/\/factory.sale\/et\/wp-json\/wp\/v2\/comments?post=28760"}],"wp:featuredmedia":[{"embeddable":true,"href":"https:\/\/factory.sale\/et\/wp-json\/wp\/v2\/media\/28750"}],"wp:attachment":[{"href":"https:\/\/factory.sale\/et\/wp-json\/wp\/v2\/media?parent=28760"}],"wp:term":[{"taxonomy":"factory","embeddable":true,"href":"https:\/\/factory.sale\/et\/wp-json\/wp\/v2\/factory?post=28760"},{"taxonomy":"free-shipment","embeddable":true,"href":"https:\/\/factory.sale\/et\/wp-json\/wp\/v2\/free-shipment?post=28760"},{"taxonomy":"product_brand","embeddable":true,"href":"https:\/\/factory.sale\/et\/wp-json\/wp\/v2\/product_brand?post=28760"},{"taxonomy":"product_cat","embeddable":true,"href":"https:\/\/factory.sale\/et\/wp-json\/wp\/v2\/product_cat?post=28760"},{"taxonomy":"product_tag","embeddable":true,"href":"https:\/\/factory.sale\/et\/wp-json\/wp\/v2\/product_tag?post=28760"}],"curies":[{"name":"wp","href":"https:\/\/api.w.org\/{rel}","templated":true}]}}