{"id":28721,"date":"2023-06-06T10:49:30","date_gmt":"2023-06-07T06:36:43","guid":{"rendered":"https:\/\/factory.sale\/?post_type=product&#038;p=28721"},"modified":"2024-07-02T01:34:10","modified_gmt":"2024-07-02T01:34:10","slug":"e-jalgratas-oolter-eke-qr-stem-m","status":"publish","type":"product","link":"https:\/\/factory.sale\/et\/toode\/e-jalgratas-oolter-eke-qr-stem-m\/","title":{"rendered":"E-jalgratas Oolter Eke QR Stem M"},"content":{"rendered":"<p><strong>SKU: EBOT430<\/strong><\/p>\n<p>&nbsp;<\/p>\n<p><strong>MIS ON EKE &#8211; LINNARATAS?<\/strong><\/p>\n<p>Eke on s\u00f5bralik kaaslane igap\u00e4evasteks linnas\u00f5itudeks. P\u00e4eva alustamine Ekega annab energiat kogu p\u00e4evaks.<\/p>\n<p><strong><img loading=\"lazy\" decoding=\"async\" class=\"alignnone wp-image-28694\" src=\"https:\/\/factory.sale\/wp-content\/uploads\/2023\/06\/e-bike-300x99.png\" alt=\"\" width=\"1110\" height=\"366\" srcset=\"https:\/\/factory.sale\/wp-content\/uploads\/2023\/06\/e-bike-300x99.png 300w, https:\/\/factory.sale\/wp-content\/uploads\/2023\/06\/e-bike-1024x338.png 1024w, https:\/\/factory.sale\/wp-content\/uploads\/2023\/06\/e-bike-150x50.png 150w, https:\/\/factory.sale\/wp-content\/uploads\/2023\/06\/e-bike-1536x508.png 1536w, https:\/\/factory.sale\/wp-content\/uploads\/2023\/06\/e-bike-2048x677.png 2048w, https:\/\/factory.sale\/wp-content\/uploads\/2023\/06\/e-bike-600x198.png 600w\" sizes=\"auto, (max-width: 1110px) 100vw, 1110px\" \/><\/strong><\/p>\n<p><strong>S\u00f5ites Ekega, sa:<\/strong><\/p>\n<ul>\n<li>p\u00fcsid aktiivne ilma higistamata.<\/li>\n<li>teed keskkonnale teene.<\/li>\n<li>s\u00f5idad v\u00e4hese vaevaga ka \u00fclesm\u00e4kke<\/li>\n<\/ul>\n<p>&nbsp;<\/p>\n<p><strong>STIILNE JA MUGAV<\/strong><\/p>\n<p>See e-jalgratas on kergekaaluline ja n\u00e4eb v\u00e4lja nagu tavaline jalgratas. Ekel on l\u00e4ikiv viimistlus ja raamile on v\u00f5imalik lisada ilus ornament. V\u00e4rvid Denim blue ja Olive black n\u00e4evad m\u00f5lemad v\u00e4lja stiilsed ja silmapaistvad.<\/p>\n<p>&nbsp;<\/p>\n<p><strong>FIKSEERITUD V\u00d5I REGULEERITAV RAAM<\/strong><\/p>\n<p>Fikseeritud v\u00f5i reguleeritav raam &#8211; sinu valik! Raami suurused M ja L sobivad enamikule s\u00f5itjatele vahemikus 160-190cm. Kombineeri seda reguleeritava sadulaga, reguleeritava raamiga ja vali h\u00f5lpsasti parima s\u00f5iduasend.<\/p>\n<p>&nbsp;<\/p>\n<p><strong>VALI KIIRUS JA PEDAALI ABISTAMISE TASE<\/strong><\/p>\n<p>S\u00f5idukogemus on t\u00e4nu suurep\u00e4rasele raami geomeetriale ja sujuvale p\u00f6\u00f6rdemomendianduril p\u00f5hinevale pedaaliabile erakordne.<\/p>\n<p>Pedaali abivahend aitab sind kuni 25km\/h, mis l\u00e4heks peaaegu m\u00e4rkamata, kui sa ei n\u00e4eks, kuidas teisi s\u00f5itjaid j\u00e4\u00e4b m\u00e4est \u00fcles s\u00f5ites v\u00f5i vastu tuult s\u00f5ites maha.<\/p>\n<p>&nbsp;<\/p>\n<p><strong>LINNA S\u00d5ITUDEKS PALJU ULATUST<\/strong><\/p>\n<p>Ekel on kvaliteetne Panasonicu aku, mille v\u00f5imsus on 7Ah, et toita pedaali abi kuni 80km ulatuses, s\u00f5ltuvalt sellest, kus ja kuidas sa s\u00f5idad. Ulatust m\u00f5jutavad sellised tingimused nagu pedaali abi tase (0-5), maastik, tuul, temperatuur, s\u00f5idustiil, kiirus jne. Laadimisaeg on vaid 3,5 tundi, et saaksite alustada uuesti.<\/p>\n<p>&nbsp;<\/p>\n<p><strong>T<\/strong><strong>\u00d5HUSAD KETASPIDURID<\/strong><\/p>\n<p>Ketaspidurid v\u00f5imaldavad t\u00e4psemat pidurdamist, muutes ratta blokeerimise v\u00e4hem t\u00f5en\u00e4oliseks. V\u00f5rreldes V-piduritega, on pidurite t\u00f6\u00f6v\u00f5ime selgelt \u00fclekaalus.<\/p>\n<p>Saad \u00fche s\u00f5rmega pidurda k\u00f5rgetelt kiirustelt.<\/p>\n<p>&nbsp;<\/p>\n<p>&nbsp;<\/p>\n<p>&nbsp;<\/p>\n<p>&nbsp;<\/p>\n<p><strong>Saadaval v\u00e4rvid:\u00a0<\/strong><\/p>\n<p>&nbsp;<\/p>\n<ul>\n<li>Denim Blue<\/li>\n<\/ul>\n<p><strong><img loading=\"lazy\" decoding=\"async\" class=\"alignnone wp-image-28682\" src=\"https:\/\/factory.sale\/wp-content\/uploads\/2023\/06\/oolter-eke-man-300x240.png\" alt=\"\" width=\"489\" height=\"391\" srcset=\"https:\/\/factory.sale\/wp-content\/uploads\/2023\/06\/oolter-eke-man-300x240.png 300w, https:\/\/factory.sale\/wp-content\/uploads\/2023\/06\/oolter-eke-man-150x120.png 150w, https:\/\/factory.sale\/wp-content\/uploads\/2023\/06\/oolter-eke-man-600x480.png 600w, https:\/\/factory.sale\/wp-content\/uploads\/2023\/06\/oolter-eke-man.png 750w\" sizes=\"auto, (max-width: 489px) 100vw, 489px\" \/><\/strong><\/p>\n<ul>\n<li>Denim Blue Art<\/li>\n<\/ul>\n<p><img loading=\"lazy\" decoding=\"async\" class=\"alignnone wp-image-28685\" src=\"https:\/\/factory.sale\/wp-content\/uploads\/2023\/06\/denim-blue-art-300x262.png\" alt=\"\" width=\"493\" height=\"431\" srcset=\"https:\/\/factory.sale\/wp-content\/uploads\/2023\/06\/denim-blue-art-300x262.png 300w, https:\/\/factory.sale\/wp-content\/uploads\/2023\/06\/denim-blue-art-150x131.png 150w, https:\/\/factory.sale\/wp-content\/uploads\/2023\/06\/denim-blue-art-600x524.png 600w, https:\/\/factory.sale\/wp-content\/uploads\/2023\/06\/denim-blue-art.png 974w\" sizes=\"auto, (max-width: 493px) 100vw, 493px\" \/><\/p>\n<ul>\n<li>Olive Black<\/li>\n<\/ul>\n<p><img loading=\"lazy\" decoding=\"async\" class=\"alignnone wp-image-28688\" src=\"https:\/\/factory.sale\/wp-content\/uploads\/2023\/06\/olive-black-300x253.png\" alt=\"\" width=\"488\" height=\"412\" srcset=\"https:\/\/factory.sale\/wp-content\/uploads\/2023\/06\/olive-black-300x253.png 300w, https:\/\/factory.sale\/wp-content\/uploads\/2023\/06\/olive-black-150x126.png 150w, https:\/\/factory.sale\/wp-content\/uploads\/2023\/06\/olive-black-600x506.png 600w, https:\/\/factory.sale\/wp-content\/uploads\/2023\/06\/olive-black.png 1016w\" sizes=\"auto, (max-width: 488px) 100vw, 488px\" \/><\/p>\n<ul>\n<li>Olive Black Art<\/li>\n<\/ul>\n<p>&nbsp;<\/p>\n<p><img loading=\"lazy\" decoding=\"async\" class=\"alignnone wp-image-28691\" src=\"https:\/\/factory.sale\/wp-content\/uploads\/2023\/06\/Olive-black-art-300x233.png\" alt=\"\" width=\"487\" height=\"379\" srcset=\"https:\/\/factory.sale\/wp-content\/uploads\/2023\/06\/Olive-black-art-300x233.png 300w, https:\/\/factory.sale\/wp-content\/uploads\/2023\/06\/Olive-black-art-1024x796.png 1024w, https:\/\/factory.sale\/wp-content\/uploads\/2023\/06\/Olive-black-art-150x117.png 150w, https:\/\/factory.sale\/wp-content\/uploads\/2023\/06\/Olive-black-art-600x467.png 600w, https:\/\/factory.sale\/wp-content\/uploads\/2023\/06\/Olive-black-art.png 1116w\" sizes=\"auto, (max-width: 487px) 100vw, 487px\" \/><\/p>\n<p>&nbsp;<\/p>\n<p>&nbsp;<\/p>\n<p>&nbsp;<\/p>\n<p><strong>Lisainformatsioon:<\/strong><\/p>\n<ul>\n<li>Maksimaalne kiirus pedaalide abil: 25 km\/h<\/li>\n<li>S\u00f5iduulatus: kuni 80 km*<\/li>\n<li>Maksimaalne koormus: 120 kg<\/li>\n<li>Raam: alumiiniumsulam 6061<\/li>\n<li>Pidurid: esimene ja tagumine ketaspidurid<\/li>\n<li>Kassett: Shimano 7-kiiruseline (14-28T)<\/li>\n<li>Mootor: otseveoga tagumine naba mootor, 250 W<\/li>\n<li>Rehvid: Wanda 28&#8242; \/ 700C x 35 koos helkurribaga<\/li>\n<li>Aku: Panasonic, 7Ah, 36 V DC<\/li>\n<li>Laadija: v\u00e4ljund 42 \/2A, sisend 100-240V<\/li>\n<li>Laadimisaeg: 3.5 h<\/li>\n<li>Soovitatav vanus: 14+<\/li>\n<li>Toote netokaal: 22 kg<\/li>\n<li>Raami suurus: M \/ L<\/li>\n<li>Suurus sobib kasutaja k\u00f5rgusele: M: 160 \u2013 180 cm, L: 175-190 cm<\/li>\n<li>Pedaalide abis\u00fcsteem: v\u00e4\u00e4ndemomendi tundlik PAS 5 abistamistasemega<\/li>\n<li>K\u00e4igud: 7<\/li>\n<\/ul>\n<p>&nbsp;<\/p>\n<p><em>*S\u00f5iduulatuse hinnang p\u00f5hineb laborikatsetel, mille kogukaal on 75 kg (sealhulgas ratas), tasane tee, temperatuur 23\u00b0C, tuul 2-3m\/s. Tegelikult s\u00f5ltub s\u00f5iduulatus koormusest, s\u00f5idustiilist, tuulest, temperatuurist, maastikust ja s\u00f5iduteest, kiirusest, pedaalide abitasemest ja pedaalimise pingutusest.<\/em><\/p>\n<p>&nbsp;<\/p>\n<p><a href=\"https:\/\/factory.sale\/wp-content\/uploads\/2023\/06\/Oolter-v1.0-210x210-ENG.pdf\" target=\"_blank\" rel=\"noopener\">MANUAAL<\/a><\/p>\n<p>&nbsp;<\/p>\n<div class=\"video-wrapper \"><iframe loading=\"lazy\" title=\"OOLTER Electric City Bike ETTA\" width=\"500\" height=\"281\" src=\"https:\/\/www.youtube.com\/embed\/ToAOSLRmW04?feature=oembed\" frameborder=\"0\" allow=\"accelerometer; autoplay; clipboard-write; encrypted-media; gyroscope; picture-in-picture; web-share\" referrerpolicy=\"strict-origin-when-cross-origin\" allowfullscreen><\/iframe><\/div>\n","protected":false},"excerpt":{"rendered":"<p><strong>MIS ON EKE &#8211; LINNARATAS?<\/strong><\/p>\n<p>Eke on s\u00f5bralik kaaslane igap\u00e4evasteks linnas\u00f5itudeks. P\u00e4eva alustamine Ekega annab energiat kogu p\u00e4evaks.<\/p>\n<p><strong>S\u00f5ites Ekega, sa:<\/strong><\/p>\n<ul>\n<li>p\u00fcsid aktiivne ilma higistamata.<\/li>\n<li>teed keskkonnale teene.<\/li>\n<li>s\u00f5idad v\u00e4hese vaevaga ka \u00fclesm\u00e4kke<\/li>\n<\/ul>\n<p>&nbsp;<\/p>\n","protected":false},"featured_media":28683,"comment_status":"open","ping_status":"closed","template":"","meta":{"_acf_changed":false},"factory":[],"free-shipment":[],"product_brand":[],"product_cat":[2502,738],"product_tag":[],"class_list":{"0":"post-28721","1":"product","2":"type-product","3":"status-publish","4":"has-post-thumbnail","6":"product_cat-e-jalgratas","7":"product_cat-elektrilised-liikurid","9":"first","10":"instock","11":"sale","12":"taxable","13":"shipping-taxable","14":"purchasable","15":"product-type-simple"},"acf":[],"_links":{"self":[{"href":"https:\/\/factory.sale\/et\/wp-json\/wp\/v2\/product\/28721","targetHints":{"allow":["GET"]}}],"collection":[{"href":"https:\/\/factory.sale\/et\/wp-json\/wp\/v2\/product"}],"about":[{"href":"https:\/\/factory.sale\/et\/wp-json\/wp\/v2\/types\/product"}],"replies":[{"embeddable":true,"href":"https:\/\/factory.sale\/et\/wp-json\/wp\/v2\/comments?post=28721"}],"wp:featuredmedia":[{"embeddable":true,"href":"https:\/\/factory.sale\/et\/wp-json\/wp\/v2\/media\/28683"}],"wp:attachment":[{"href":"https:\/\/factory.sale\/et\/wp-json\/wp\/v2\/media?parent=28721"}],"wp:term":[{"taxonomy":"factory","embeddable":true,"href":"https:\/\/factory.sale\/et\/wp-json\/wp\/v2\/factory?post=28721"},{"taxonomy":"free-shipment","embeddable":true,"href":"https:\/\/factory.sale\/et\/wp-json\/wp\/v2\/free-shipment?post=28721"},{"taxonomy":"product_brand","embeddable":true,"href":"https:\/\/factory.sale\/et\/wp-json\/wp\/v2\/product_brand?post=28721"},{"taxonomy":"product_cat","embeddable":true,"href":"https:\/\/factory.sale\/et\/wp-json\/wp\/v2\/product_cat?post=28721"},{"taxonomy":"product_tag","embeddable":true,"href":"https:\/\/factory.sale\/et\/wp-json\/wp\/v2\/product_tag?post=28721"}],"curies":[{"name":"wp","href":"https:\/\/api.w.org\/{rel}","templated":true}]}}