{"id":28667,"date":"2023-06-06T07:18:50","date_gmt":"2023-06-06T07:27:26","guid":{"rendered":"https:\/\/factory.sale\/?post_type=product&#038;p=28667"},"modified":"2024-07-11T23:46:04","modified_gmt":"2024-07-11T20:46:04","slug":"getupboard-riiul-6-gymba-aktiveerimislaua-jaoks","status":"publish","type":"product","link":"https:\/\/factory.sale\/et\/toode\/getupboard-riiul-6-gymba-aktiveerimislaua-jaoks\/","title":{"rendered":"GetUpBoard riiul, 6 Gymba aktiveerimislaua jaoks"},"content":{"rendered":"<p><strong>SKU: 3434BR<\/strong><br \/>\n<strong>EAN: 6430054931557<\/strong><\/p>\n<p>&nbsp;<\/p>\n<p><strong>100% Soome toode<\/strong><\/p>\n<p>&nbsp;<\/p>\n<p>GetUpBoard-riiulil saate hoiustada 6 Gymba aktiveerimislauda. On lihtne Gymba riiulist v\u00e4lja v\u00f5tta ja p\u00e4rast kasutamist tagasi panna. Kontorites on see v\u00e4ga selge, korralik ja lihtne lahendus aktiveerimislaudade korraldamiseks ja k\u00e4ep\u00e4rast hoidmiseks. Riiul on valmistatud Soome kase vineerist ja \u00fchelt poolt halli ja teiselt poolt valge laminaadiga. Riiul on kohe kasutamiseks valmis ja tarnitakse eelnevalt kokku panduna.<\/p>\n<p>&nbsp;<\/p>\n<p><strong>Tehnilised andmed:<\/strong><\/p>\n<ul>\n<li>Laius: 21.5 -35 cm<\/li>\n<li>S\u00fcgavus: 42 cm<\/li>\n<li>K\u00f5rgus: 31 cm<\/li>\n<li>Materjal: Laminaat kase vineer<\/li>\n<li>Kaal: 2.1 kg<\/li>\n<li>Garantii: 5 aastat<\/li>\n<li>V\u00e4rv: valge\/hall<\/li>\n<\/ul>\n","protected":false},"excerpt":{"rendered":"<p>GetUpBoard-riiulil saate hoiustada 6 Gymba aktiveerimislauda. On lihtne Gymba riiulist v\u00e4lja v\u00f5tta ja p\u00e4rast kasutamist tagasi panna. Kontorites on see v\u00e4ga selge, korralik ja lihtne lahendus aktiveerimislaudade korraldamiseks ja k\u00e4ep\u00e4rast hoidmiseks. Riiul on valmistatud Soome kase vineerist ja \u00fchelt poolt halli ja teiselt poolt valge laminaadiga. Riiul on kohe kasutamiseks valmis ja tarnitakse eelnevalt kokku panduna.<\/p>\n","protected":false},"featured_media":28665,"comment_status":"open","ping_status":"closed","template":"","meta":{"_acf_changed":false},"factory":[],"free-shipment":[],"product_brand":[],"product_cat":[2489,713],"product_tag":[],"class_list":{"0":"post-28667","1":"product","2":"type-product","3":"status-publish","4":"has-post-thumbnail","6":"product_cat-ergonomics-2","7":"product_cat-furniture-2","9":"first","10":"instock","11":"sale","12":"taxable","13":"shipping-taxable","14":"purchasable","15":"product-type-simple"},"acf":[],"_links":{"self":[{"href":"https:\/\/factory.sale\/et\/wp-json\/wp\/v2\/product\/28667","targetHints":{"allow":["GET"]}}],"collection":[{"href":"https:\/\/factory.sale\/et\/wp-json\/wp\/v2\/product"}],"about":[{"href":"https:\/\/factory.sale\/et\/wp-json\/wp\/v2\/types\/product"}],"replies":[{"embeddable":true,"href":"https:\/\/factory.sale\/et\/wp-json\/wp\/v2\/comments?post=28667"}],"wp:featuredmedia":[{"embeddable":true,"href":"https:\/\/factory.sale\/et\/wp-json\/wp\/v2\/media\/28665"}],"wp:attachment":[{"href":"https:\/\/factory.sale\/et\/wp-json\/wp\/v2\/media?parent=28667"}],"wp:term":[{"taxonomy":"factory","embeddable":true,"href":"https:\/\/factory.sale\/et\/wp-json\/wp\/v2\/factory?post=28667"},{"taxonomy":"free-shipment","embeddable":true,"href":"https:\/\/factory.sale\/et\/wp-json\/wp\/v2\/free-shipment?post=28667"},{"taxonomy":"product_brand","embeddable":true,"href":"https:\/\/factory.sale\/et\/wp-json\/wp\/v2\/product_brand?post=28667"},{"taxonomy":"product_cat","embeddable":true,"href":"https:\/\/factory.sale\/et\/wp-json\/wp\/v2\/product_cat?post=28667"},{"taxonomy":"product_tag","embeddable":true,"href":"https:\/\/factory.sale\/et\/wp-json\/wp\/v2\/product_tag?post=28667"}],"curies":[{"name":"wp","href":"https:\/\/api.w.org\/{rel}","templated":true}]}}