{"id":28658,"date":"2023-06-06T07:05:40","date_gmt":"2023-06-06T07:14:28","guid":{"rendered":"https:\/\/factory.sale\/?post_type=product&#038;p=28658"},"modified":"2024-07-04T12:38:43","modified_gmt":"2024-07-04T12:38:43","slug":"getupboard-riiul-sisaldab-6-gymba-lauda","status":"publish","type":"product","link":"https:\/\/factory.sale\/et\/toode\/getupboard-riiul-sisaldab-6-gymba-lauda\/","title":{"rendered":"GetUpBoard riiul, sisaldab 6 Gymba lauda"},"content":{"rendered":"<p><strong>SKU: 3434COMPLETE<\/strong><\/p>\n<p><strong>EAN: 6430054933131<\/strong><\/p>\n<p>&nbsp;<\/p>\n<p><strong>100% Soome toode: Gymba v\u00e4rvikollektsioon + riiul.<\/strong><\/p>\n<p>GetUpBoard-riiulil saate hoiustada 6 Gymba aktiveerimislauda. On lihtne Gymba riiulist v\u00e4lja v\u00f5tta ja p\u00e4rast kasutamist tagasi panna. Kontorites on see v\u00e4ga selge, korralik ja lihtne lahendus aktiveerimislaudade korraldamiseks ja k\u00e4ep\u00e4rast hoidmiseks. Riiul on valmistatud Soome kase vineerist ja \u00fchelt poolt halli ja teiselt poolt valge laminaadiga. Riiul on kohe kasutamiseks valmis ja tarnitakse eelnevalt kokku panduna.<\/p>\n<p>&nbsp;<\/p>\n<p><strong>Tehnilised andmed:<\/strong><\/p>\n<ul>\n<li>Laius: 21,5 -35 cm<\/li>\n<li>S\u00fcgavus: 42 cm<\/li>\n<li>K\u00f5rgus: 31 cm<\/li>\n<li>Materjal: lamineeritud kasevineer<\/li>\n<li>Kaal: 2,1 kg<\/li>\n<li>Garantii: 5 aastat<\/li>\n<\/ul>\n","protected":false},"excerpt":{"rendered":"<p>GetUpBoard-riiulil saate hoiustada 6 Gymba aktiveerimislauda. On lihtne Gymba riiulist v\u00e4lja v\u00f5tta ja p\u00e4rast kasutamist tagasi panna. Kontorites on see v\u00e4ga selge, korralik ja lihtne lahendus aktiveerimislaudade korraldamiseks ja k\u00e4ep\u00e4rast hoidmiseks. Riiul on valmistatud Soome kase vineerist ja \u00fchelt poolt halli ja teiselt poolt valge laminaadiga. Riiul on kohe kasutamiseks valmis ja tarnitakse eelnevalt kokku panduna.<\/p>\n<p>&nbsp;<\/p>\n","protected":false},"featured_media":28656,"comment_status":"open","ping_status":"closed","template":"","meta":{"_acf_changed":false},"factory":[],"free-shipment":[],"product_brand":[],"product_cat":[2490,714],"product_tag":[],"class_list":{"0":"post-28658","1":"product","2":"type-product","3":"status-publish","4":"has-post-thumbnail","6":"product_cat-ergonoomia","7":"product_cat-moobel","9":"first","10":"instock","11":"sale","12":"taxable","13":"shipping-taxable","14":"purchasable","15":"product-type-simple"},"acf":[],"_links":{"self":[{"href":"https:\/\/factory.sale\/et\/wp-json\/wp\/v2\/product\/28658","targetHints":{"allow":["GET"]}}],"collection":[{"href":"https:\/\/factory.sale\/et\/wp-json\/wp\/v2\/product"}],"about":[{"href":"https:\/\/factory.sale\/et\/wp-json\/wp\/v2\/types\/product"}],"replies":[{"embeddable":true,"href":"https:\/\/factory.sale\/et\/wp-json\/wp\/v2\/comments?post=28658"}],"wp:featuredmedia":[{"embeddable":true,"href":"https:\/\/factory.sale\/et\/wp-json\/wp\/v2\/media\/28656"}],"wp:attachment":[{"href":"https:\/\/factory.sale\/et\/wp-json\/wp\/v2\/media?parent=28658"}],"wp:term":[{"taxonomy":"factory","embeddable":true,"href":"https:\/\/factory.sale\/et\/wp-json\/wp\/v2\/factory?post=28658"},{"taxonomy":"free-shipment","embeddable":true,"href":"https:\/\/factory.sale\/et\/wp-json\/wp\/v2\/free-shipment?post=28658"},{"taxonomy":"product_brand","embeddable":true,"href":"https:\/\/factory.sale\/et\/wp-json\/wp\/v2\/product_brand?post=28658"},{"taxonomy":"product_cat","embeddable":true,"href":"https:\/\/factory.sale\/et\/wp-json\/wp\/v2\/product_cat?post=28658"},{"taxonomy":"product_tag","embeddable":true,"href":"https:\/\/factory.sale\/et\/wp-json\/wp\/v2\/product_tag?post=28658"}],"curies":[{"name":"wp","href":"https:\/\/api.w.org\/{rel}","templated":true}]}}