{"id":28614,"date":"2023-06-05T20:14:39","date_gmt":"2023-06-05T20:21:39","guid":{"rendered":"https:\/\/factory.sale\/?post_type=product&#038;p=28614"},"modified":"2024-12-09T20:44:57","modified_gmt":"2024-12-09T17:44:57","slug":"gymba-elastne-aktiveerimislaud-moonlight-blue","status":"publish","type":"product","link":"https:\/\/factory.sale\/et\/toode\/gymba-elastne-aktiveerimislaud-moonlight-blue\/","title":{"rendered":"Gymba elastne aktiveerimislaud, moonlight blue"},"content":{"rendered":"<p><strong>SKU: 3434S<\/strong><br \/>\n<strong>EAN: 6430054931397<\/strong><\/p>\n<p>&nbsp;<\/p>\n<p>Gymba on uus ja tervislikum t\u00f6\u00f6tamisviis. See on revolutsiooniline aktiveerimislaud, mis aitab teil t\u00f6\u00f6tades liikuda. Saate pidevat treeningut oma t\u00f6\u00f6kohal ja teie ainevahetus ning vereringe aktiviseeruvad. Gymbaga p\u00f5letate palju rohkem kaloreid kui istudes v\u00f5i paigal seistes. Teie kontsentratsioon ja motivatsioon paranevad, kogu aeg tunnete end v\u00e4rskelt. Gymba on elastne ning t\u00e4ielikult valmistatud ja arendatud Soomes. T\u00e4nu oma elastsusele v\u00f5imaldab Gymba mitmek\u00fclgsemat liikumist.<\/p>\n<p>Seda on lihtne kasutada, pange lihtsalt laud jalgade alla. Laud aitab teil tasakaalu hoida ja kohaneb teie kehakaaluga. Asetage Gymba aktiveerimislaud oma t\u00f6\u00f6tamiskoha jalgade alla ja t\u00f6\u00f6tage nagu tavaliselt. Laud aitab teil \u00f5igesti seista ega koorma nii palju teie jalgu v\u00f5i selga. Kui v\u00f5imalik, seiske pool oma t\u00f6\u00f6ajast Gymba laual. T\u00e4nu Gymbale kaob teie valu, teie r\u00fcht paraneb, lihased saavad automaatset liikumist ja kogu keha seisund paraneb. M\u00f5jud on m\u00e4rgatavad juba paari p\u00e4eva jooksul. Seda t\u00f5estavad kliinilised uuringud ja ulatuslik testimine.<\/p>\n<p>&nbsp;<\/p>\n<p><strong>Gymba massaa\u017eipallid<\/strong><\/p>\n<p>Gymbaga tulevad kaasa massaa\u017eipallid, mis leevendavad lihasvalu ja j\u00e4ikust jalgades. Gymba massaa\u017eipallid parandavad vereringet ja leevendavad stressi ja pingeid. On soovitatav esimesel paaril korral massaa\u017eipallide kasutamist kasutada neid l\u00fchemate intervallidega ja j\u00e4rk-j\u00e4rgult suurendada kasutamist vastavalt enesetundele. Massaa\u017eipallid on kahe erineva k\u00f5vadusega, kuna iga keha reageerib erinevalt erinevatele tihedustele.<\/p>\n<p><img loading=\"lazy\" decoding=\"async\" class=\"alignnone size-medium wp-image-28557\" src=\"https:\/\/factory.sale\/wp-content\/uploads\/2023\/06\/massage-balls-300x215.png\" alt=\"\" width=\"300\" height=\"215\" srcset=\"https:\/\/factory.sale\/wp-content\/uploads\/2023\/06\/massage-balls-300x215.png 300w, https:\/\/factory.sale\/wp-content\/uploads\/2023\/06\/massage-balls-150x108.png 150w, https:\/\/factory.sale\/wp-content\/uploads\/2023\/06\/massage-balls-600x431.png 600w, https:\/\/factory.sale\/wp-content\/uploads\/2023\/06\/massage-balls.png 638w\" sizes=\"auto, (max-width: 300px) 100vw, 300px\" \/><\/p>\n<p>&nbsp;<\/p>\n<p><strong>Gymba kasutaja eelised:<\/strong><\/p>\n<ul>\n<li>alandab k\u00fcnnist, kui liigutakse istuvast t\u00f6\u00f6st tervislikuma seismise poole<\/li>\n<li>aktiivne ja mitmek\u00fclgne liikumine v\u00e4hendab haigusi<\/li>\n<li>aktiveerib kogu keha, eriti selja- ja k\u00f5hulihaseid<\/li>\n<li>parandab r\u00fchti, tasakaalu ja reageerimiskiirust<\/li>\n<li>stimuleerib<\/li>\n<\/ul>\n<p>&nbsp;<\/p>\n<p><strong>Tehniline informatsioon:<\/strong><\/p>\n<ul>\n<li>Laius: 46,5 cm<\/li>\n<li>S\u00fcgavus: 30,5 cm<\/li>\n<li>K\u00f5rgus: 5,5 cm<\/li>\n<li>Materjal: looduslikust kiust komposiit<\/li>\n<li>Kaal: 1,5 kg<\/li>\n<li>Kaalupiirang: vastupidavuskatse garanteerib kuni 300 kg<\/li>\n<li>Garantii 5 aastat (raam)<\/li>\n<\/ul>\n<p>&nbsp;<\/p>\n<div class=\"video-wrapper \"><iframe loading=\"lazy\" title=\"Join the Gymba community\" width=\"500\" height=\"281\" src=\"https:\/\/www.youtube.com\/embed\/MitPpR54mxo?feature=oembed\" frameborder=\"0\" allow=\"accelerometer; autoplay; clipboard-write; encrypted-media; gyroscope; picture-in-picture; web-share\" referrerpolicy=\"strict-origin-when-cross-origin\" allowfullscreen><\/iframe><\/div>\n<div class=\"video-wrapper \"><iframe loading=\"lazy\" title=\"Gymballa kohti unelmia\" width=\"500\" height=\"281\" src=\"https:\/\/www.youtube.com\/embed\/_o7Odg-AVPA?feature=oembed\" frameborder=\"0\" allow=\"accelerometer; autoplay; clipboard-write; encrypted-media; gyroscope; picture-in-picture; web-share\" referrerpolicy=\"strict-origin-when-cross-origin\" allowfullscreen><\/iframe><\/div>\n","protected":false},"excerpt":{"rendered":"<p>Soomes toodetud aktiveerimislaud kogu keha aktiveerimiseks, valmistatud looduslikust kiust komposiidist. Gymba aktiivne kasutamine on lihasaktiivsuse poolest v\u00f5rdv\u00e4\u00e4rne k\u00f5ndimisega.<\/p>\n","protected":false},"featured_media":95833,"comment_status":"open","ping_status":"closed","template":"","meta":{"_acf_changed":false},"factory":[],"free-shipment":[],"product_brand":[],"product_cat":[2490,714],"product_tag":[],"class_list":{"0":"post-28614","1":"product","2":"type-product","3":"status-publish","4":"has-post-thumbnail","6":"product_cat-ergonoomia","7":"product_cat-moobel","9":"first","10":"instock","11":"sale","12":"taxable","13":"shipping-taxable","14":"purchasable","15":"product-type-simple"},"acf":[],"_links":{"self":[{"href":"https:\/\/factory.sale\/et\/wp-json\/wp\/v2\/product\/28614","targetHints":{"allow":["GET"]}}],"collection":[{"href":"https:\/\/factory.sale\/et\/wp-json\/wp\/v2\/product"}],"about":[{"href":"https:\/\/factory.sale\/et\/wp-json\/wp\/v2\/types\/product"}],"replies":[{"embeddable":true,"href":"https:\/\/factory.sale\/et\/wp-json\/wp\/v2\/comments?post=28614"}],"wp:featuredmedia":[{"embeddable":true,"href":"https:\/\/factory.sale\/et\/wp-json\/wp\/v2\/media\/95833"}],"wp:attachment":[{"href":"https:\/\/factory.sale\/et\/wp-json\/wp\/v2\/media?parent=28614"}],"wp:term":[{"taxonomy":"factory","embeddable":true,"href":"https:\/\/factory.sale\/et\/wp-json\/wp\/v2\/factory?post=28614"},{"taxonomy":"free-shipment","embeddable":true,"href":"https:\/\/factory.sale\/et\/wp-json\/wp\/v2\/free-shipment?post=28614"},{"taxonomy":"product_brand","embeddable":true,"href":"https:\/\/factory.sale\/et\/wp-json\/wp\/v2\/product_brand?post=28614"},{"taxonomy":"product_cat","embeddable":true,"href":"https:\/\/factory.sale\/et\/wp-json\/wp\/v2\/product_cat?post=28614"},{"taxonomy":"product_tag","embeddable":true,"href":"https:\/\/factory.sale\/et\/wp-json\/wp\/v2\/product_tag?post=28614"}],"curies":[{"name":"wp","href":"https:\/\/api.w.org\/{rel}","templated":true}]}}