{"id":28437,"date":"2023-05-25T19:59:46","date_gmt":"2023-05-25T20:14:03","guid":{"rendered":"https:\/\/factory.sale\/?post_type=product&#038;p=28437"},"modified":"2024-06-25T16:21:28","modified_gmt":"2024-06-25T16:21:28","slug":"prugikast-inoxx","status":"publish","type":"product","link":"https:\/\/factory.sale\/et\/toode\/prugikast-inoxx\/","title":{"rendered":"Pr\u00fcgikast Inoxx"},"content":{"rendered":"<p>Soliidsed ja kaunid pr\u00fcgikastid sobivad ideaalselt parki v\u00f5i keset linnapilti praktilise \u00fclesande t\u00e4itmiseks.<br \/>\nKvaliteetne ja ilmastikukindel. Loodud taluma k\u00f5iki ilmastikutingimusi.<\/p>\n<p>&nbsp;<\/p>\n<p>&nbsp;<\/p>\n<p><strong>Tooteteave:<\/strong><\/p>\n<ul>\n<li>040,00 KIN<\/li>\n<li>INOXX pr\u00fcgikast<\/li>\n<li>Materjal: roostevaba teras<\/li>\n<li>M\u00f5\u00f5dud: 1050 x 300 x 430<\/li>\n<\/ul>\n","protected":false},"excerpt":{"rendered":"<p>Soliidsed ja kaunid pr\u00fcgikastid sobivad ideaalselt parki v\u00f5i keset linnapilti praktilise \u00fclesande t\u00e4itmiseks.<br \/>\nKvaliteetne ja ilmastikukindel. Loodud taluma k\u00f5iki ilmastikutingimusi.<\/p>\n<p>&nbsp;<\/p>\n","protected":false},"featured_media":28480,"comment_status":"open","ping_status":"closed","template":"","meta":{"_acf_changed":false},"factory":[],"free-shipment":[],"product_brand":[],"product_cat":[1100,1114],"product_tag":[4460],"class_list":{"0":"post-28437","1":"product","2":"type-product","3":"status-publish","4":"has-post-thumbnail","6":"product_cat-linnamoobel","7":"product_cat-pingid","8":"product_tag-urban-furniture-et","10":"first","11":"instock","12":"sale","13":"taxable","14":"shipping-taxable","15":"purchasable","16":"product-type-simple"},"acf":[],"_links":{"self":[{"href":"https:\/\/factory.sale\/et\/wp-json\/wp\/v2\/product\/28437","targetHints":{"allow":["GET"]}}],"collection":[{"href":"https:\/\/factory.sale\/et\/wp-json\/wp\/v2\/product"}],"about":[{"href":"https:\/\/factory.sale\/et\/wp-json\/wp\/v2\/types\/product"}],"replies":[{"embeddable":true,"href":"https:\/\/factory.sale\/et\/wp-json\/wp\/v2\/comments?post=28437"}],"wp:featuredmedia":[{"embeddable":true,"href":"https:\/\/factory.sale\/et\/wp-json\/wp\/v2\/media\/28480"}],"wp:attachment":[{"href":"https:\/\/factory.sale\/et\/wp-json\/wp\/v2\/media?parent=28437"}],"wp:term":[{"taxonomy":"factory","embeddable":true,"href":"https:\/\/factory.sale\/et\/wp-json\/wp\/v2\/factory?post=28437"},{"taxonomy":"free-shipment","embeddable":true,"href":"https:\/\/factory.sale\/et\/wp-json\/wp\/v2\/free-shipment?post=28437"},{"taxonomy":"product_brand","embeddable":true,"href":"https:\/\/factory.sale\/et\/wp-json\/wp\/v2\/product_brand?post=28437"},{"taxonomy":"product_cat","embeddable":true,"href":"https:\/\/factory.sale\/et\/wp-json\/wp\/v2\/product_cat?post=28437"},{"taxonomy":"product_tag","embeddable":true,"href":"https:\/\/factory.sale\/et\/wp-json\/wp\/v2\/product_tag?post=28437"}],"curies":[{"name":"wp","href":"https:\/\/api.w.org\/{rel}","templated":true}]}}