{"id":28431,"date":"2023-05-25T19:42:19","date_gmt":"2023-05-25T19:49:50","guid":{"rendered":"https:\/\/factory.sale\/?post_type=product&#038;p=28431"},"modified":"2024-06-25T20:10:56","modified_gmt":"2024-06-25T20:10:56","slug":"piknikukomplekt-rall","status":"publish","type":"product","link":"https:\/\/factory.sale\/et\/toode\/piknikukomplekt-rall\/","title":{"rendered":"Piknikukomplekt Rall"},"content":{"rendered":"<p>Kas otsid ideaalset viisi oma v\u00e4litingimustes veedetud aja t\u00e4iustamiseks? Sa ei pea enam kaugelt otsima! Pinknikukomplekt on disainitud teie vajadusi silmas pidades. Ideaalne v\u00e4litingimustes kogunemisteks, piknikuteks ja l\u00f5\u00f5gastumiseks.<\/p>\n<p>Meie pinkide ja lauaga piknikukomplekt \u00fchendab funktsionaalsuse, vastupidavuse ja stiili. Valmistatud kvaliteetsetest materjalidest, on need ehitatud vastu pidama ilmastikutingimustele, tagades pikaajalise j\u00f5udluse. Olgu tegemist p\u00e4ikeselise p\u00e4eva v\u00f5i vihmase ilmaga, v\u00f5id loota meie komplektile, mis pakub sulle ja su l\u00e4hedastele mugavaid istumis- ja einestamisv \u00f5imalusi.<\/p>\n<p>&nbsp;<\/p>\n<p><strong>Tooteinfo:<\/strong><\/p>\n<ul>\n<li>Mudel: TRA109.00<\/li>\n<li>RALL piknikukomplekt<\/li>\n<li>Materjal: Roostevaba teras<\/li>\n<li>TRA109.00 mudel koosneb 150 cm laiusest RALL lauast ja kahest 150 cm laiusest RALL pingist seljatugedega.<\/li>\n<li>Laud ja pingid on valmistatud terasest.<\/li>\n<\/ul>\n","protected":false},"excerpt":{"rendered":"<p>Kas otsid ideaalset viisi oma v\u00e4litingimustes veedetud aja t\u00e4iustamiseks? Sa ei pea enam kaugelt otsima! Pinknikukomplekt on disainitud teie vajadusi silmas pidades. Ideaalne v\u00e4litingimustes kogunemisteks, piknikuteks ja l\u00f5\u00f5gastumiseks.<\/p>\n","protected":false},"featured_media":28489,"comment_status":"open","ping_status":"closed","template":"","meta":{"_acf_changed":false},"factory":[],"free-shipment":[],"product_brand":[],"product_cat":[1100,1114],"product_tag":[2243],"class_list":{"0":"post-28431","1":"product","2":"type-product","3":"status-publish","4":"has-post-thumbnail","6":"product_cat-linnamoobel","7":"product_cat-pingid","8":"product_tag-picnic-table-et","10":"first","11":"instock","12":"sale","13":"taxable","14":"shipping-taxable","15":"purchasable","16":"product-type-simple"},"acf":[],"_links":{"self":[{"href":"https:\/\/factory.sale\/et\/wp-json\/wp\/v2\/product\/28431","targetHints":{"allow":["GET"]}}],"collection":[{"href":"https:\/\/factory.sale\/et\/wp-json\/wp\/v2\/product"}],"about":[{"href":"https:\/\/factory.sale\/et\/wp-json\/wp\/v2\/types\/product"}],"replies":[{"embeddable":true,"href":"https:\/\/factory.sale\/et\/wp-json\/wp\/v2\/comments?post=28431"}],"wp:featuredmedia":[{"embeddable":true,"href":"https:\/\/factory.sale\/et\/wp-json\/wp\/v2\/media\/28489"}],"wp:attachment":[{"href":"https:\/\/factory.sale\/et\/wp-json\/wp\/v2\/media?parent=28431"}],"wp:term":[{"taxonomy":"factory","embeddable":true,"href":"https:\/\/factory.sale\/et\/wp-json\/wp\/v2\/factory?post=28431"},{"taxonomy":"free-shipment","embeddable":true,"href":"https:\/\/factory.sale\/et\/wp-json\/wp\/v2\/free-shipment?post=28431"},{"taxonomy":"product_brand","embeddable":true,"href":"https:\/\/factory.sale\/et\/wp-json\/wp\/v2\/product_brand?post=28431"},{"taxonomy":"product_cat","embeddable":true,"href":"https:\/\/factory.sale\/et\/wp-json\/wp\/v2\/product_cat?post=28431"},{"taxonomy":"product_tag","embeddable":true,"href":"https:\/\/factory.sale\/et\/wp-json\/wp\/v2\/product_tag?post=28431"}],"curies":[{"name":"wp","href":"https:\/\/api.w.org\/{rel}","templated":true}]}}