{"id":28403,"date":"2023-05-25T18:52:17","date_gmt":"2023-05-25T19:02:31","guid":{"rendered":"https:\/\/factory.sale\/?post_type=product&#038;p=28403"},"modified":"2024-06-26T06:24:22","modified_gmt":"2024-06-26T06:24:22","slug":"kiviiste-lapidem","status":"publish","type":"product","link":"https:\/\/factory.sale\/et\/toode\/kiviiste-lapidem\/","title":{"rendered":"Kiviiste Lapidem"},"content":{"rendered":"<p>T\u00e4iustage oma linna v\u00f5i parki meie modernsete pinkidega. Disainitud nii mugavust kui ka vastupidavust silmas pidades, pakuvad meie pingid mugavat ja funktsionaalset istumislahendust nii elanikele kui k\u00fclastajatele. Valmistatud kvaliteetsetest materjalidest, on need pingid ehitatud vastu pidama v\u00e4litingimuste karmidele tingimustele, samal ajal s\u00e4ilitades oma ilu ja terviklikkuse. Olgu see siis vaikne park v\u00f5i vilgas linna keskus, meie pingid pakuvad t\u00e4iuslikku kohta l\u00f5\u00f5gastumiseks, suhtlemiseks ja \u00fcmbritseva nautimiseks. T\u00f5sta avalike ruumide veetlust ja mugavust meie usaldusv\u00e4\u00e4rsete ja stiilsete v\u00e4litingimustes kasutatavate pinkidega. Tutvu t\u00e4na meie kollektsiooniga ning loo v\u00e4lialad, kus on iga\u00fchel tore aega veeta.<\/p>\n<p>&nbsp;<\/p>\n<p>&nbsp;<\/p>\n<p><strong>Tooteteave:<\/strong><\/p>\n<ul>\n<li>LLA095.00<\/li>\n<li>LAPIDEM kiviiste<\/li>\n<li>Materjal: roostevaba teras<\/li>\n<li>M\u00f5\u00f5dud: 1935 x 1440 x 505<\/li>\n<\/ul>\n","protected":false},"excerpt":{"rendered":"<p>T\u00e4iustage oma linna v\u00f5i parki meie modernsete pinkidega. Disainitud nii mugavust kui ka vastupidavust silmas pidades, pakuvad meie pingid mugavat ja funktsionaalset istumislahendust nii elanikele kui k\u00fclastajatele. Valmistatud kvaliteetsetest materjalidest, on need pingid ehitatud vastu pidama v\u00e4litingimuste karmidele tingimustele, samal ajal s\u00e4ilitades oma ilu ja terviklikkuse.<\/p>\n","protected":false},"featured_media":28505,"comment_status":"open","ping_status":"closed","template":"","meta":{"_acf_changed":false},"factory":[],"free-shipment":[],"product_brand":[],"product_cat":[1099,1113],"product_tag":[],"class_list":{"0":"post-28403","1":"product","2":"type-product","3":"status-publish","4":"has-post-thumbnail","6":"product_cat-urban-furniture","7":"product_cat-benches-2","9":"first","10":"instock","11":"sale","12":"taxable","13":"shipping-taxable","14":"purchasable","15":"product-type-simple"},"acf":[],"_links":{"self":[{"href":"https:\/\/factory.sale\/et\/wp-json\/wp\/v2\/product\/28403","targetHints":{"allow":["GET"]}}],"collection":[{"href":"https:\/\/factory.sale\/et\/wp-json\/wp\/v2\/product"}],"about":[{"href":"https:\/\/factory.sale\/et\/wp-json\/wp\/v2\/types\/product"}],"replies":[{"embeddable":true,"href":"https:\/\/factory.sale\/et\/wp-json\/wp\/v2\/comments?post=28403"}],"wp:featuredmedia":[{"embeddable":true,"href":"https:\/\/factory.sale\/et\/wp-json\/wp\/v2\/media\/28505"}],"wp:attachment":[{"href":"https:\/\/factory.sale\/et\/wp-json\/wp\/v2\/media?parent=28403"}],"wp:term":[{"taxonomy":"factory","embeddable":true,"href":"https:\/\/factory.sale\/et\/wp-json\/wp\/v2\/factory?post=28403"},{"taxonomy":"free-shipment","embeddable":true,"href":"https:\/\/factory.sale\/et\/wp-json\/wp\/v2\/free-shipment?post=28403"},{"taxonomy":"product_brand","embeddable":true,"href":"https:\/\/factory.sale\/et\/wp-json\/wp\/v2\/product_brand?post=28403"},{"taxonomy":"product_cat","embeddable":true,"href":"https:\/\/factory.sale\/et\/wp-json\/wp\/v2\/product_cat?post=28403"},{"taxonomy":"product_tag","embeddable":true,"href":"https:\/\/factory.sale\/et\/wp-json\/wp\/v2\/product_tag?post=28403"}],"curies":[{"name":"wp","href":"https:\/\/api.w.org\/{rel}","templated":true}]}}