{"id":28320,"date":"2023-05-23T09:43:09","date_gmt":"2023-05-23T09:56:07","guid":{"rendered":"https:\/\/factory.sale\/?post_type=product&#038;p=28320"},"modified":"2025-03-26T00:50:13","modified_gmt":"2025-03-25T21:50:13","slug":"compound-s40-mastic-30kg","status":"publish","type":"product","link":"https:\/\/factory.sale\/et\/toode\/compound-s40-mastic-30kg\/","title":{"rendered":"Compound S40 Mastic 30kg"},"content":{"rendered":"<p><strong>Tootekood: compmas30<\/strong><\/p>\n<p>Compound S 40 Mastic on \u00e4\u00e4rmiselt lihtne ja kiire kasutada bituumenipasta. Compound S 40 Mastic kummibituumenipastat saab kasutada n\u00e4iteks kitsaste l\u00f5hede ja pragude t\u00e4itmiseks asfaltis\/betoonis ning betoonplaatide vaheliste vuukide jaoks. Compound S 40 bituumenipasta tagab pinna t\u00e4iusliku veekindluse. See sobib ka kanalisatsioonikaante, r\u00e4\u00e4staste, katuste ja l\u00e4biviikude tihendamiseks ning betoonist \u00e4\u00e4rekivide liimimiseks asfalti ja betooni k\u00fclge.<\/p>\n<p>Compound S 40 Mastic bituumenipasta on \u00e4\u00e4rmiselt lihtne ja kiire kasutada. Compound S 40 Masticuga saab t\u00e4ita n\u00e4iteks kitsaid l\u00f5hesid ja pragusid asfaltis\/betoonis ning betoonplaatide vahelisi vuuke. Kummit\u00e4rklis tagab pinna t\u00e4ieliku veekindluse. Toode sobib ka kanalisatsiooni luukide, r\u00e4\u00e4staste, katuste ja l\u00e4biviikude tihendamiseks ning betoonist \u00e4\u00e4rekivide liimimiseks asfalti ja betooni k\u00fclge. Bituumenipasta paigaldatakse ilma kuumutamiseta.<\/p>\n<p>Compound S 40 bituumenipasta sobib kasutamiseks isegi siis, kui liimimisalune pind on eba\u00fchtlane. T\u00e4nu oma paksule pastaalsusele t\u00e4idab Compound S 40 Mastic pinnal olevad ebatasasused.<\/p>\n<p>&nbsp;<\/p>\n<p><strong>Omadused:<\/strong><\/p>\n<ul>\n<li>T\u00e4ielikult veekindel kummibituumenipasta<\/li>\n<li>Suurep\u00e4rane nakkumine bituumenmaterjalidega.<\/li>\n<li>Suurep\u00e4rane nakkumine betooni, asbesttsemendi, tsingi, metallide ja asfaltiga.<\/li>\n<li>Takistab katlakivi teket.<\/li>\n<li>Lihtne kasutada.<\/li>\n<li>Vastupidav lahjendatud hapetele ja leelistele.<\/li>\n<\/ul>\n<p>&nbsp;<\/p>\n<p><strong>Erilised omadused:<\/strong><\/p>\n<ul>\n<li>V\u00e4rv: must<\/li>\n<li>Tihedus \/ 20 \u00b0C: +\/- 1,37<\/li>\n<li>Kuivamisaeg \u2013 RH 50 \u2013 60%<\/li>\n<li>\u2013 puudutuskuiv: +\/- 24h<\/li>\n<li>\u2013 saavutab f\u00fc\u00fcsilised omadused: +\/- 5 n\u00e4dalat<\/li>\n<li>Leekpunkt (lahustiaurud): +\/- 24 \u00b0C<\/li>\n<li>Temperatuurikindlus: -20 \u00b0C \u2013 +80 \u00b0C<\/li>\n<li>T\u00f6\u00f6temperatuur: 5 \u00b0C \u2013 +40 \u00b0C<\/li>\n<li>Pikenemiskindlus (pikenemine) 20 \u00b0C: 200%<\/li>\n<li>0\u00b0C:100%<\/li>\n<li>-10\u00b0C:25%<\/li>\n<li>Vertikaalne vool 60 \u00b0C: 0,5%<\/li>\n<li><em>COMPOUND S40 ON COPRO KLASSIFITSEERITUD<\/em><\/li>\n<\/ul>\n<p>&nbsp;<\/p>\n<p><strong>Ettevalmistus:<\/strong><\/p>\n<ul>\n<li>Veenduge, et tihendatava liite servad oleksid tolmuvabad ja rasvavabad. COMPOUND \u2013 MASTIC S 40 bituumenipastat saab kasutada ka veidi niisketel pindadel.<\/li>\n<li>Tihendi k\u00e4itumist m\u00f5jutavad suuresti liite ristumiskohad. Seet\u00f5ttu on soovitatav hoolikalt tagada ristumiskohad, v\u00f5ttes arvesse tihendi v\u00f5imalikku venimist.<\/li>\n<li>Tihendi nakkumist liite p\u00f5hjaga saab v\u00e4ltida, kasutades liite p\u00f5hjas n\u00e4iteks pol\u00fcet\u00fcleenist vahuriba (Flexijoint).<\/li>\n<li>See kruntliite teip aitab samuti piirata liite s\u00fcgavust.<\/li>\n<li>T\u00f6\u00f6temperatuur peaks olema vahemikus 5 \u00b0C kuni 40 \u00b0C.<\/li>\n<li>Krundi kasutamine ei ole vajalik traditsiooniliste materjalide, nagu betoon, asbesttsement, tsink v\u00f5i metallid, puhul.<\/li>\n<\/ul>\n<p>&nbsp;<\/p>\n<p>&nbsp;<\/p>\n<p><strong>Kasutamine:<\/strong><\/p>\n<ul>\n<li>Tihendage liite servad hoolikalt ja olge ettevaatlik, et liite p\u00f5hja ei j\u00e4\u00e4ks \u00f5hku.<\/li>\n<\/ul>\n<p>&nbsp;<\/p>\n<p><strong>Tarbimine:<\/strong><\/p>\n<ul>\n<li>+\/- 1,2 kg k\u00fcmne meetri kohta 10x10mm liitega.<\/li>\n<li>T\u00f6\u00f6riistade ja pritsmete puhastamine: Kohe. Tulemasinavaimuga.<\/li>\n<li>S\u00e4ilivusaeg: 2-3 aastat avamata pakendis.<\/li>\n<li>Pakendi suurus: 310 ml kassett. Kastid 25x310ml kassett.<\/li>\n<\/ul>\n","protected":false},"excerpt":{"rendered":"<ul>\n<li>T\u00e4ielikult veekindel kummibituumenipasta<\/li>\n<li>Suurep\u00e4rane nakkumine bituumenmaterjalidega.<\/li>\n<li>Suurep\u00e4rane nakkumine betooni, asbesttsemendi, tsingi, metallide ja asfaltiga.<\/li>\n<li>Takistab katlakivi teket.<\/li>\n<li>Lihtne kasutada.<\/li>\n<li>Vastupidav lahjendatud hapetele ja leelistele.<\/li>\n<\/ul>\n","protected":false},"featured_media":28327,"comment_status":"open","ping_status":"closed","template":"","meta":{"_acf_changed":false},"factory":[],"free-shipment":[],"product_brand":[],"product_cat":[2451,814],"product_tag":[],"class_list":{"0":"post-28320","1":"product","2":"type-product","3":"status-publish","4":"has-post-thumbnail","6":"product_cat-pindamine","7":"product_cat-uldehitus","9":"first","10":"instock","11":"sale","12":"taxable","13":"shipping-taxable","14":"purchasable","15":"product-type-simple"},"acf":[],"_links":{"self":[{"href":"https:\/\/factory.sale\/et\/wp-json\/wp\/v2\/product\/28320","targetHints":{"allow":["GET"]}}],"collection":[{"href":"https:\/\/factory.sale\/et\/wp-json\/wp\/v2\/product"}],"about":[{"href":"https:\/\/factory.sale\/et\/wp-json\/wp\/v2\/types\/product"}],"replies":[{"embeddable":true,"href":"https:\/\/factory.sale\/et\/wp-json\/wp\/v2\/comments?post=28320"}],"wp:featuredmedia":[{"embeddable":true,"href":"https:\/\/factory.sale\/et\/wp-json\/wp\/v2\/media\/28327"}],"wp:attachment":[{"href":"https:\/\/factory.sale\/et\/wp-json\/wp\/v2\/media?parent=28320"}],"wp:term":[{"taxonomy":"factory","embeddable":true,"href":"https:\/\/factory.sale\/et\/wp-json\/wp\/v2\/factory?post=28320"},{"taxonomy":"free-shipment","embeddable":true,"href":"https:\/\/factory.sale\/et\/wp-json\/wp\/v2\/free-shipment?post=28320"},{"taxonomy":"product_brand","embeddable":true,"href":"https:\/\/factory.sale\/et\/wp-json\/wp\/v2\/product_brand?post=28320"},{"taxonomy":"product_cat","embeddable":true,"href":"https:\/\/factory.sale\/et\/wp-json\/wp\/v2\/product_cat?post=28320"},{"taxonomy":"product_tag","embeddable":true,"href":"https:\/\/factory.sale\/et\/wp-json\/wp\/v2\/product_tag?post=28320"}],"curies":[{"name":"wp","href":"https:\/\/api.w.org\/{rel}","templated":true}]}}