{"id":28308,"date":"2023-05-23T09:28:56","date_gmt":"2023-05-23T09:37:56","guid":{"rendered":"https:\/\/factory.sale\/?post_type=product&#038;p=28308"},"modified":"2024-07-18T03:44:07","modified_gmt":"2024-07-18T00:44:07","slug":"iko-tinascoat-asfaldisegu-25-kg-kott","status":"publish","type":"product","link":"https:\/\/factory.sale\/et\/toode\/iko-tinascoat-asfaldisegu-25-kg-kott\/","title":{"rendered":"IKO TINASCOAT asfaldisegu &#8211; 25 kg kott"},"content":{"rendered":"<p><strong>Tootekood: ikotins\u00e4k25<\/strong><\/p>\n<p>Tinascoat asfaldisegu on v\u00e4ga kvaliteetne, ilma k\u00fctmiseta paigaldatav asfaldi parandusmass erinevate asfaldi alade parandamiseks. V\u00e4ikseid parandusi asfaltis ja betoonis saab teha \u00e4\u00e4rmiselt lihtsalt ja kiiresti. Tinascoati abil tehtud asfaldivaik on v\u00e4ga vastupidav ja pikaajaline. Tinascoat asfaldivaigu on valmis toode, mida saab kasutada k\u00f5igis ilmastikuoludes. Tinascoat on \u00fcks parimaid, ilma k\u00fctmiseta paigaldatavaid, bituumenip\u00f5hiseid parandusmeetodeid.<\/p>\n<p>&nbsp;<\/p>\n<p>Tinascoat asfaldivaik sobib kasutamiseks nii asfalt- kui ka betooniaukude kiireks parandamiseks. Tinascoat asfaldivaiku saab kasutada aastaringselt igasugustes ilmastikutingimustes.<br \/>\nKasutuskohti on mitmeid, n\u00e4iteks: t\u00e4navad ja hoovialad, k\u00f5nniteed, sillad ja parkimisalad, plaatide ja asfalti vaheliste \u00f5mbluste, asfaldiproovide puurimisaukude, vajumiste jms p\u00fcsivaks parandamiseks.<br \/>\nTinascoat asfaldivaik koosneb valitud kivimaterjalist ja lisaaineid sisaldavast bituumenist, t\u00e4nu millele p\u00fcsib paigaldatud materjal kindlalt aukudes. Tinascoati abil parandatud koht on tugev ning vastupidav nii kulumisele kui ka soolale. Materjali kihtide painduvus tagab asfaltpinna vastupidavuse. Mass talub kemikaale, kuid reageerib orgaaniliste lahustitega. Mass ei kleepu s\u00f5idukite rehvide k\u00fclge.<\/p>\n<p>&nbsp;<\/p>\n<ul>\n<li>Tinascoat asfaldivaigu unikaalne sideainekoostis moodustab paindliku ja kergesti t\u00f6\u00f6deldava massi, mis sobib eriti h\u00e4sti tavap\u00e4raste pinnakahjustuste parandamiseks, aga ka s\u00f5iduradade ja l\u00e4vepakkude parandamiseks ja paigaldamiseks.<\/li>\n<li>Parandatud ala saab kohe liiklusele avada. L\u00f5plik kuivamine toimub lisandite aurustudes. Paigaldamisel ei ole vaja erit\u00f6\u00f6riistu ega masinaid.<\/li>\n<li>Paigalduskiht 1 \u2013 5 cm (maksimaalselt 5 cm).<\/li>\n<li>Kui paigalduss\u00fcgavus on suurem, soovitatakse parandatava v\u00f5i remonditava ala p\u00f5hja panna n\u00e4iteks kruusa.<\/li>\n<\/ul>\n<p>&nbsp;<\/p>\n<ol>\n<li>Vajadusel praimeri parandatava ala servad (Tinascoat praimer aerosool)<\/li>\n<li>Kui tegemist on sissevajumisega, praimeri kogu parandatav sissevajumisala<\/li>\n<li>Vajadusel paigalda parandatava auku p\u00f5hja kruus<\/li>\n<li>Doseeri Tinascoat parandusmass<\/li>\n<li>Tihenda korralikult vibroplaatidega, k\u00e4sivibraatoriga v\u00f5i s\u00f5ida isegi autoga v\u00e4rske massi peale tihendamise tagamiseks.<\/li>\n<li>Parandus on valmis ja ala saab avada liiklusele.<\/li>\n<\/ol>\n<p>&nbsp;<\/p>\n<div class=\"video-wrapper \"><iframe loading=\"lazy\" title=\"RHV-tukku - asfaltinpaikkausta\" width=\"500\" height=\"281\" src=\"https:\/\/www.youtube.com\/embed\/8EL_I7Yo7Lk?feature=oembed\" frameborder=\"0\" allow=\"accelerometer; autoplay; clipboard-write; encrypted-media; gyroscope; picture-in-picture; web-share\" referrerpolicy=\"strict-origin-when-cross-origin\" allowfullscreen><\/iframe><\/div>\n","protected":false},"excerpt":{"rendered":"<p>Tinascoat asfaldisegu on v\u00e4ga kvaliteetne, ilma k\u00fctmiseta paigaldatav asfaldi parandusmass erinevate asfaldi alade parandamiseks. V\u00e4ikseid parandusi asfaltis ja betoonis saab teha \u00e4\u00e4rmiselt lihtsalt ja kiiresti. Tinascoati abil tehtud asfaldivaik on v\u00e4ga vastupidav ja pikaajaline. Tinascoat asfaldivaigu on valmis toode, mida saab kasutada k\u00f5igis ilmastikuoludes. Tinascoat on \u00fcks parimaid, ilma k\u00fctmiseta paigaldatavaid, bituumenip\u00f5hiseid parandusmeetodeid.<\/p>\n","protected":false},"featured_media":28306,"comment_status":"open","ping_status":"closed","template":"","meta":{"_acf_changed":false},"factory":[],"free-shipment":[],"product_brand":[],"product_cat":[2450,768],"product_tag":[],"class_list":{"0":"post-28308","1":"product","2":"type-product","3":"status-publish","4":"has-post-thumbnail","6":"product_cat-paving","7":"product_cat-general-construction","9":"first","10":"instock","11":"sale","12":"taxable","13":"shipping-taxable","14":"purchasable","15":"product-type-simple"},"acf":[],"_links":{"self":[{"href":"https:\/\/factory.sale\/et\/wp-json\/wp\/v2\/product\/28308","targetHints":{"allow":["GET"]}}],"collection":[{"href":"https:\/\/factory.sale\/et\/wp-json\/wp\/v2\/product"}],"about":[{"href":"https:\/\/factory.sale\/et\/wp-json\/wp\/v2\/types\/product"}],"replies":[{"embeddable":true,"href":"https:\/\/factory.sale\/et\/wp-json\/wp\/v2\/comments?post=28308"}],"wp:featuredmedia":[{"embeddable":true,"href":"https:\/\/factory.sale\/et\/wp-json\/wp\/v2\/media\/28306"}],"wp:attachment":[{"href":"https:\/\/factory.sale\/et\/wp-json\/wp\/v2\/media?parent=28308"}],"wp:term":[{"taxonomy":"factory","embeddable":true,"href":"https:\/\/factory.sale\/et\/wp-json\/wp\/v2\/factory?post=28308"},{"taxonomy":"free-shipment","embeddable":true,"href":"https:\/\/factory.sale\/et\/wp-json\/wp\/v2\/free-shipment?post=28308"},{"taxonomy":"product_brand","embeddable":true,"href":"https:\/\/factory.sale\/et\/wp-json\/wp\/v2\/product_brand?post=28308"},{"taxonomy":"product_cat","embeddable":true,"href":"https:\/\/factory.sale\/et\/wp-json\/wp\/v2\/product_cat?post=28308"},{"taxonomy":"product_tag","embeddable":true,"href":"https:\/\/factory.sale\/et\/wp-json\/wp\/v2\/product_tag?post=28308"}],"curies":[{"name":"wp","href":"https:\/\/api.w.org\/{rel}","templated":true}]}}