{"id":28230,"date":"2023-05-22T06:20:45","date_gmt":"2023-05-22T06:37:20","guid":{"rendered":"https:\/\/factory.sale\/?post_type=product&#038;p=28230"},"modified":"2024-06-26T17:54:38","modified_gmt":"2024-06-26T17:54:38","slug":"paevitustool-edge","status":"publish","type":"product","link":"https:\/\/factory.sale\/et\/toode\/paevitustool-edge\/","title":{"rendered":"P\u00e4evitustool Edge"},"content":{"rendered":"<p>Muuda oma \u00fcmbrust meie modernse linnam\u00f6\u00f6bliga. Kaasaegse disainiga vastupidav linnam\u00f6\u00f6bel lisab elegantsi ja funktsionaalsust avalikesse parkidesse, linnav\u00e4ljakutele ja mujale. Kvaliteetsetest materjalidest ja ilmastikukindla viimistlusega valmistatud pingid on loodud kestma pikkadeks aastak\u00fcmneteks. Kohandatavad valikud tagavad ainulaadse istumislahenduse, mis sobib teie \u00fcmbrusega. Loo hubane \u00a0keskkond, kus inimesed saaksid l\u00f5\u00f5gastuda, suhelda ja nautida \u00fcmbrust.<\/p>\n<p>&nbsp;<\/p>\n<p>&nbsp;<\/p>\n<p>&nbsp;<\/p>\n<p><strong>Tooteteave:<\/strong><\/p>\n<ul>\n<li>LED134.00<\/li>\n<li>EDGEp\u00e4evitustool<\/li>\n<li>Pulberv\u00e4rvitud teras + tuhk<\/li>\n<li>M\u00f5\u00f5dud: 1615 x 800 x 600<\/li>\n<\/ul>\n<p>&nbsp;<\/p>\n<p><em>V\u00f5tke meiega \u00fchendust, et arutada oma projekti ja avastada, kuidas meie lai linnam\u00f6\u00f6bli valik aitab Teil luua parimad lahendused v\u00e4listingimustesse!<\/em><\/p>\n","protected":false},"excerpt":{"rendered":"<p>Muuda oma \u00fcmbrust meie modernse linnam\u00f6\u00f6bliga. Kaasaegse disainiga vastupidav linnam\u00f6\u00f6bel lisab elegantsi ja funktsionaalsust avalikesse parkidesse, linnav\u00e4ljakutele ja mujale. Kvaliteetsetest materjalidest ja ilmastikukindla viimistlusega valmistatud pingid on loodud kestma pikkadeks aastak\u00fcmneteks. Kohandatavad valikud tagavad ainulaadse istumislahenduse, mis sobib teie \u00fcmbrusega. Loo hubane \u00a0keskkond, kus inimesed saaksid l\u00f5\u00f5gastuda, suhelda ja nautida \u00fcmbrust.<\/p>\n","protected":false},"featured_media":28227,"comment_status":"open","ping_status":"closed","template":"","meta":{"_acf_changed":false},"factory":[],"free-shipment":[],"product_brand":[],"product_cat":[1100,1114],"product_tag":[],"class_list":{"0":"post-28230","1":"product","2":"type-product","3":"status-publish","4":"has-post-thumbnail","6":"product_cat-linnamoobel","7":"product_cat-pingid","9":"first","10":"instock","11":"sale","12":"taxable","13":"shipping-taxable","14":"purchasable","15":"product-type-simple"},"acf":[],"_links":{"self":[{"href":"https:\/\/factory.sale\/et\/wp-json\/wp\/v2\/product\/28230","targetHints":{"allow":["GET"]}}],"collection":[{"href":"https:\/\/factory.sale\/et\/wp-json\/wp\/v2\/product"}],"about":[{"href":"https:\/\/factory.sale\/et\/wp-json\/wp\/v2\/types\/product"}],"replies":[{"embeddable":true,"href":"https:\/\/factory.sale\/et\/wp-json\/wp\/v2\/comments?post=28230"}],"wp:featuredmedia":[{"embeddable":true,"href":"https:\/\/factory.sale\/et\/wp-json\/wp\/v2\/media\/28227"}],"wp:attachment":[{"href":"https:\/\/factory.sale\/et\/wp-json\/wp\/v2\/media?parent=28230"}],"wp:term":[{"taxonomy":"factory","embeddable":true,"href":"https:\/\/factory.sale\/et\/wp-json\/wp\/v2\/factory?post=28230"},{"taxonomy":"free-shipment","embeddable":true,"href":"https:\/\/factory.sale\/et\/wp-json\/wp\/v2\/free-shipment?post=28230"},{"taxonomy":"product_brand","embeddable":true,"href":"https:\/\/factory.sale\/et\/wp-json\/wp\/v2\/product_brand?post=28230"},{"taxonomy":"product_cat","embeddable":true,"href":"https:\/\/factory.sale\/et\/wp-json\/wp\/v2\/product_cat?post=28230"},{"taxonomy":"product_tag","embeddable":true,"href":"https:\/\/factory.sale\/et\/wp-json\/wp\/v2\/product_tag?post=28230"}],"curies":[{"name":"wp","href":"https:\/\/api.w.org\/{rel}","templated":true}]}}