{"id":27979,"date":"2023-05-15T07:25:24","date_gmt":"2023-05-15T08:32:03","guid":{"rendered":"https:\/\/factory.sale\/?post_type=product&#038;p=27979"},"modified":"2024-06-26T14:31:17","modified_gmt":"2024-06-26T14:31:17","slug":"elektrikeris-loyly-loitsu-9-kw-9-15-m%c2%b3","status":"publish","type":"product","link":"https:\/\/factory.sale\/et\/toode\/elektrikeris-loyly-loitsu-9-kw-9-15-m%c2%b3\/","title":{"rendered":"Elektrikeris L\u00f6yly Loitsu, 9 kW, 9-15 m\u00b3"},"content":{"rendered":"<p><img loading=\"lazy\" decoding=\"async\" class=\"alignnone wp-image-27956\" src=\"https:\/\/factory.sale\/wp-content\/uploads\/2023\/05\/made-in-finland-300x240.png\" alt=\"\" width=\"379\" height=\"303\" srcset=\"https:\/\/factory.sale\/wp-content\/uploads\/2023\/05\/made-in-finland-300x240.png 300w, https:\/\/factory.sale\/wp-content\/uploads\/2023\/05\/made-in-finland-150x120.png 150w, https:\/\/factory.sale\/wp-content\/uploads\/2023\/05\/made-in-finland-600x480.png 600w, https:\/\/factory.sale\/wp-content\/uploads\/2023\/05\/made-in-finland.png 750w\" sizes=\"auto, (max-width: 379px) 100vw, 379px\" \/><\/p>\n<p>L\u00f6yly esimene elektrikeris, Loitsu, on turul k\u00f5ige sensatsioonilisem tornikeris. Selle disaini eesm\u00e4rk oli rahuldada kahte n\u00f5uet: v\u00e4limus peab meeldima ka k\u00f5ige n\u00f5udlikumale esteetilisele silmale ning leili peab vastama k\u00f5ige kirevamatele saunas\u00f5pradele.<\/p>\n<p>T\u00e4nu suurele kivimassile ja kvaliteetsetele vastupanijatele, mida valmistab Soome ettev\u00f5te Meyer, on kerise leil v\u00e4ga sarnane tuttavale pehmele ja pikaajalisele leilile, mida puiduk\u00fcttelised kerised toodavad.<\/p>\n<p>L\u00f6yly soome saunakerised sihivad parimat saunanautimist. Kerised on disainitud ja valmistatud Soomes kvaliteetsetest materjalidest, kus kvaliteet on alati esmat\u00e4htis. Oleme siin neile, kes ei tee j\u00e4releandmisi kvaliteedis ja soovivad kogeda maksimaalset naudingut meeleolukates leilisaunades.<\/p>\n<p><strong>Rohkem teavet kerise kohta:<\/strong><\/p>\n<p>Vastupanijate kujundus ja paigaldus v\u00f5imaldavad kividel paigutuda nende vahele optimaalselt. See tagab, et vastupanijad ei kuumene \u00fcksteist \u00fcle, vaid soojendavad kerise kive t\u00f5husalt. Selle tulemusena on vastupidavus vastupidavam ja leilielamus on suurep\u00e4rane!<\/p>\n<p>Nutika v\u00e4limise kesta kujunduse t\u00f5ttu on Loitsu ka ohutu saunakeris. Kui keris soojeneb ja leili visatakse, t\u00f5useb soe \u00f5hk kerises t\u00f5husalt \u00fclespoole. Samal ajal siseneb v\u00e4rske \u00f5hk v\u00e4liskesta avatud v\u00f5rgu kaudu, jahutades efektiivselt kerise v\u00e4limist pinda rohkem kui v\u00e4liskivid suudavad soojeneda. Soovitatavatel temperatuuridel saunas viibides ei t\u00f5use v\u00e4liskivide temperatuur nii k\u00f5rgeks kui vanade metallkattega keriste puhul, muutes Loitsu eriti turvaliseks valikuks, eriti lastega peredele.<\/p>\n<p>&nbsp;<\/p>\n<p><strong>V\u00e4rvivariandid:<\/strong><\/p>\n<ul>\n<li>Musta v\u00f5rguga<\/li>\n<li>Roostevabast terasest v\u00f5rk<\/li>\n<\/ul>\n<p>&nbsp;<\/p>\n<p><strong>Fikseeritud juhtimiskeskusega (ei sisalda KM):<\/strong><\/p>\n<ul>\n<li>Elektrikeris L\u00f6yly Loitsu, 9kW, 9-15 m\u00b3, fikseeritud juhtimikskeskus, rst must (LS9422KM) \u2013 930 .-<\/li>\n<li>Elektrikeris L\u00f6yly Loitsu, 9kW, 9-15 m\u00b3, fikseeritud juht, rst (LS9422KR) \u2013 930 .-<\/li>\n<\/ul>\n<p>&nbsp;<\/p>\n<p><strong>V\u00e4lise juhtimiskeskusega (ei sisalda KM):<\/strong><\/p>\n<ul>\n<li>Elektrikeris L\u00f6yly Loitsu, 9kW, 9-15 m\u00b3, eraldi juhtseade, rst must (LS9422EM) \u2013 1095 .-<\/li>\n<li>Elektrikeris L\u00f6yly Loitsu, 9kW, 9-15 m\u00b3, eraldi juhtseada, rst (LS9422ER) \u2013 1095 .-<\/li>\n<\/ul>\n<p>&nbsp;<\/p>\n<p>&nbsp;<\/p>\n<p><a href=\"https:\/\/factory.sale\/wp-content\/uploads\/2023\/05\/LoylySuomi_Loitsu-kiuas_Kayttoohje.pdf\" target=\"_blank\" rel=\"noopener\">Manuaal<\/a><\/p>\n","protected":false},"excerpt":{"rendered":"<p><span style=\"font-size: 16px;\">L\u00f6yly esimene elektrikeris, Loitsu, on turul k\u00f5ige sensatsioonilisem tornikeris. Selle disaini eesm\u00e4rk oli rahuldada kahte n\u00f5uet: v\u00e4limus peab meeldima ka k\u00f5ige n\u00f5udlikumale esteetilisele silmale, ja leil peab vastama k\u00f5ige kirevamate saunas\u00f5prade n\u00f5udmistele.<\/span><\/p>\n<div class=\"short-descr\">\n<div class=\"woocommerce-product-details__short-description\">\n<p><em>Valmistatud Soomes!<\/em><\/p>\n<\/div>\n<\/div>\n","protected":false},"featured_media":27954,"comment_status":"open","ping_status":"closed","template":"","meta":{"_acf_changed":false},"factory":[],"free-shipment":[],"product_brand":[],"product_cat":[2454,306],"product_tag":[2179,811,2176],"class_list":{"0":"post-27979","1":"product","2":"type-product","3":"status-publish","4":"has-post-thumbnail","6":"product_cat-loyly-et","7":"product_cat-saunakerised","8":"product_tag-electric-heater-et","9":"product_tag-sauna-et","10":"product_tag-sauna-heater-et","12":"first","13":"instock","14":"sale","15":"taxable","16":"shipping-taxable","17":"purchasable","18":"product-type-simple"},"acf":[],"_links":{"self":[{"href":"https:\/\/factory.sale\/et\/wp-json\/wp\/v2\/product\/27979","targetHints":{"allow":["GET"]}}],"collection":[{"href":"https:\/\/factory.sale\/et\/wp-json\/wp\/v2\/product"}],"about":[{"href":"https:\/\/factory.sale\/et\/wp-json\/wp\/v2\/types\/product"}],"replies":[{"embeddable":true,"href":"https:\/\/factory.sale\/et\/wp-json\/wp\/v2\/comments?post=27979"}],"wp:featuredmedia":[{"embeddable":true,"href":"https:\/\/factory.sale\/et\/wp-json\/wp\/v2\/media\/27954"}],"wp:attachment":[{"href":"https:\/\/factory.sale\/et\/wp-json\/wp\/v2\/media?parent=27979"}],"wp:term":[{"taxonomy":"factory","embeddable":true,"href":"https:\/\/factory.sale\/et\/wp-json\/wp\/v2\/factory?post=27979"},{"taxonomy":"free-shipment","embeddable":true,"href":"https:\/\/factory.sale\/et\/wp-json\/wp\/v2\/free-shipment?post=27979"},{"taxonomy":"product_brand","embeddable":true,"href":"https:\/\/factory.sale\/et\/wp-json\/wp\/v2\/product_brand?post=27979"},{"taxonomy":"product_cat","embeddable":true,"href":"https:\/\/factory.sale\/et\/wp-json\/wp\/v2\/product_cat?post=27979"},{"taxonomy":"product_tag","embeddable":true,"href":"https:\/\/factory.sale\/et\/wp-json\/wp\/v2\/product_tag?post=27979"}],"curies":[{"name":"wp","href":"https:\/\/api.w.org\/{rel}","templated":true}]}}