{"id":27964,"date":"2023-05-14T20:54:08","date_gmt":"2023-05-15T06:10:57","guid":{"rendered":"https:\/\/factory.sale\/?post_type=product&#038;p=27964"},"modified":"2024-06-27T23:02:57","modified_gmt":"2024-06-27T23:02:57","slug":"elektrikeris-loyly-loitsu-6-kw-6-9-m%c2%b3","status":"publish","type":"product","link":"https:\/\/factory.sale\/et\/toode\/elektrikeris-loyly-loitsu-6-kw-6-9-m%c2%b3\/","title":{"rendered":"Elektrikeris L\u00f6yly Loitsu, 6 kW, 6-9 m\u00b3"},"content":{"rendered":"<p><img loading=\"lazy\" decoding=\"async\" class=\"alignnone wp-image-27956\" src=\"https:\/\/factory.sale\/wp-content\/uploads\/2023\/05\/made-in-finland-300x240.png\" alt=\"\" width=\"379\" height=\"303\" srcset=\"https:\/\/factory.sale\/wp-content\/uploads\/2023\/05\/made-in-finland-300x240.png 300w, https:\/\/factory.sale\/wp-content\/uploads\/2023\/05\/made-in-finland-150x120.png 150w, https:\/\/factory.sale\/wp-content\/uploads\/2023\/05\/made-in-finland-600x480.png 600w, https:\/\/factory.sale\/wp-content\/uploads\/2023\/05\/made-in-finland.png 750w\" sizes=\"auto, (max-width: 379px) 100vw, 379px\" \/><\/p>\n<p>L\u00f6yly esimene elektrikeris, Loitsu, on turul k\u00f5ige sensatsioonilisem tornikeris. Selle disaini eesm\u00e4rk oli rahuldada kahte n\u00f5uet: v\u00e4limus peab meeldima ka k\u00f5ige n\u00f5udlikumale esteetilisele silmale ning leili peab vastama k\u00f5ige kirevamatele saunas\u00f5pradele.<\/p>\n<p>T\u00e4nu suurele kivimassile ja kvaliteetsetele vastupanijatele, mida valmistab Soome ettev\u00f5te Meyer, on kerise leil v\u00e4ga sarnane tuttavale pehmele ja pikaajalisele leilile, mida puiduk\u00fcttelised kerised toodavad.<\/p>\n<p>L\u00f6yly soome saunakerised sihivad parimat saunanautimist. Kerised on disainitud ja valmistatud Soomes kvaliteetsetest materjalidest, kus kvaliteet on alati esmat\u00e4htis. Oleme siin neile, kes ei tee j\u00e4releandmisi kvaliteedis ja soovivad kogeda maksimaalset naudingut meeleolukates leilisaunades.<\/p>\n<p><strong>Rohkem teavet kerise kohta:<\/strong><\/p>\n<p>Vastupanijate kujundus ja paigaldus v\u00f5imaldavad kividel paigutuda nende vahele optimaalselt. See tagab, et vastupanijad ei kuumene \u00fcksteist \u00fcle, vaid soojendavad kerise kive t\u00f5husalt. Selle tulemusena on vastupidavus vastupidavam ja leilielamus on suurep\u00e4rane!<\/p>\n<p>Nutika v\u00e4limise kesta kujunduse t\u00f5ttu on Loitsu ka ohutu saunakeris. Kui keris soojeneb ja leili visatakse, t\u00f5useb soe \u00f5hk kerises t\u00f5husalt \u00fclespoole. Samal ajal siseneb v\u00e4rske \u00f5hk v\u00e4liskesta avatud v\u00f5rgu kaudu, jahutades efektiivselt kerise v\u00e4limist pinda rohkem kui v\u00e4liskivid suudavad soojeneda. Soovitatavatel temperatuuridel saunas viibides ei t\u00f5use v\u00e4liskivide temperatuur nii k\u00f5rgeks kui vanade metallkattega keriste puhul, muutes Loitsu eriti turvaliseks valikuks, eriti lastega peredele.<\/p>\n<p>&nbsp;<\/p>\n<p>Kerise suurus 300x300x1200cm<\/p>\n<p>Kerisekivide kogus 120kg<\/p>\n<p><img loading=\"lazy\" decoding=\"async\" class=\"alignnone size-medium wp-image-40842\" src=\"https:\/\/factory.sale\/wp-content\/uploads\/2023\/05\/LoylySuomi_Loitsu-kiuas_Kayttoohje-pdf-300x300.png\" alt=\"\" width=\"300\" height=\"300\" srcset=\"https:\/\/factory.sale\/wp-content\/uploads\/2023\/05\/LoylySuomi_Loitsu-kiuas_Kayttoohje-pdf-300x300.png 300w, https:\/\/factory.sale\/wp-content\/uploads\/2023\/05\/LoylySuomi_Loitsu-kiuas_Kayttoohje-pdf-150x150.png 150w, https:\/\/factory.sale\/wp-content\/uploads\/2023\/05\/LoylySuomi_Loitsu-kiuas_Kayttoohje-pdf-75x75.png 75w, https:\/\/factory.sale\/wp-content\/uploads\/2023\/05\/LoylySuomi_Loitsu-kiuas_Kayttoohje-pdf-600x602.png 600w, https:\/\/factory.sale\/wp-content\/uploads\/2023\/05\/LoylySuomi_Loitsu-kiuas_Kayttoohje-pdf-100x100.png 100w, https:\/\/factory.sale\/wp-content\/uploads\/2023\/05\/LoylySuomi_Loitsu-kiuas_Kayttoohje-pdf.png 683w\" sizes=\"auto, (max-width: 300px) 100vw, 300px\" \/><\/p>\n<p><strong>V\u00e4rvivariandid:<\/strong><\/p>\n<ul>\n<li>Musta v\u00f5rguga<\/li>\n<li>Roostevabast terasest v\u00f5rk<\/li>\n<\/ul>\n<p>&nbsp;<\/p>\n<p><strong>Kinnise juhtimiskeskusega (ilma KM):<\/strong><\/p>\n<ul>\n<li>Elektrikeris L\u00f6yly Loitsu, 6 kW, 6-9 m\u00b3, fikseeritud juhtimine, must esipaneel (LS6422KM) &#8211; 795 \u20ac<\/li>\n<li>Elektrikeris L\u00f6yly Loitsu, 6 kW, 6-9 m\u00b3, fikseeritud juhtimine, roostevabast terasest (LS6422KR) &#8211; 795 \u20ac<\/li>\n<\/ul>\n<p>&nbsp;<\/p>\n<p><strong>V\u00e4lise juhtimiskeskusega (ilma KM):<\/strong><\/p>\n<ul>\n<li>Elektrikeris L\u00f6yly Loitsu, 6 kW, 6-9 m\u00b3, eraldi juhtimine, roostevabast terasest must (LS6422EM) &#8211; 960 \u20ac<\/li>\n<li>Elektrikeris L\u00f6yly Loitsu, 6 kW, 6-9 m\u00b3, eraldi juhtimine, roostevabast terasest (LS6422ER) &#8211; 960 \u20ac<\/li>\n<\/ul>\n<p>&nbsp;<\/p>\n<p><a href=\"https:\/\/factory.sale\/wp-content\/uploads\/2023\/05\/LOYLY-FINLAND-LOITSU-ELEKTRILISE-SAUNAKERISE-JUHEND.pdf\" target=\"_blank\" rel=\"noopener\">Manuaal<\/a><\/p>\n","protected":false},"excerpt":{"rendered":"<p>L\u00f6yly esimene elektrikeris, Loitsu, on turul k\u00f5ige sensatsioonilisem tornikeris. Selle disaini eesm\u00e4rk oli rahuldada kahte n\u00f5uet: v\u00e4limus peab meeldima ka k\u00f5ige n\u00f5udlikumale esteetilisele silmale, ja leil peab vastama k\u00f5ige kirevamate saunas\u00f5prade n\u00f5udmistele.<\/p>\n<p><em>Valmistatud Soomes!<\/em><\/p>\n<p>&nbsp;<\/p>\n","protected":false},"featured_media":27954,"comment_status":"open","ping_status":"closed","template":"","meta":{"_acf_changed":false},"factory":[],"free-shipment":[],"product_brand":[],"product_cat":[2454,306],"product_tag":[2179,811,2176],"class_list":{"0":"post-27964","1":"product","2":"type-product","3":"status-publish","4":"has-post-thumbnail","6":"product_cat-loyly-et","7":"product_cat-saunakerised","8":"product_tag-electric-heater-et","9":"product_tag-sauna-et","10":"product_tag-sauna-heater-et","12":"first","13":"instock","14":"sale","15":"taxable","16":"shipping-taxable","17":"purchasable","18":"product-type-simple"},"acf":[],"_links":{"self":[{"href":"https:\/\/factory.sale\/et\/wp-json\/wp\/v2\/product\/27964","targetHints":{"allow":["GET"]}}],"collection":[{"href":"https:\/\/factory.sale\/et\/wp-json\/wp\/v2\/product"}],"about":[{"href":"https:\/\/factory.sale\/et\/wp-json\/wp\/v2\/types\/product"}],"replies":[{"embeddable":true,"href":"https:\/\/factory.sale\/et\/wp-json\/wp\/v2\/comments?post=27964"}],"wp:featuredmedia":[{"embeddable":true,"href":"https:\/\/factory.sale\/et\/wp-json\/wp\/v2\/media\/27954"}],"wp:attachment":[{"href":"https:\/\/factory.sale\/et\/wp-json\/wp\/v2\/media?parent=27964"}],"wp:term":[{"taxonomy":"factory","embeddable":true,"href":"https:\/\/factory.sale\/et\/wp-json\/wp\/v2\/factory?post=27964"},{"taxonomy":"free-shipment","embeddable":true,"href":"https:\/\/factory.sale\/et\/wp-json\/wp\/v2\/free-shipment?post=27964"},{"taxonomy":"product_brand","embeddable":true,"href":"https:\/\/factory.sale\/et\/wp-json\/wp\/v2\/product_brand?post=27964"},{"taxonomy":"product_cat","embeddable":true,"href":"https:\/\/factory.sale\/et\/wp-json\/wp\/v2\/product_cat?post=27964"},{"taxonomy":"product_tag","embeddable":true,"href":"https:\/\/factory.sale\/et\/wp-json\/wp\/v2\/product_tag?post=27964"}],"curies":[{"name":"wp","href":"https:\/\/api.w.org\/{rel}","templated":true}]}}