{"id":27813,"date":"2023-05-10T08:05:17","date_gmt":"2023-05-10T08:44:10","guid":{"rendered":"https:\/\/factory.sale\/?post_type=product&#038;p=27813"},"modified":"2025-03-27T12:32:15","modified_gmt":"2025-03-27T09:32:15","slug":"ikopro-refresh-asphalt-20kg","status":"publish","type":"product","link":"https:\/\/factory.sale\/et\/toode\/ikopro-refresh-asphalt-20kg\/","title":{"rendered":"IKOpro Refresh Asphalt 20kg"},"content":{"rendered":"<p><strong>Toote kood: ikoasp20<\/strong><\/p>\n<p>&nbsp;<\/p>\n<p>Refresh Asphalt &#8211; asfaldi kattekiht parandab ja katab kulunud ja pragunenud asfaldi pindu ning takistab asfaldi muutumist rabedaks ja kivimaterjali kaotamist. Asfaldi kattekiht kaitseb ja tasandab pinda kohtades, kus asfalt on pragunenud ja eba\u00fchtlane. Katteriie t\u00e4idab ja tasandab v\u00e4iksemaid pragusid ning takistab kahjustusi k\u00fclmumisest ja niiskusest.<\/p>\n<p>Refresh Asphalt &#8211; asfaldi kattekiht annab vanadele asfaldipindadele lisaaastaid ja peaaegu uue v\u00e4ljan\u00e4gemise. Pakendi suurus 20 kg.<\/p>\n<p>Refresh Asphalt on emulsioon (vedelasfalt) mass, mis sisaldab bituumenemulsiooni, vaiku ja sideaineid. Toode annab vanadele asfaldipindadele lisaaastaid ja uue asfaldi v\u00e4ljan\u00e4gemise.<\/p>\n<p>&nbsp;<\/p>\n<p><strong>Kasutamine:<\/strong><\/p>\n<p>Refresh Asphalt parandab ja renoveerib kulunud ja pragunenud asfaldi pindu ning takistab asfaldi muutumist rabedaks ja kivimaterjali kaotamist. Asfaldi kattekiht kaitseb ja tasandab pinda kohtades, kus asfalt on pragunenud ja eba\u00fchtlane. Kattekiht t\u00e4idab ja tasandab v\u00e4iksemaid pragusid ning takistab kahjustusi k\u00fclmumisest ja niiskusest.<\/p>\n<p><strong>Omadused:<\/strong><\/p>\n<ul>\n<li>Libisemisvastane ja paindlik pind<\/li>\n<li>\u00c4\u00e4rmiselt hea temperatuurikindlus<\/li>\n<li>Ei sisalda lahusteid<\/li>\n<\/ul>\n<p>&nbsp;<\/p>\n<p><strong>Eriomadused:<\/strong><\/p>\n<ul>\n<li>V\u00e4rv: must<\/li>\n<li>Tihedus: +\/- 1,2<\/li>\n<li>Viskoossus 20 \u00b0C juures +\/- 7 000 cps<\/li>\n<li>Kuivamisaeg 20 \u00b0C RH 50-60%<\/li>\n<li>Liimitaeg +\/- 8 tundi<\/li>\n<li>Kuivamisaeg +\/- 24 tundi<\/li>\n<li>Toote kontsentratsioon kaalust kuivana +\/- 55%<\/li>\n<\/ul>\n<p>&nbsp;<\/p>\n<p><strong>Kasutusjuhend:<\/strong><\/p>\n<p>Katmist vajava pinna tuleb puhastada lahtisest mustusest, rasvast ja \u00f5list. \u00c4rge kasutage toodet t\u00f5rvaga v\u00f5i s\u00f6ega t\u00f6\u00f6deldud pinnal. Enne Refresh Asphaldi kasutamist parandage augud ja praod Tinascoatiga v\u00f5i Compound t\u00e4iteainega. Oodake v\u00e4hemalt kolm n\u00e4dalat p\u00e4rast Tinascoat v\u00f5i Compound-S 40-ga parandamist enne Refresh Asphalti kasutamist.<br \/>\nSegage Refresh Asphalt enne kasutamist.<br \/>\nKandke toode pinnale kummilabidaga v\u00f5i pehme harjaga.<\/p>\n<ul>\n<li>Segage enne kasutamist Refresh Asphalt hoolikalt l\u00e4bi.<\/li>\n<li>Kandke toode pinnale kummist labida v\u00f5i pehme harjaga.<\/li>\n<li>Uuele asfaldile paigaldamisel kandke Refresh Asphalt sooja pinnale.<\/li>\n<li>Paigaldamise ajal peaks pinna temperatuur olema 10-30\u00b0C.<\/li>\n<li>Paigaldamiseks ideaalne temperatuur on 15-20\u00b0C.<\/li>\n<li>Tarbimine: +\/- 1 kg\/m2 &#8211; maksimaalselt 1,5 kg\/m2.<\/li>\n<li>Puhastage t\u00f6\u00f6riistad kohe veega.<\/li>\n<li>S\u00e4ilitage 6 kuud k\u00fclma eest kaitstult \u00f5hukindlas pakendis.<\/li>\n<li>Pakendi suurus 20 ltr\/20 kg.<\/li>\n<\/ul>\n<p>&nbsp;<\/p>\n<p>&nbsp;<\/p>\n<p><a href=\"https:\/\/factory.sale\/wp-content\/uploads\/2023\/05\/Refresh_Asphalt_EN.pdf\" target=\"_blank\" rel=\"noopener\">IKOpro<\/a><\/p>\n<div class=\"video-wrapper \"><iframe loading=\"lazy\" title=\"Asfaltin pinnoitus - Refresh Asphalt\" width=\"500\" height=\"281\" src=\"https:\/\/www.youtube.com\/embed\/3cNZ8JEZuws?feature=oembed\" frameborder=\"0\" allow=\"accelerometer; autoplay; clipboard-write; encrypted-media; gyroscope; picture-in-picture; web-share\" referrerpolicy=\"strict-origin-when-cross-origin\" allowfullscreen><\/iframe><\/div>\n","protected":false},"excerpt":{"rendered":"<p>Refresh Asphalt &#8211; asfaltkatte parandab ja katteb kulumise ja pragunemisega asfaltkatteid, samuti takistab asfaldi hapraks muutumist ja kivimaterjali eraldumist. Asfaldi katmine kaitseb ja tasandab asfaltkatteid nendes kohtades, kus asfaldi pind praguneb ja on eba\u00fchtlane. Kattekiht tasandab ja t\u00e4idab v\u00e4iksed praod ning takistab k\u00fclmakahjustusi ja niiskuskahjustusi.<br \/>\nRefresh Asphalt &#8211; pinnaasfalt annab vanale asfaltkattele aastaid eluiga juurde ja praktiliselt uue v\u00e4ljan\u00e4gemise. Pakendi suurus on 20 kg.<\/p>\n<p>&nbsp;<\/p>\n<p>&nbsp;<\/p>\n","protected":false},"featured_media":27805,"comment_status":"open","ping_status":"closed","template":"","meta":{"_acf_changed":false},"factory":[],"free-shipment":[],"product_brand":[],"product_cat":[2451,814],"product_tag":[],"class_list":{"0":"post-27813","1":"product","2":"type-product","3":"status-publish","4":"has-post-thumbnail","6":"product_cat-pindamine","7":"product_cat-uldehitus","9":"first","10":"instock","11":"sale","12":"taxable","13":"shipping-taxable","14":"purchasable","15":"product-type-simple"},"acf":[],"_links":{"self":[{"href":"https:\/\/factory.sale\/et\/wp-json\/wp\/v2\/product\/27813","targetHints":{"allow":["GET"]}}],"collection":[{"href":"https:\/\/factory.sale\/et\/wp-json\/wp\/v2\/product"}],"about":[{"href":"https:\/\/factory.sale\/et\/wp-json\/wp\/v2\/types\/product"}],"replies":[{"embeddable":true,"href":"https:\/\/factory.sale\/et\/wp-json\/wp\/v2\/comments?post=27813"}],"wp:featuredmedia":[{"embeddable":true,"href":"https:\/\/factory.sale\/et\/wp-json\/wp\/v2\/media\/27805"}],"wp:attachment":[{"href":"https:\/\/factory.sale\/et\/wp-json\/wp\/v2\/media?parent=27813"}],"wp:term":[{"taxonomy":"factory","embeddable":true,"href":"https:\/\/factory.sale\/et\/wp-json\/wp\/v2\/factory?post=27813"},{"taxonomy":"free-shipment","embeddable":true,"href":"https:\/\/factory.sale\/et\/wp-json\/wp\/v2\/free-shipment?post=27813"},{"taxonomy":"product_brand","embeddable":true,"href":"https:\/\/factory.sale\/et\/wp-json\/wp\/v2\/product_brand?post=27813"},{"taxonomy":"product_cat","embeddable":true,"href":"https:\/\/factory.sale\/et\/wp-json\/wp\/v2\/product_cat?post=27813"},{"taxonomy":"product_tag","embeddable":true,"href":"https:\/\/factory.sale\/et\/wp-json\/wp\/v2\/product_tag?post=27813"}],"curies":[{"name":"wp","href":"https:\/\/api.w.org\/{rel}","templated":true}]}}