{"id":27409,"date":"2023-04-28T12:41:33","date_gmt":"2023-04-28T13:16:03","guid":{"rendered":"https:\/\/factory.sale\/?post_type=product&#038;p=27409"},"modified":"2024-06-27T15:13:07","modified_gmt":"2024-06-27T15:13:07","slug":"ventilaator-caframo-ecofan-air-deco-i-must","status":"publish","type":"product","link":"https:\/\/factory.sale\/et\/toode\/ventilaator-caframo-ecofan-air-deco-i-must\/","title":{"rendered":"Ventilaator Caframo ECOFAN AIR DECO I, must"},"content":{"rendered":"<div class=\"flex-1 overflow-hidden\">\n<div class=\"react-scroll-to-bottom--css-iqniw-79elbk h-full dark:bg-gray-800\">\n<div class=\"react-scroll-to-bottom--css-iqniw-1n7m0yu\">\n<div class=\"flex flex-col items-center text-sm dark:bg-gray-800\">\n<div class=\"group w-full text-gray-800 dark:text-gray-100 border-b border-black\/10 dark:border-gray-900\/50 bg-gray-50 dark:bg-[#444654]\">\n<div class=\"text-base gap-4 md:gap-6 md:max-w-2xl lg:max-w-xl xl:max-w-3xl p-4 md:py-6 flex lg:px-0 m-auto\">\n<div class=\"relative flex w-[calc(100%-50px)] flex-col gap-1 md:gap-3 lg:w-[calc(100%-115px)]\">\n<div class=\"flex flex-grow flex-col gap-3\">\n<div class=\"min-h-[20px] flex flex-col items-start gap-4 whitespace-pre-wrap break-words\">\n<div class=\"markdown prose w-full break-words dark:prose-invert light\">\n<p>Ventilaator AirDeco on autentsete Ecofanide j\u00e4rgmine p\u00f5lvkond, millel on auhinnatud patenditaotluslik disain, uus esteetika ja \u00fcldine j\u00f5udlus.<\/p>\n<ul>\n<li>160 CFM (272 m\u00b3\/h)<\/li>\n<li>Soojendab ruumi kuni 36% kiiremini<\/li>\n<li>Alustemperatuur 110\u00b0C &#8211; 345\u00b0C<\/li>\n<li>T\u00f5estatud, et v\u00e4hendab k\u00fctuse tarbimist ja heitmeid kuni 17%<\/li>\n<li>4-aastane garantii<\/li>\n<li>Toote suurus: 6,6 cm x 10,16 cm x 22,35 cm<\/li>\n<li>8-tolline laba (203 mm)<\/li>\n<\/ul>\n<p>&nbsp;<\/p>\n<p>&nbsp;<\/p>\n<p><strong>TOOTE SPETSIFIKATSIOONID:<\/strong><\/p>\n<ul>\n<li>KAAL (NAELAD): 1,84<\/li>\n<li>UOM: EA<\/li>\n<li>LABADE V\u00c4RV: Must<\/li>\n<li>CFM: 160<\/li>\n<li>STIIL: Kaasaegne<\/li>\n<li>T\u00d6\u00d6ULATUS: 65\u00b0C &#8211; 345\u00b0C<\/li>\n<li>PIIRATUD GARANTII: 4 aastat<\/li>\n<li>TOOTE SUURUS: 6,6 cm x 10,16 cm x 22,35 cm<\/li>\n<\/ul>\n<\/div>\n<\/div>\n<\/div>\n<div class=\"flex justify-between lg:block\">\n<div class=\"text-gray-400 flex self-end lg:self-center justify-center mt-2 gap-2 md:gap-3 lg:gap-1 lg:absolute lg:top-0 lg:translate-x-full lg:right-0 lg:mt-0 lg:pl-2 visible\"><\/div>\n<\/div>\n<\/div>\n<\/div>\n<\/div>\n<div class=\"w-full h-32 md:h-48 flex-shrink-0\"><\/div>\n<\/div>\n<p>&nbsp;<\/p>\n<p>&nbsp;<\/p>\n<p><a href=\"https:\/\/factory.sale\/wp-content\/uploads\/2023\/04\/ECOFAN-AIRDECO-MANUAL.pdf\" target=\"_blank\" rel=\"noopener\">Manuaal<\/a><\/p>\n<p>&nbsp;<\/p>\n<div class=\"video-wrapper \"><iframe loading=\"lazy\" title=\"Introducing the New Ecofan AirDeco I, Caframo&#039;s Premium Performing Wood Stove Fan\" width=\"500\" height=\"281\" src=\"https:\/\/www.youtube.com\/embed\/s7-LS0yzUoM?feature=oembed\" frameborder=\"0\" allow=\"accelerometer; autoplay; clipboard-write; encrypted-media; gyroscope; picture-in-picture; web-share\" referrerpolicy=\"strict-origin-when-cross-origin\" allowfullscreen><\/iframe><\/div>\n<\/div>\n<\/div>\n<\/div>\n<div class=\"absolute bottom-0 left-0 w-full border-t md:border-t-0 dark:border-white\/20 md:border-transparent md:dark:border-transparent md:bg-vert-light-gradient bg-white dark:bg-gray-800 md:!bg-transparent dark:md:bg-vert-dark-gradient pt-2\">\n<form class=\"stretch mx-2 flex flex-row gap-3 last:mb-2 md:mx-4 md:last:mb-6 lg:mx-auto lg:max-w-2xl xl:max-w-3xl\">\n<div class=\"relative flex h-full flex-1 items-stretch md:flex-col\">\n<div class=\"\">\n<div class=\"h-full flex ml-1 md:w-full md:m-auto md:mb-2 gap-0 md:gap-2 justify-center\">\n<div class=\"flex w-full items-center justify-center gap-2\"><\/div>\n<\/div>\n<\/div>\n<\/div>\n<\/form>\n<\/div>\n","protected":false},"excerpt":{"rendered":"<p>Ventilaator AirDeco on autentsete Ecofanide j\u00e4rgmine p\u00f5lvkond, millel on auhinnatud patenditaotluslik disain, uus esteetika ja \u00fcldine j\u00f5udlus.<\/p>\n<ul>\n<li>160 CFM (272 m\u00b3\/h)<\/li>\n<li>Soojendab ruumi kuni 36% kiiremini<\/li>\n<li>Alustemperatuur 110\u00b0C &#8211; 345\u00b0C<\/li>\n<li>T\u00f5estatud, et v\u00e4hendab k\u00fctuse tarbimist ja heitmeid kuni 17%<\/li>\n<li>4-aastane garantii<\/li>\n<li>Toote suurus: 6,6 cm x 10,16 cm x 22,35 cm<\/li>\n<li>8-tolline laba (203 mm)<\/li>\n<\/ul>\n<p>&nbsp;<\/p>\n","protected":false},"featured_media":27401,"comment_status":"open","ping_status":"closed","template":"","meta":{"_acf_changed":false},"factory":[],"free-shipment":[],"product_brand":[],"product_cat":[1227],"product_tag":[],"class_list":{"0":"post-27409","1":"product","2":"type-product","3":"status-publish","4":"has-post-thumbnail","6":"product_cat-kute-vesi-ja-ventilatsioon","8":"first","9":"instock","10":"sale","11":"taxable","12":"shipping-taxable","13":"purchasable","14":"product-type-simple"},"acf":[],"_links":{"self":[{"href":"https:\/\/factory.sale\/et\/wp-json\/wp\/v2\/product\/27409","targetHints":{"allow":["GET"]}}],"collection":[{"href":"https:\/\/factory.sale\/et\/wp-json\/wp\/v2\/product"}],"about":[{"href":"https:\/\/factory.sale\/et\/wp-json\/wp\/v2\/types\/product"}],"replies":[{"embeddable":true,"href":"https:\/\/factory.sale\/et\/wp-json\/wp\/v2\/comments?post=27409"}],"wp:featuredmedia":[{"embeddable":true,"href":"https:\/\/factory.sale\/et\/wp-json\/wp\/v2\/media\/27401"}],"wp:attachment":[{"href":"https:\/\/factory.sale\/et\/wp-json\/wp\/v2\/media?parent=27409"}],"wp:term":[{"taxonomy":"factory","embeddable":true,"href":"https:\/\/factory.sale\/et\/wp-json\/wp\/v2\/factory?post=27409"},{"taxonomy":"free-shipment","embeddable":true,"href":"https:\/\/factory.sale\/et\/wp-json\/wp\/v2\/free-shipment?post=27409"},{"taxonomy":"product_brand","embeddable":true,"href":"https:\/\/factory.sale\/et\/wp-json\/wp\/v2\/product_brand?post=27409"},{"taxonomy":"product_cat","embeddable":true,"href":"https:\/\/factory.sale\/et\/wp-json\/wp\/v2\/product_cat?post=27409"},{"taxonomy":"product_tag","embeddable":true,"href":"https:\/\/factory.sale\/et\/wp-json\/wp\/v2\/product_tag?post=27409"}],"curies":[{"name":"wp","href":"https:\/\/api.w.org\/{rel}","templated":true}]}}