{"id":27390,"date":"2023-04-28T11:34:53","date_gmt":"2023-04-28T12:17:27","guid":{"rendered":"https:\/\/factory.sale\/?post_type=product&#038;p=27390"},"modified":"2025-03-20T22:21:07","modified_gmt":"2025-03-20T19:21:07","slug":"ventilaator-caframo-ecofan-812-must","status":"publish","type":"product","link":"https:\/\/factory.sale\/et\/toode\/ventilaator-caframo-ecofan-812-must\/","title":{"rendered":"Ventilaator Caframo ECOFAN 812, must"},"content":{"rendered":"<ul>\n<li>Ideaalne k\u00f5igi ruumisuuruste jaoks<\/li>\n<li>175 CFM (297 m\u00b3\/h)<\/li>\n<li>Soojendab ruumi kuni 38% kiiremini<\/li>\n<li>T\u00f5estatud, et v\u00e4hendab k\u00fctuse tarbimist ja heitmeid kuni 18%<\/li>\n<li>T\u00f6\u00f6temperatuur 85\u00b0C &#8211; 345\u00b0C<\/li>\n<li>2-aastane garantii<\/li>\n<\/ul>\n<p>&nbsp;<\/p>\n<p>Esitleme Ecofani &#8211; suurep\u00e4rast lisandust teie kodule, mis on nii keskkonnas\u00f5bralik kui ka t\u00f5hus. See keskmise suurusega ventilaator pakub v\u00f5imsust 125 kuupjalga minutis, tagades, et teie kodu j\u00e4\u00e4b jahe ja mugav ilma elektri ega patareide vajaduseta. Ecofan on valmistatud k\u00f5rgeima kvaliteediga materjalidest, et see kestaks ja lisaks elegantsi igasse ruumi. Lisaks oma keskkonnas\u00f5bralikule disainile saate rahuolu teadmisest, et teete oma osa planeedi heaks. Uuendage oma kodu Ecofaniga t\u00e4na ja kogege ideaalset vormi ja funktsiooni segu!<\/p>\n<p>&nbsp;<\/p>\n<p><strong>TOOTE SPETSIFIKATSIOONID:<\/strong><\/p>\n<ul>\n<li>TOOTE SUURUS: 8,38 cm x 13,97 cm x 25,40 cm<\/li>\n<li>KAAL (NAELAD): 3,22<\/li>\n<li>UOM: EA<\/li>\n<li>UPC: 062503812177<\/li>\n<li>V\u00c4RV: Must<\/li>\n<li>CFM: 175<\/li>\n<li>STIIL: Klassikaline<\/li>\n<li>K\u00dcTUSE S\u00c4\u00c4STMINE (%): 18<\/li>\n<li>T\u00d6\u00d6ULATUS: 85\u00b0C &#8211; 345\u00b0C<\/li>\n<li>PIIRATUD GARANTII: 2 aastat<\/li>\n<\/ul>\n<p>&nbsp;<\/p>\n<p><a href=\"https:\/\/factory.sale\/wp-content\/uploads\/2023\/04\/ECOFAN.pdf\" target=\"_blank\" rel=\"noopener\">Manuaal<\/a><\/p>\n<p>&nbsp;<\/p>\n<p>&nbsp;<\/p>\n<p>&nbsp;<\/p>\n<div class=\"video-wrapper \"><iframe loading=\"lazy\" title=\"What Makes Ecofan Such a Worthwhile Investment? Let Our Fans Tell You.\" width=\"500\" height=\"281\" src=\"https:\/\/www.youtube.com\/embed\/X-Lve9MhJtY?feature=oembed\" frameborder=\"0\" allow=\"accelerometer; autoplay; clipboard-write; encrypted-media; gyroscope; picture-in-picture; web-share\" referrerpolicy=\"strict-origin-when-cross-origin\" allowfullscreen><\/iframe><\/div>\n","protected":false},"excerpt":{"rendered":"<ul>\n<li>Ideaalne k\u00f5igi ruumisuuruste jaoks<\/li>\n<li>175 CFM (297 m\u00b3\/h)<\/li>\n<li>Soojendab ruumi kuni 38% kiiremini<\/li>\n<li>T\u00f5estatud, et v\u00e4hendab k\u00fctuse tarbimist ja heitmeid kuni 18%<\/li>\n<li>T\u00f6\u00f6temperatuur 85\u00b0C &#8211; 345\u00b0C<\/li>\n<li>2-aastane garantii<\/li>\n<\/ul>\n","protected":false},"featured_media":27382,"comment_status":"open","ping_status":"closed","template":"","meta":{"_acf_changed":false},"factory":[],"free-shipment":[],"product_brand":[],"product_cat":[1227],"product_tag":[],"class_list":{"0":"post-27390","1":"product","2":"type-product","3":"status-publish","4":"has-post-thumbnail","6":"product_cat-kute-vesi-ja-ventilatsioon","8":"first","9":"instock","10":"sale","11":"taxable","12":"shipping-taxable","13":"purchasable","14":"product-type-simple"},"acf":[],"_links":{"self":[{"href":"https:\/\/factory.sale\/et\/wp-json\/wp\/v2\/product\/27390","targetHints":{"allow":["GET"]}}],"collection":[{"href":"https:\/\/factory.sale\/et\/wp-json\/wp\/v2\/product"}],"about":[{"href":"https:\/\/factory.sale\/et\/wp-json\/wp\/v2\/types\/product"}],"replies":[{"embeddable":true,"href":"https:\/\/factory.sale\/et\/wp-json\/wp\/v2\/comments?post=27390"}],"wp:featuredmedia":[{"embeddable":true,"href":"https:\/\/factory.sale\/et\/wp-json\/wp\/v2\/media\/27382"}],"wp:attachment":[{"href":"https:\/\/factory.sale\/et\/wp-json\/wp\/v2\/media?parent=27390"}],"wp:term":[{"taxonomy":"factory","embeddable":true,"href":"https:\/\/factory.sale\/et\/wp-json\/wp\/v2\/factory?post=27390"},{"taxonomy":"free-shipment","embeddable":true,"href":"https:\/\/factory.sale\/et\/wp-json\/wp\/v2\/free-shipment?post=27390"},{"taxonomy":"product_brand","embeddable":true,"href":"https:\/\/factory.sale\/et\/wp-json\/wp\/v2\/product_brand?post=27390"},{"taxonomy":"product_cat","embeddable":true,"href":"https:\/\/factory.sale\/et\/wp-json\/wp\/v2\/product_cat?post=27390"},{"taxonomy":"product_tag","embeddable":true,"href":"https:\/\/factory.sale\/et\/wp-json\/wp\/v2\/product_tag?post=27390"}],"curies":[{"name":"wp","href":"https:\/\/api.w.org\/{rel}","templated":true}]}}