{"id":27371,"date":"2023-04-27T08:52:54","date_gmt":"2023-04-28T10:47:37","guid":{"rendered":"https:\/\/factory.sale\/?post_type=product&#038;p=27371"},"modified":"2024-06-30T08:24:24","modified_gmt":"2024-06-30T08:24:24","slug":"ventilaator-caframo-ecofan-810-must","status":"publish","type":"product","link":"https:\/\/factory.sale\/et\/toode\/ventilaator-caframo-ecofan-810-must\/","title":{"rendered":"Ventilaator Caframo ECOFAN 810, must"},"content":{"rendered":"<div class=\"group w-full text-gray-800 dark:text-gray-100 border-b border-black\/10 dark:border-gray-900\/50 bg-gray-50 dark:bg-[#444654]\">\n<div class=\"text-base gap-4 md:gap-6 md:max-w-2xl lg:max-w-xl xl:max-w-3xl p-4 md:py-6 flex lg:px-0 m-auto\">\n<div class=\"relative flex w-[calc(100%-50px)] flex-col gap-1 md:gap-3 lg:w-[calc(100%-115px)]\">\n<div class=\"flex flex-grow flex-col gap-3\">\n<div class=\"min-h-[20px] flex flex-col items-start gap-4 whitespace-pre-wrap break-words\">\n<div class=\"markdown prose w-full break-words dark:prose-invert light\">\n<p>Tutvustame Ecofan Classicut &#8211; ideaalset lisandust teie kodusse, mis on keskkonnas\u00f5bralik ja t\u00f5hus. See keskmise suurusega ventilaator tagab v\u00f5imsa \u00f5huvoolu 125 kuupjalga minutis, tagades, et teie kodu oleks mugav ja jahe ilma elektri v\u00f5i patareide kasutamiseta. Ecofan Classic on valmistatud kvaliteetsetest materjalidest, tagades vastupidavuse ja lisades elegantsi igasse ruumi. Lisaks on selle keskkonnas\u00f5braliku disaini t\u00f5ttu hea meel teada, et teete oma osa planeedi jaoks. Uuendage oma kodu Ecofan Classicuga juba t\u00e4na ja kogege t\u00e4iuslikku vormi ja funktsiooni \u00fchendust!<\/p>\n<ul>\n<li>Ideaalne ruumidele kuni 240 ruutjalga<\/li>\n<li>125 CFM (212 m\u00b3\/h)<\/li>\n<li>Soojendab teie ruumi kuni 31% kiiremini<\/li>\n<li>T\u00f5estatud v\u00e4hendada k\u00fctuse tarbimist ja heitkoguseid kuni 14%<\/li>\n<li>T\u00f6\u00f6temperatuur 100 \u00b0C &#8211; 345 \u00b0C<\/li>\n<li>2-aastane garantii<\/li>\n<\/ul>\n<\/div>\n<\/div>\n<\/div>\n<\/div>\n<\/div>\n<\/div>\n<p>&nbsp;<\/p>\n<p>&nbsp;<\/p>\n<div class=\"group w-full text-gray-800 dark:text-gray-100 border-b border-black\/10 dark:border-gray-900\/50 bg-gray-50 dark:bg-[#444654]\">\n<div class=\"text-base gap-4 md:gap-6 md:max-w-2xl lg:max-w-xl xl:max-w-3xl p-4 md:py-6 flex lg:px-0 m-auto\">\n<div class=\"relative flex w-[calc(100%-50px)] flex-col gap-1 md:gap-3 lg:w-[calc(100%-115px)]\">\n<div class=\"flex flex-grow flex-col gap-3\">\n<div class=\"min-h-[20px] flex flex-col items-start gap-4 whitespace-pre-wrap break-words\">\n<div class=\"markdown prose w-full break-words dark:prose-invert light\">\n<p><strong>TOOTE SPETSIFIKATSIOONID:<\/strong><\/p>\n<ul>\n<li>M\u00d5\u00d5TMED: 7,62 cm x 13,97 cm x 22,8 cm<\/li>\n<li>KAAL (NAELAD): 2,38<\/li>\n<li>UOM: EA<\/li>\n<li>UPC: 062503810043<\/li>\n<li>V\u00c4RV: Must<\/li>\n<li>CFM: 125<\/li>\n<li>STIIL: Classic<\/li>\n<li>K\u00dcTUSE S\u00c4\u00c4STMINE (%): 14<\/li>\n<li>T\u00d6\u00d6PIIRKOND: 100 \u00b0C &#8211; 345 \u00b0C<\/li>\n<li>PIIRATUD GARANTII: 2 aastat<\/li>\n<\/ul>\n<\/div>\n<\/div>\n<\/div>\n<\/div>\n<\/div>\n<\/div>\n<div class=\"text-gray-400 flex self-end lg:self-center justify-center mt-2 gap-2 md:gap-3 lg:gap-1 lg:absolute lg:top-0 lg:translate-x-full lg:right-0 lg:mt-0 lg:pl-2 visible\"><\/div>\n<div><\/div>\n<div><\/div>\n<div><\/div>\n<div>\n<p><a href=\"https:\/\/ecofan.caframobrands.com\/mwdownloads\/download\/link\/id\/3\" target=\"_blank\" rel=\"noopener\">Manuaal<\/a><\/p>\n<p>&nbsp;<\/p>\n<div class=\"video-wrapper \"><iframe loading=\"lazy\" title=\"What Makes Ecofan Such a Worthwhile Investment? Let Our Fans Tell You.\" width=\"500\" height=\"281\" src=\"https:\/\/www.youtube.com\/embed\/X-Lve9MhJtY?feature=oembed\" frameborder=\"0\" allow=\"accelerometer; autoplay; clipboard-write; encrypted-media; gyroscope; picture-in-picture; web-share\" referrerpolicy=\"strict-origin-when-cross-origin\" allowfullscreen><\/iframe><\/div>\n<\/div>\n","protected":false},"excerpt":{"rendered":"<ul>\n<li>Ideaalne ruumidele kuni 240 ruutjalga 1<\/li>\n<li>25 CFM (212 m\u00b3\/h)<\/li>\n<li>Soojendab teie ruumi kuni 31% kiiremini<\/li>\n<li>T\u00f5estatud v\u00e4hendada k\u00fctuse tarbimist ja heitkoguseid kuni 14%<\/li>\n<li>T\u00f6\u00f6temperatuur 100 \u00b0C &#8211; 345 \u00b0C<\/li>\n<li>2-aastane garantii<\/li>\n<\/ul>\n","protected":false},"featured_media":27363,"comment_status":"open","ping_status":"closed","template":"","meta":{"_acf_changed":false},"factory":[],"free-shipment":[],"product_brand":[],"product_cat":[1227],"product_tag":[],"class_list":{"0":"post-27371","1":"product","2":"type-product","3":"status-publish","4":"has-post-thumbnail","6":"product_cat-kute-vesi-ja-ventilatsioon","8":"first","9":"instock","10":"sale","11":"taxable","12":"shipping-taxable","13":"purchasable","14":"product-type-simple"},"acf":[],"_links":{"self":[{"href":"https:\/\/factory.sale\/et\/wp-json\/wp\/v2\/product\/27371","targetHints":{"allow":["GET"]}}],"collection":[{"href":"https:\/\/factory.sale\/et\/wp-json\/wp\/v2\/product"}],"about":[{"href":"https:\/\/factory.sale\/et\/wp-json\/wp\/v2\/types\/product"}],"replies":[{"embeddable":true,"href":"https:\/\/factory.sale\/et\/wp-json\/wp\/v2\/comments?post=27371"}],"wp:featuredmedia":[{"embeddable":true,"href":"https:\/\/factory.sale\/et\/wp-json\/wp\/v2\/media\/27363"}],"wp:attachment":[{"href":"https:\/\/factory.sale\/et\/wp-json\/wp\/v2\/media?parent=27371"}],"wp:term":[{"taxonomy":"factory","embeddable":true,"href":"https:\/\/factory.sale\/et\/wp-json\/wp\/v2\/factory?post=27371"},{"taxonomy":"free-shipment","embeddable":true,"href":"https:\/\/factory.sale\/et\/wp-json\/wp\/v2\/free-shipment?post=27371"},{"taxonomy":"product_brand","embeddable":true,"href":"https:\/\/factory.sale\/et\/wp-json\/wp\/v2\/product_brand?post=27371"},{"taxonomy":"product_cat","embeddable":true,"href":"https:\/\/factory.sale\/et\/wp-json\/wp\/v2\/product_cat?post=27371"},{"taxonomy":"product_tag","embeddable":true,"href":"https:\/\/factory.sale\/et\/wp-json\/wp\/v2\/product_tag?post=27371"}],"curies":[{"name":"wp","href":"https:\/\/api.w.org\/{rel}","templated":true}]}}