{"id":27327,"date":"2023-04-27T07:32:09","date_gmt":"2023-04-27T08:23:35","guid":{"rendered":"https:\/\/factory.sale\/?post_type=product&#038;p=27327"},"modified":"2024-07-11T20:39:32","modified_gmt":"2024-07-11T17:39:32","slug":"ventilaator-caframo-ecofan-800-must","status":"publish","type":"product","link":"https:\/\/factory.sale\/et\/toode\/ventilaator-caframo-ecofan-800-must\/","title":{"rendered":"Ventilaator Caframo ECOFAN 800, must"},"content":{"rendered":"<ul>\n<li>Ideaalne kuni 11.2 m2 ruumidesse<\/li>\n<li>100 CFM (170 m\u00b3\/h)<\/li>\n<li>Soojendab teie tuba kuni 20% kiiremini<\/li>\n<li>T\u00f5estatud, et see v\u00e4hendab k\u00fctusekulu ja heitkoguseid kuni 12%<\/li>\n<li>T\u00f6\u00f6temperatuur 110\u00b0C &#8211; 345\u00b0C<\/li>\n<li>2-aastane garantii<\/li>\n<\/ul>\n<p>Kogege soojust ja mugavust meie v\u00f5imsa ja t\u00f5husa puupliidi ventilaatoriga. Meie ventilaator, mis on loodud soojuse \u00fchtlaseks jaotamiseks kogu teie eluruumis, t\u00f6\u00f6tab vaikselt ja t\u00f5husalt, tsirkuleerides sooja \u00f5hku ja maksimeerides teie ahju efektiivsust. Kvaliteetsetest materjalidest valmistatud ja kestma ehitatud puupliidiventilaator on ideaalne t\u00e4iendus igale kodule, mis otsib s\u00e4\u00e4stvamat ja keskkonnas\u00f5bralikumat viisi oma eluruumi k\u00fctmiseks. Telli kohe ja naudi hubasemat ja mugavamat talvehooaega!<\/p>\n<p>&nbsp;<\/p>\n<p><strong>Toote spetsifikatsioonid:<\/strong><\/p>\n<ul>\n<li>TOOTE SUURUS: 7,62 cm x 13,97 cm x 21,59 cm<\/li>\n<li>KAAL (KG): 0,84<\/li>\n<li>UOM: EA<\/li>\n<li>UPC: 062503800600<\/li>\n<li>TERA V\u00c4RV: Must<\/li>\n<li>CFM : 100<\/li>\n<li>STIIL: Klassikaline<\/li>\n<li>K\u00dcTUSES\u00c4\u00c4ST (%): 12<\/li>\n<li>T\u00d6\u00d6VAHEND: 110\u00b0C &#8211; 345\u00b0C<\/li>\n<li>PIIRATUD GARANTII: 2 aastat<\/li>\n<\/ul>\n","protected":false},"excerpt":{"rendered":"<p>K\u00f5ige esimene puiduga t\u00f6\u00f6tav ventilaator!<\/p>\n<ul>\n<li>Ideaalne kuni 11.2 m2 ruumidesse<\/li>\n<li>100 CFM (170 m\u00b3\/h)<\/li>\n<li>Soojendab teie tuba kuni 20% kiiremini<\/li>\n<li>T\u00f5estatud, et see v\u00e4hendab k\u00fctusekulu ja heitkoguseid kuni 12%<\/li>\n<li>T\u00f6\u00f6temperatuur 110\u00b0C &#8211; 345\u00b0C<\/li>\n<li>2-aastane garantii<\/li>\n<\/ul>\n<p>&nbsp;<\/p>\n","protected":false},"featured_media":27318,"comment_status":"open","ping_status":"closed","template":"","meta":{"_acf_changed":false},"factory":[],"free-shipment":[],"product_brand":[],"product_cat":[1227],"product_tag":[],"class_list":{"0":"post-27327","1":"product","2":"type-product","3":"status-publish","4":"has-post-thumbnail","6":"product_cat-kute-vesi-ja-ventilatsioon","8":"first","9":"instock","10":"sale","11":"taxable","12":"shipping-taxable","13":"purchasable","14":"product-type-simple"},"acf":[],"_links":{"self":[{"href":"https:\/\/factory.sale\/et\/wp-json\/wp\/v2\/product\/27327","targetHints":{"allow":["GET"]}}],"collection":[{"href":"https:\/\/factory.sale\/et\/wp-json\/wp\/v2\/product"}],"about":[{"href":"https:\/\/factory.sale\/et\/wp-json\/wp\/v2\/types\/product"}],"replies":[{"embeddable":true,"href":"https:\/\/factory.sale\/et\/wp-json\/wp\/v2\/comments?post=27327"}],"wp:featuredmedia":[{"embeddable":true,"href":"https:\/\/factory.sale\/et\/wp-json\/wp\/v2\/media\/27318"}],"wp:attachment":[{"href":"https:\/\/factory.sale\/et\/wp-json\/wp\/v2\/media?parent=27327"}],"wp:term":[{"taxonomy":"factory","embeddable":true,"href":"https:\/\/factory.sale\/et\/wp-json\/wp\/v2\/factory?post=27327"},{"taxonomy":"free-shipment","embeddable":true,"href":"https:\/\/factory.sale\/et\/wp-json\/wp\/v2\/free-shipment?post=27327"},{"taxonomy":"product_brand","embeddable":true,"href":"https:\/\/factory.sale\/et\/wp-json\/wp\/v2\/product_brand?post=27327"},{"taxonomy":"product_cat","embeddable":true,"href":"https:\/\/factory.sale\/et\/wp-json\/wp\/v2\/product_cat?post=27327"},{"taxonomy":"product_tag","embeddable":true,"href":"https:\/\/factory.sale\/et\/wp-json\/wp\/v2\/product_tag?post=27327"}],"curies":[{"name":"wp","href":"https:\/\/api.w.org\/{rel}","templated":true}]}}