{"id":2731,"date":"2020-05-25T12:58:11","date_gmt":"2020-05-25T12:58:11","guid":{"rendered":"https:\/\/factory.sale\/product\/erisan-hoitava-mild-liquid-soap-500ml\/"},"modified":"2024-07-11T20:53:19","modified_gmt":"2024-07-11T17:53:19","slug":"erisan-hoitava-mild-liquid-soap-500ml","status":"publish","type":"product","link":"https:\/\/factory.sale\/et\/toode\/erisan-hoitava-mild-liquid-soap-500ml\/","title":{"rendered":"Erisan Hoitava, \u00f5rnatoimeline vedelseep 500ml"},"content":{"rendered":"<p>K\u00e4te, keha ja juuste sagedaseks pesemiseks.<\/p>\n<p><strong>Rakendused<\/strong><\/p>\n<p>Sagedaseks k\u00e4tepesuks ja du\u0161i all kasutamiseks, sh juuste pesemiseks. Toode sobib ka tundlikule<br \/>\nnahale.<\/p>\n<p><strong>Toote omadused<\/strong><\/p>\n<p>L\u00f5hnatu, l\u00e4bipaistev ja tugevalt vahutav vedelseep tagab \u00f5rnatoimelise pesu ning on kergesti<br \/>\nmahaloputatav. Kombinatsioon hooldavatest ja niisutavatest \u00fchenditest l\u00e4htub naha enda<br \/>\nniiskustasakaalust ning muudab juuksed kergesti kammitavaks. Koostisosad on uuritud ja ohutud.<\/p>\n<p><strong>Kasutusjuhend<\/strong><\/p>\n<p>Kandke niiskel nahale v\u00f5i juustele, ajage vahule, loputage ja kuivatage. \u00dcks annus on piisav k\u00e4te<br \/>\npesemiseks.<\/p>\n<p><strong>Koostis<\/strong><\/p>\n<table>\n<tbody>\n<tr>\n<td width=\"301\"><strong>Toimeaine<\/strong><\/td>\n<td width=\"301\"><strong>Toime<\/strong><\/td>\n<\/tr>\n<tr>\n<td width=\"301\">Vesi<\/td>\n<td width=\"301\">Vesi<\/td>\n<\/tr>\n<tr>\n<td width=\"301\">Naatrium laureet sulfaat<\/td>\n<td width=\"301\">Kergesti mahaloputatav, puhastava toimega ja vahutav anioonne pindaktiivne aine<\/td>\n<\/tr>\n<tr>\n<td width=\"301\">Gl\u00fctseriin<\/td>\n<td width=\"301\">Pol\u00fcool, mis niisutab t\u00f5husalt, ennetades naha ja juuste kuivamist.<\/td>\n<\/tr>\n<tr>\n<td width=\"301\">Naatriumkloriid<\/td>\n<td width=\"301\">Viskoossuse reguleerija<\/td>\n<\/tr>\n<tr>\n<td width=\"301\">Kokamiidprop\u00fc\u00fcl betaiin<\/td>\n<td width=\"301\">\u00d5rnatoimeline, puhastav, amforteerne ja kergelt vahutav pindaktiivne aine<\/td>\n<\/tr>\n<tr>\n<td width=\"301\">PEG-7 gl\u00fctser\u00fc\u00fclkokaat<\/td>\n<td width=\"301\">H\u00f5lpsasti maha loputatav aine, mis hooldab nahka ja juukseid.<\/td>\n<\/tr>\n<tr>\n<td width=\"301\">Kokamiid MEA<\/td>\n<td width=\"301\">Viskoossuse reguleerija.<\/td>\n<\/tr>\n<tr>\n<td width=\"301\">Naatriumbensoaat<\/td>\n<td width=\"301\">S\u00e4ilitusaine.<\/td>\n<\/tr>\n<tr>\n<td width=\"301\">Sidrunhape<\/td>\n<td width=\"301\">pH-d reguleeriv.<\/td>\n<\/tr>\n<\/tbody>\n<\/table>\n<p><strong>Toote pH<\/strong><\/p>\n<p>5.5 Happeline<\/p>\n<p><strong>S\u00e4ilitamine<\/strong><\/p>\n<p>S\u00e4ilitada temperatuuril \u00fcle +5 \u00b0C. K\u00f5lblikkusaeg kolm aastat tootmiskuup\u00e4evast.<\/p>\n<p><strong>V\u00e4limus ja l\u00f5hn<\/strong><\/p>\n<p>L\u00e4bipaistev v\u00e4rvitu l\u00f5hnatu vedelik.<\/p>\n<p><strong>Tootjariik<\/strong><\/p>\n<p>SOOME<\/p>\n<p><strong>Kasutamise ja keskkonna ohutus<\/strong><\/p>\n<p>Koostisosad on keskkonnahoidlikud. T\u00fchje pakendeid v\u00f5ib kasutada energiaj\u00e4\u00e4tmetena.<\/p>\n","protected":false},"excerpt":{"rendered":"<p class=\"market-name\"><strong>Vedelseep<\/strong><\/p>\n<p>K\u00e4te, keha ja juuste sagedaseks pesemiseks.<\/p>\n<p><strong>Rakendused<\/strong><\/p>\n<p>Sagedaseks k\u00e4tepesuks ja du\u0161i all kasutamiseks, sh juuste pesemiseks. Toode sobib ka tundlikule nahale.<\/p>\n<p class=\"ph\"><strong>pH 5.<\/strong><\/p>\n","protected":false},"featured_media":1970,"comment_status":"open","ping_status":"closed","template":"","meta":{"_acf_changed":false},"factory":[],"free-shipment":[],"product_brand":[],"product_cat":[232],"product_tag":[],"class_list":{"0":"post-2731","1":"product","2":"type-product","3":"status-publish","4":"has-post-thumbnail","6":"product_cat-desinfitseerimisvahendid-ja-enesehugieen","8":"first","9":"instock","10":"sale","11":"taxable","12":"shipping-taxable","13":"purchasable","14":"product-type-simple"},"acf":[],"_links":{"self":[{"href":"https:\/\/factory.sale\/et\/wp-json\/wp\/v2\/product\/2731","targetHints":{"allow":["GET"]}}],"collection":[{"href":"https:\/\/factory.sale\/et\/wp-json\/wp\/v2\/product"}],"about":[{"href":"https:\/\/factory.sale\/et\/wp-json\/wp\/v2\/types\/product"}],"replies":[{"embeddable":true,"href":"https:\/\/factory.sale\/et\/wp-json\/wp\/v2\/comments?post=2731"}],"wp:featuredmedia":[{"embeddable":true,"href":"https:\/\/factory.sale\/et\/wp-json\/wp\/v2\/media\/1970"}],"wp:attachment":[{"href":"https:\/\/factory.sale\/et\/wp-json\/wp\/v2\/media?parent=2731"}],"wp:term":[{"taxonomy":"factory","embeddable":true,"href":"https:\/\/factory.sale\/et\/wp-json\/wp\/v2\/factory?post=2731"},{"taxonomy":"free-shipment","embeddable":true,"href":"https:\/\/factory.sale\/et\/wp-json\/wp\/v2\/free-shipment?post=2731"},{"taxonomy":"product_brand","embeddable":true,"href":"https:\/\/factory.sale\/et\/wp-json\/wp\/v2\/product_brand?post=2731"},{"taxonomy":"product_cat","embeddable":true,"href":"https:\/\/factory.sale\/et\/wp-json\/wp\/v2\/product_cat?post=2731"},{"taxonomy":"product_tag","embeddable":true,"href":"https:\/\/factory.sale\/et\/wp-json\/wp\/v2\/product_tag?post=2731"}],"curies":[{"name":"wp","href":"https:\/\/api.w.org\/{rel}","templated":true}]}}