{"id":27306,"date":"2023-04-26T13:50:37","date_gmt":"2023-04-26T15:02:11","guid":{"rendered":"https:\/\/factory.sale\/?post_type=product&#038;p=27306"},"modified":"2024-06-25T15:40:40","modified_gmt":"2024-06-25T15:40:40","slug":"led-lamp-caframo-joi","status":"publish","type":"product","link":"https:\/\/factory.sale\/et\/toode\/led-lamp-caframo-joi\/","title":{"rendered":"LED lamp Caframo, JOI"},"content":{"rendered":"<p>JOI lamp kasutab termoelektrilist tehnoloogiat, muundades \u00fchest teek\u00fc\u00fcnlast saadava soojuse, et tekitada 100 korda rohkem valgust, toiteks kaheksat LED-i.<\/p>\n<ul>\n<li>Ilmastikukindel roostevabast terasest korpus<\/li>\n<li>Pikendatav top<\/li>\n<li>Kerge ja kaasaskantav<\/li>\n<li>1-aastane garantii<\/li>\n<li>Valmistatud Kanadas<\/li>\n<\/ul>\n<p><strong>Toote spetsifikatsioonid:<\/strong><\/p>\n<ul>\n<li>KAAL (kg): 2,27<\/li>\n<li>UOM: EA<\/li>\n<li>UPC: 062503831000<\/li>\n<li>TOOTE V\u00c4RV: Roostevaba teras<\/li>\n<li>LEDIDE ARV: 8<\/li>\n<li>GARANTII :1 aasta<\/li>\n<\/ul>\n<h3><\/h3>\n<h3><\/h3>\n<h3 class=\"style-scope ytd-watch-metadata\">How to use your JOI lamp<\/h3>\n<div class=\"video-wrapper \"><iframe loading=\"lazy\" title=\"How to use your JOI lamp by Caframo\" width=\"500\" height=\"281\" src=\"https:\/\/www.youtube.com\/embed\/g32lGliHGa0?feature=oembed\" frameborder=\"0\" allow=\"accelerometer; autoplay; clipboard-write; encrypted-media; gyroscope; picture-in-picture; web-share\" referrerpolicy=\"strict-origin-when-cross-origin\" allowfullscreen><\/iframe><\/div>\n<h3>Overview of the JOI lamp<\/h3>\n<div class=\"video-wrapper \"><iframe loading=\"lazy\" title=\"JOI Lamp by Caframo\" width=\"500\" height=\"281\" src=\"https:\/\/www.youtube.com\/embed\/-HkJPbWxJw0?feature=oembed\" frameborder=\"0\" allow=\"accelerometer; autoplay; clipboard-write; encrypted-media; gyroscope; picture-in-picture; web-share\" referrerpolicy=\"strict-origin-when-cross-origin\" allowfullscreen><\/iframe><\/div>\n<p>&nbsp;<\/p>\n<p><a href=\"https:\/\/www.youtube.com\/watch?v=-HkJPbWxJw0\" target=\"_blank\" rel=\"noopener\">Manuaal<\/a><\/p>\n","protected":false},"excerpt":{"rendered":"<p>JOI lamp kasutab termoelektrilist tehnoloogiat, muundades \u00fchest teek\u00fc\u00fcnlast saadava soojuse, et tekitada 100 korda rohkem valgust, toiteks kaheksat LED-i.<\/p>\n<ul>\n<li>Ilmastikukindel roostevabast terasest korpus<\/li>\n<li>Pikendatav top<\/li>\n<li>Kerge ja kaasaskantav<\/li>\n<li>1-aastane garantii<\/li>\n<li>Valmistatud Kanadas<\/li>\n<\/ul>\n","protected":false},"featured_media":27298,"comment_status":"open","ping_status":"closed","template":"","meta":{"_acf_changed":false},"factory":[],"free-shipment":[],"product_brand":[],"product_cat":[2435,714],"product_tag":[],"class_list":{"0":"post-27306","1":"product","2":"type-product","3":"status-publish","4":"has-post-thumbnail","6":"product_cat-lambid","7":"product_cat-moobel","9":"first","10":"instock","11":"sale","12":"taxable","13":"shipping-taxable","14":"purchasable","15":"product-type-simple"},"acf":[],"_links":{"self":[{"href":"https:\/\/factory.sale\/et\/wp-json\/wp\/v2\/product\/27306","targetHints":{"allow":["GET"]}}],"collection":[{"href":"https:\/\/factory.sale\/et\/wp-json\/wp\/v2\/product"}],"about":[{"href":"https:\/\/factory.sale\/et\/wp-json\/wp\/v2\/types\/product"}],"replies":[{"embeddable":true,"href":"https:\/\/factory.sale\/et\/wp-json\/wp\/v2\/comments?post=27306"}],"wp:featuredmedia":[{"embeddable":true,"href":"https:\/\/factory.sale\/et\/wp-json\/wp\/v2\/media\/27298"}],"wp:attachment":[{"href":"https:\/\/factory.sale\/et\/wp-json\/wp\/v2\/media?parent=27306"}],"wp:term":[{"taxonomy":"factory","embeddable":true,"href":"https:\/\/factory.sale\/et\/wp-json\/wp\/v2\/factory?post=27306"},{"taxonomy":"free-shipment","embeddable":true,"href":"https:\/\/factory.sale\/et\/wp-json\/wp\/v2\/free-shipment?post=27306"},{"taxonomy":"product_brand","embeddable":true,"href":"https:\/\/factory.sale\/et\/wp-json\/wp\/v2\/product_brand?post=27306"},{"taxonomy":"product_cat","embeddable":true,"href":"https:\/\/factory.sale\/et\/wp-json\/wp\/v2\/product_cat?post=27306"},{"taxonomy":"product_tag","embeddable":true,"href":"https:\/\/factory.sale\/et\/wp-json\/wp\/v2\/product_tag?post=27306"}],"curies":[{"name":"wp","href":"https:\/\/api.w.org\/{rel}","templated":true}]}}