{"id":27268,"date":"2023-04-26T07:39:18","date_gmt":"2023-04-26T07:58:54","guid":{"rendered":"https:\/\/factory.sale\/?post_type=product&#038;p=27268"},"modified":"2024-06-26T05:41:48","modified_gmt":"2024-06-26T05:41:48","slug":"inmotion-climber","status":"publish","type":"product","link":"https:\/\/factory.sale\/et\/toode\/inmotion-climber\/","title":{"rendered":"INMOTION Climber"},"content":{"rendered":"<h2>INMOTION Climber &#8211; Kahekorne V\u00f5imsus, Kahekordne L\u00f5bu<\/h2>\n<h3><\/h3>\n<h3>Uus Kogemus Nautimiseks<\/h3>\n<p>Climber on esimene INMOTIONi elektrit\u00f5ukeratas, millel on topeltmootorid. See uhkeldab kahe 750W mootoriga, tootes kuni 1500W nominaalset v\u00f5imsust, mis v\u00f5imaldab sel lihtsalt v\u00f5tta vastu kuni 36% n\u00f5lvasid, t\u00f5use ja igasuguseid maastikke.<\/p>\n<h3>Naudi Ultrakiiret Kiirust<\/h3>\n<p>Climber j\u00f5uab muljetavaldava kiiruseni kuni 38 km\/h. Lisaks suudab see kiirendada kiirelt 0-st 25 km\/h-ni vaid 3,5 sekundiga.<\/p>\n<h3>Tugev Vihm? Pole Probleemi!<\/h3>\n<p>Climber on ehitatud vastu pidama k\u00f5igele, mida elu ette viskab, sellel on IPX6 reitinguga pritsmekindlus ja veekindlus, nii et olete vaba avastama ja seiklema.<\/p>\n<h3>Nutikas, Turvaline ja T\u00f6\u00f6kindel<\/h3>\n<p>Climber kasutab nutikat akuhalduss\u00fcsteemi (BMS), mis j\u00e4lgib pidevalt iga aku rakukese olekut ja parandab aku pakis saadaolevat v\u00f5imsust. Samuti on see varustatud akupakiga, milles on aku tasakaalustaja, mis v\u00f5imaldab pikendada iga raku eluiga ja laadida ohutult.<\/p>\n<h3>Hooldus Pole Kunagi Olnud Lihtsam<\/h3>\n<p>T\u00e4nu modulaarsele disainile ja split-rim tehnoloogiale, saab rehvide vahetamist teha kerge vaevaga. Nautige meeldivat hoolduskogemust oma garaa\u017eis vaid 10 minutiga.<\/p>\n<h3>Wow, Milline Pidurdus!<\/h3>\n<p>Climber on varustatud v\u00f5imsa piduris\u00fcsteemiga elektrilise piduriga m\u00f5lemal rehvil ja ketaspiduriga tagumisel rehvil, mis pakub t\u00e4psemat kontrolli pidurdusmomentide ajal ning reaktsiooniaeg v\u00f5ib olla vaid 0,01 sekundit.<\/p>\n<h3>Ootamatu Mugavus Oodatava Rehvi Korral<\/h3>\n<p>Climber kasutab 10-tolliseid madala veeretakistusega rehve, millel on ekstra paksud sisekummid, et v\u00e4hendada torke t\u00f5en\u00e4osust ning tagada parem haarduvus, mugavus ja vastupidavus. S\u00f5itke lihtsalt linnamaastikul ja nautige sujuvat s\u00f5itu \u00a0algusest l\u00f5puni.<\/p>\n<h3>K\u00e4sitse Raskusi Kergelt<\/h3>\n<p>Alumiiniumist raam muudab Climberi eriti tugevaks ja vastupidavaks, pakkudes maksimaalset koormusv\u00f5imet 130 kg, mis on \u00fcldiselt piisav, et kanda ka lisavarustust.<\/p>\n<p>&nbsp;<\/p>\n<p><strong>PARAMEETRID:<\/strong><\/p>\n<ul>\n<li>Mudel: Climber<\/li>\n<li>Laadimisaeg: ca. 9 tundi<\/li>\n<li>Rattat\u00fc\u00fcbid: esi- ja tagumised \u00f5hkrehvid<\/li>\n<li>Maksimaalne s\u00f5iduulatus*: 56 km \/ 35 miili<\/li>\n<li>Max kiirus: 38 km\/h \/ 23,7 mph<\/li>\n<li>Netokaal: 20,8 kg<\/li>\n<li>Maksimaalne kalle*: 36%<\/li>\n<li>Maksimaalne koormus: 130 kg (286,6 naela)<\/li>\n<li>Mootori v\u00f5imsus (nimi): 450 W*2<\/li>\n<li>Max V\u00f5imsus: 750W*2<\/li>\n<li>Laadija v\u00e4ljundpinge: 42V<\/li>\n<li>Laadija v\u00e4ljundvool: 2 A<\/li>\n<li>Pidurit\u00fc\u00fcbid: elektrooniline ja ketaspidur<\/li>\n<li>IP-reitingud (keha): IP56<\/li>\n<li>IP-reitingud (aku): IPX7<\/li>\n<li>Voldimata M\u00f5\u00f5dud: 1167*510*1195mm<\/li>\n<li>Kokkupandud M\u00f5\u00f5dud: 1165*510*590mm<\/li>\n<\/ul>\n","protected":false},"excerpt":{"rendered":"<h3>INMOTION Climber &#8211; Kahekorne V\u00f5imsus, Kahekordne L\u00f5bu<\/h3>\n<h3>Uus Kogemus Nautimiseks<\/h3>\n<p>Climber on esimene INMOTIONi elektrit\u00f5ukeratas, millel on topeltmootorid. See uhkeldab kahe 750W mootoriga, tootes kuni 1500W nominaalset v\u00f5imsust, mis v\u00f5imaldab sel lihtsalt v\u00f5tta vastu kuni 36% n\u00f5lvasid, t\u00f5use ja igasuguseid maastikke.<\/p>\n<h3><\/h3>\n","protected":false},"featured_media":27266,"comment_status":"open","ping_status":"closed","template":"","meta":{"_acf_changed":false},"factory":[],"free-shipment":[],"product_brand":[],"product_cat":[857,738],"product_tag":[2061],"class_list":{"0":"post-27268","1":"product","2":"type-product","3":"status-publish","4":"has-post-thumbnail","6":"product_cat-e-toukerattad-et","7":"product_cat-elektrilised-liikurid","8":"product_tag-escooter-et","10":"first","11":"instock","12":"sale","13":"taxable","14":"shipping-taxable","15":"purchasable","16":"product-type-simple"},"acf":[],"_links":{"self":[{"href":"https:\/\/factory.sale\/et\/wp-json\/wp\/v2\/product\/27268","targetHints":{"allow":["GET"]}}],"collection":[{"href":"https:\/\/factory.sale\/et\/wp-json\/wp\/v2\/product"}],"about":[{"href":"https:\/\/factory.sale\/et\/wp-json\/wp\/v2\/types\/product"}],"replies":[{"embeddable":true,"href":"https:\/\/factory.sale\/et\/wp-json\/wp\/v2\/comments?post=27268"}],"wp:featuredmedia":[{"embeddable":true,"href":"https:\/\/factory.sale\/et\/wp-json\/wp\/v2\/media\/27266"}],"wp:attachment":[{"href":"https:\/\/factory.sale\/et\/wp-json\/wp\/v2\/media?parent=27268"}],"wp:term":[{"taxonomy":"factory","embeddable":true,"href":"https:\/\/factory.sale\/et\/wp-json\/wp\/v2\/factory?post=27268"},{"taxonomy":"free-shipment","embeddable":true,"href":"https:\/\/factory.sale\/et\/wp-json\/wp\/v2\/free-shipment?post=27268"},{"taxonomy":"product_brand","embeddable":true,"href":"https:\/\/factory.sale\/et\/wp-json\/wp\/v2\/product_brand?post=27268"},{"taxonomy":"product_cat","embeddable":true,"href":"https:\/\/factory.sale\/et\/wp-json\/wp\/v2\/product_cat?post=27268"},{"taxonomy":"product_tag","embeddable":true,"href":"https:\/\/factory.sale\/et\/wp-json\/wp\/v2\/product_tag?post=27268"}],"curies":[{"name":"wp","href":"https:\/\/api.w.org\/{rel}","templated":true}]}}