{"id":2718,"date":"2020-04-28T14:27:42","date_gmt":"2020-04-28T14:27:42","guid":{"rendered":"https:\/\/factory.sale\/product\/erisan-etasept-antiseptic-hand-rub-5-litres\/"},"modified":"2024-06-29T05:38:51","modified_gmt":"2024-06-29T05:38:51","slug":"erisan-etasept-antiseptic-hand-rub-5-litres","status":"publish","type":"product","link":"https:\/\/factory.sale\/et\/toode\/erisan-etasept-antiseptic-hand-rub-5-litres\/","title":{"rendered":"Erisan Etasept, k\u00e4te antiseptikum 5 l"},"content":{"rendered":"<p class=\"mb-2\">Etanoolip\u00f5hine antiseptiline k\u00e4tepuhastusaine professionaalseks kasutamiseks.<\/p>\n<h4 class=\"mb-2\">Rakendused<\/h4>\n<p class=\"mb-2\">Professionaalseks kasutamiseks m\u00f5eldud antiseptiline k\u00e4tepuhastusaine igaks olukorraks, millega<br \/>\nkaasnevad ranged h\u00fcgieenin\u00f5uded.<\/p>\n<h4 class=\"mb-2\">Toote omadused<\/h4>\n<p class=\"mb-2\">T\u00f5husatoimeline ja nahka hooldav k\u00e4tepuhastusaine h\u00e4vitab naha pinnalt soovimatud bakterid,<br \/>\nhallitusseened, p\u00e4rmiseened ning viirused. Antiseptilise toimega etanool (73,5 massiprotsenti) tagab<br \/>\nt\u00f5husa tulemuse ja aurustub kiiresti. Erisan Etasept sisaldab rohkelt nahka hooldavaid koostisosi.<br \/>\nSisaldab gl\u00fctserooli ja niisutavaid \u00f5lisid, et ennetada naha kuivamist.<br \/>\nT\u00e4nu veidi geeli meenutavale konsistentsile ja hooldavatele koostisosadele tundub Erisan Etasepti<br \/>\nantiseptiline k\u00e4tepuhastusaine naha peal meeldiv.<br \/>\nMikrobitsiitse t\u00f5hususe katsed (EN 1500) kinnitavad, et Erisan Etasepti antiseptiline<br \/>\nk\u00e4tepuhastusvahend sobib k\u00e4te h\u00fcgieeniliseks desinfitseerimiseks. T\u00f5estatud toime noroviiruse vastu.<br \/>\nTootel on Soome Allergia- ja astmaliidu allergiam\u00e4rgistus.<\/p>\n<h4 class=\"mb-2\">Kasutusjuhend<\/h4>\n<p class=\"mb-2\">H\u00fcgieeniline k\u00e4te antiseptika: 3\u20135 ml, 30 s.<br \/>\nKanda n\u00e4htavalt puhtale nahale. H\u00f5\u00f5ruge, kuni alkohol on aurustunud.<\/p>\n<h4>M\u00e4rkus<\/h4>\n<p class=\"mb-2\">Registreerimistunnistus nr 1072\/12.<\/p>\n<h4>Koostis<\/h4>\n<table>\n<tbody>\n<tr>\n<td width=\"301\">Toimeaine<\/td>\n<td width=\"301\">Toime<\/td>\n<\/tr>\n<tr>\n<td width=\"301\">Alkoholi denaat<\/td>\n<td width=\"301\">Desinfitseeriv koostisosa, biotsiidne toimeaine.<\/td>\n<\/tr>\n<tr>\n<td width=\"301\">Vesi<\/td>\n<td width=\"301\">Vesi<\/td>\n<\/tr>\n<tr>\n<td width=\"301\">Gl\u00fctseriin<\/td>\n<td width=\"301\">Pol\u00fcool, mis niisutab t\u00f5husalt nahka ja takistab selle kuivamist<\/td>\n<\/tr>\n<tr>\n<td width=\"301\">PEG-7 gl\u00fctser\u00fc\u00fclkokaat<\/td>\n<td width=\"301\">Toitev \u00f5li, mis takistab niiskuse aurustumist nahalt.<\/td>\n<\/tr>\n<tr>\n<td width=\"301\">Tetrah\u00fcdroks\u00fcprop\u00fc\u00fcl et\u00fcleendiamiin<\/td>\n<td width=\"301\">Viskoossuse reguleerija.<\/td>\n<\/tr>\n<tr>\n<td width=\"301\">Akr\u00fclaadid \/ C10-30 alk\u00fc\u00fclakr\u00fclaadi ristpol\u00fcmeer<\/td>\n<td width=\"301\">Viskoossuse reguleerija.<\/td>\n<\/tr>\n<\/tbody>\n<\/table>\n<h4>Muu koostis<\/h4>\n<p>(A12) denatureeritud etanool 73,5 massiprotsenti<\/p>\n<h4>Toote pH<\/h4>\n<p>8.0 Neutraalne<\/p>\n<h4>S\u00e4ilitamine<\/h4>\n<p>S\u00e4ilitada temperatuuril \u00fcle +5\u00b0C.<br \/>\nK\u00f5lblikkusaeg viis aastat alates tootmiskuup\u00e4evast.<br \/>\nAvatud pudel tuleb \u00e4ra kasutada kuue kuu jooksul.<\/p>\n<h4>V\u00e4limus ja l\u00f5hn<\/h4>\n<p>Etanooli l\u00f5hnaline l\u00e4bipaistev v\u00e4rvitu geel.<\/p>\n<h4>Tootjariik<\/h4>\n<p>SOOME<\/p>\n<h4>Kasutamise ja keskkonna ohutus<\/h4>\n<p>Kasutage biotsiide ohutult. Enne kasutamist lugege alati etiketti ja tootekirjeldust. Tutvuge<br \/>\nohutuskaardil olevate kasutus- ja ohutusjuhistega.<\/p>\n","protected":false},"excerpt":{"rendered":"<h4 class=\"market-name\">K\u00e4te antiseptikum<\/h4>\n<p>Etanoolip\u00f5hine antiseptiline k\u00e4tepuhastusaine professionaalseks kasutamiseks.<\/p>\n<h4>Rakendused<\/h4>\n<p>Professionaalseks kasutamiseks m\u00f5eldud antiseptiline k\u00e4tepuhastusaine igaks olukorraks, millega kaasnevad ranged h\u00fcgieenin\u00f5uded.<\/p>\n<p class=\"ph\">pH 8<\/p>\n","protected":false},"featured_media":1962,"comment_status":"open","ping_status":"closed","template":"","meta":{"_acf_changed":false},"factory":[],"free-shipment":[],"product_brand":[],"product_cat":[232],"product_tag":[320,321,322,323],"class_list":{"0":"post-2718","1":"product","2":"type-product","3":"status-publish","4":"has-post-thumbnail","6":"product_cat-desinfitseerimisvahendid-ja-enesehugieen","7":"product_tag-antiseptic-et-2","8":"product_tag-disinfectant-et-2","9":"product_tag-hand-wash-et-2","10":"product_tag-handcleaner-et-2","12":"first","13":"instock","14":"sale","15":"taxable","16":"shipping-taxable","17":"purchasable","18":"product-type-simple"},"acf":[],"_links":{"self":[{"href":"https:\/\/factory.sale\/et\/wp-json\/wp\/v2\/product\/2718","targetHints":{"allow":["GET"]}}],"collection":[{"href":"https:\/\/factory.sale\/et\/wp-json\/wp\/v2\/product"}],"about":[{"href":"https:\/\/factory.sale\/et\/wp-json\/wp\/v2\/types\/product"}],"replies":[{"embeddable":true,"href":"https:\/\/factory.sale\/et\/wp-json\/wp\/v2\/comments?post=2718"}],"wp:featuredmedia":[{"embeddable":true,"href":"https:\/\/factory.sale\/et\/wp-json\/wp\/v2\/media\/1962"}],"wp:attachment":[{"href":"https:\/\/factory.sale\/et\/wp-json\/wp\/v2\/media?parent=2718"}],"wp:term":[{"taxonomy":"factory","embeddable":true,"href":"https:\/\/factory.sale\/et\/wp-json\/wp\/v2\/factory?post=2718"},{"taxonomy":"free-shipment","embeddable":true,"href":"https:\/\/factory.sale\/et\/wp-json\/wp\/v2\/free-shipment?post=2718"},{"taxonomy":"product_brand","embeddable":true,"href":"https:\/\/factory.sale\/et\/wp-json\/wp\/v2\/product_brand?post=2718"},{"taxonomy":"product_cat","embeddable":true,"href":"https:\/\/factory.sale\/et\/wp-json\/wp\/v2\/product_cat?post=2718"},{"taxonomy":"product_tag","embeddable":true,"href":"https:\/\/factory.sale\/et\/wp-json\/wp\/v2\/product_tag?post=2718"}],"curies":[{"name":"wp","href":"https:\/\/api.w.org\/{rel}","templated":true}]}}