{"id":26914,"date":"2023-04-12T10:27:19","date_gmt":"2023-04-12T10:34:58","guid":{"rendered":"https:\/\/factory.sale\/?post_type=product&#038;p=26914"},"modified":"2026-04-15T15:38:12","modified_gmt":"2026-04-15T12:38:12","slug":"saunum-base-s-2","status":"publish","type":"product","link":"https:\/\/factory.sale\/et\/toode\/saunum-base-s-2\/","title":{"rendered":"Saunum Base S"},"content":{"rendered":"<p>Sauna sisekliimaseade Saunum Base S on suurep\u00e4rane t\u00e4iendus olemasolevale puu- v\u00f5i elektrikerisele kuna tagab leiliruumi \u00fchtlasema \u00f5huniiskuse ja temperatuuri.<\/p>\n<p>Integreeritav ehk laudise taha paigaldatav sauna sisekliimaseade Saunum Base S t\u00f5mbab endasse kuuma \u00f5hu leiliruumi \u00fclemistest \u00f5hukihtidest ja k\u00fclmema \u00f5hu alumistest \u00f5hukihtidest. Kliimaseadme sees \u00f5hukihid ja leiliaur maagiliselt segatakse ning seadmest v\u00e4ljub jahutatud \u00f5hu-leiliauru segu, mis tagab \u00fchtlasema temperatuuri kogu leiliruumi ulatuses ja pakub naudingut pealaest jalatallani.<\/p>\n<p>Sisekliimaseade on varustatud Himaalaja soolapallidega, mis rikastavad \u00f5hku soola ioonidega ja millel on tervendav m\u00f5ju nii hingamisteedele kui nahale.<br \/>\nT\u00e4nu teleskoopl\u00f5\u00f5rile on v\u00f5imalik Saunum Base S k\u00f5rgust reguleerida vahemikus 169-230 cm.<\/p>\n<p>&nbsp;<\/p>\n<p>&nbsp;<\/p>\n<p><strong>Tehnilised andmed:<\/strong><\/p>\n<ul>\n<li>KAAL: 20 kg<\/li>\n<li>K\u00d5RGUS:\u00a0169-230 cm<\/li>\n<li>LAIUS:\u00a042,3 cm<\/li>\n<li>S\u00dcGAVUS:\u00a022,6 cm<\/li>\n<li>GARANTII:\u00a02 aasta<\/li>\n<\/ul>\n<p>&nbsp;<\/p>\n<p><strong>Komplekt sisaldab:<\/strong><\/p>\n<ul>\n<li>antrasiithalli korpust<\/li>\n<li>\u00fclemist v\u00f5ret<\/li>\n<li>soolapalle (7tk)<\/li>\n<li>musta puutetundlikku l\u00fclitit<\/li>\n<\/ul>\n<p>&nbsp;<\/p>\n<p><em>***\u00a0<\/em><em>Sauna sisekliimaseade Saunum Base S vajab juurde temperatuurikeskkonnale vastavat toitekaablit.<\/em><\/p>\n<p>&nbsp;<\/p>\n<p>EAN: <span data-sheets-root=\"1\">4745090012415<\/span><\/p>\n<p>&nbsp;<\/p>\n<p><div class=\"video-wrapper \"><iframe loading=\"lazy\" title=\"Saunum sauna\" width=\"500\" height=\"281\" src=\"https:\/\/www.youtube.com\/embed\/1lVH7jjWL0s?feature=oembed\" frameborder=\"0\" allow=\"accelerometer; autoplay; clipboard-write; encrypted-media; gyroscope; picture-in-picture; web-share\" referrerpolicy=\"strict-origin-when-cross-origin\" allowfullscreen><\/iframe><\/div>[\/vc_column_text][\/vc_column][\/vc_row]<\/p>\n","protected":false},"excerpt":{"rendered":"<p>Sauna sisekliimaseade Saunum Base S on suurep\u00e4rane t\u00e4iendus olemasolevale puu- v\u00f5i elektrikerisele kuna tagab leiliruumi \u00fchtlasema \u00f5huniiskuse ja temperatuuri.<\/p>\n","protected":false},"featured_media":9196,"comment_status":"open","ping_status":"closed","template":"","meta":{"_acf_changed":false},"factory":[],"free-shipment":[],"product_brand":[],"product_cat":[4876],"product_tag":[811,330],"class_list":{"0":"post-26914","1":"product","2":"type-product","3":"status-publish","4":"has-post-thumbnail","6":"product_cat-sisekliimaseadmed","7":"product_tag-sauna-et","8":"product_tag-saunum-2-et-2","10":"first","11":"instock","12":"sale","13":"taxable","14":"shipping-taxable","15":"purchasable","16":"product-type-simple"},"acf":[],"_links":{"self":[{"href":"https:\/\/factory.sale\/et\/wp-json\/wp\/v2\/product\/26914","targetHints":{"allow":["GET"]}}],"collection":[{"href":"https:\/\/factory.sale\/et\/wp-json\/wp\/v2\/product"}],"about":[{"href":"https:\/\/factory.sale\/et\/wp-json\/wp\/v2\/types\/product"}],"replies":[{"embeddable":true,"href":"https:\/\/factory.sale\/et\/wp-json\/wp\/v2\/comments?post=26914"}],"wp:featuredmedia":[{"embeddable":true,"href":"https:\/\/factory.sale\/et\/wp-json\/wp\/v2\/media\/9196"}],"wp:attachment":[{"href":"https:\/\/factory.sale\/et\/wp-json\/wp\/v2\/media?parent=26914"}],"wp:term":[{"taxonomy":"factory","embeddable":true,"href":"https:\/\/factory.sale\/et\/wp-json\/wp\/v2\/factory?post=26914"},{"taxonomy":"free-shipment","embeddable":true,"href":"https:\/\/factory.sale\/et\/wp-json\/wp\/v2\/free-shipment?post=26914"},{"taxonomy":"product_brand","embeddable":true,"href":"https:\/\/factory.sale\/et\/wp-json\/wp\/v2\/product_brand?post=26914"},{"taxonomy":"product_cat","embeddable":true,"href":"https:\/\/factory.sale\/et\/wp-json\/wp\/v2\/product_cat?post=26914"},{"taxonomy":"product_tag","embeddable":true,"href":"https:\/\/factory.sale\/et\/wp-json\/wp\/v2\/product_tag?post=26914"}],"curies":[{"name":"wp","href":"https:\/\/api.w.org\/{rel}","templated":true}]}}