{"id":26797,"date":"2023-04-10T11:47:58","date_gmt":"2023-04-10T12:06:16","guid":{"rendered":"https:\/\/factory.sale\/?post_type=product&#038;p=26797"},"modified":"2026-04-03T16:40:15","modified_gmt":"2026-04-03T13:40:15","slug":"roostevabast-terasest-puidust-kumblustunn-valis-voi-siseahju-jaoks","status":"publish","type":"product","link":"https:\/\/factory.sale\/et\/toode\/roostevabast-terasest-puidust-kumblustunn-valis-voi-siseahju-jaoks\/","title":{"rendered":"Roostevabast terasest k\u00fcmblust\u00fcnn (v\u00e4lis- v\u00f5i siseahju jaoks) 1,6 &#8211; 2m"},"content":{"rendered":"<p>See k\u00fcmblust\u00fcnn pakub \u00f5ues suplemisr\u00f5\u00f5mu kuni 9 inimesele korraga. P\u00e4rast v\u00e4lis- v\u00f5i sisek\u00fcttekeha valimist saate oma roostevabast terasest k\u00fcmblust\u00fcnni suuruse valida vastavalt suplejate arvule. V\u00e4lisk\u00fcttega mudelitel on oluliselt rohkem istumisruumi ja k\u00fctmine on vaevatu. Vee soojenemist saate kiirendada, tellides roostevabast terasest mullivanni tellimisel v\u00f5i p\u00e4rast tellimist luksusliku k\u00fcmblust\u00fcnni katte.<\/p>\n<p>K\u00fcmblust\u00fcnnid on populaarsed nii suvel kui ka talvel. Talvel on nauding k\u00f5ige eksootilisem lume keskel ning loomulikult on t\u00e4nu kuumaveega vannile v\u00f5imalikud ka vereringet parandavad vesisukeldumised v\u00f5i lumeinglite meisterdamine. Suvise kuumusega saate oma k\u00fcmblust\u00fcnni kasutada n\u00e4iteks saunade vahel jahutamiseks v\u00f5i v\u00e4rskendavaks hommikuseks supluseks, et p\u00e4eva \u00f5igesti alustada.<\/p>\n<p>Roostevabast terasest k\u00fcmblust\u00fcnni on disainitud nii, et vormitud pingid saab mullivannist v\u00e4lja t\u00f5sta. See muudab k\u00fcmblust\u00fcnni puhastamise palju lihtsamaks ja pingid on valmistatud vastupidavast termopuidust, mis muudab need \u00e4\u00e4rmiselt vastupidavaks. K\u00fcmblust\u00fcnn on m\u00f5eldud kuumutamiseks 32\u201340 kraadini, mis tagab suplejatele parima v\u00f5imaliku k\u00fcmblust\u00fcnni kogemuse. Sukeldatud kerise mudeli puhul on keris kaitstud puidust kaitsepiirdega, mis kaitseb suplejaid p\u00f5letuste eest. K\u00fcmblust\u00fcnnis olles tuleb aga alati j\u00e4rgida ohutusjuhiseid ja tervet m\u00f5istust. Samuti tuleb meeles pidada, et deh\u00fcdratsiooni v\u00e4ltimiseks tuleb juua palju vedelikku. Supleja pea kaitsmiseks v\u00f5ib olla vajalik ka saunam\u00fcts. K\u00fcmblust\u00fcnni\u00a0 jaoks saate tellida ka LED-tuled v\u00f5i mullis\u00fcsteemi!<\/p>\n<p>T\u00e4iuslik k\u00fcmblust\u00fcnn luuakse hoolika planeerimise, \u00f5ige varustuse ja h\u00e4sti valitud suplemiskaaslase abil.<\/p>\n<p>&nbsp;<\/p>\n<p>&nbsp;<\/p>\n<p><strong>P\u00f5hikomplekt sisaldab:<\/strong><\/p>\n<ul>\n<li>Roostevabast terasest sisu<\/li>\n<li>Termopuidust vooder kahe roostevabast terasest pingutuslatiga<\/li>\n<li>Pingid + pliidipiire (kui sisemise ahjuga mudel)<\/li>\n<li>Vee \u00e4ravool kraaniga<\/li>\n<\/ul>\n<p>&nbsp;<\/p>\n<p>&nbsp;<\/p>\n<table id=\"tablepress-17\" class=\"tablepress tablepress-id-17\" style=\"height: 138px;\" width=\"433\">\n<thead>\n<tr class=\"row-1 odd\">\n<th class=\"column-1\"><b>Tehnilised andmed:\u00a0<\/b><\/th>\n<th class=\"column-2\"><\/th>\n<th class=\"column-3\"><\/th>\n<th class=\"column-4\"><\/th>\n<\/tr>\n<\/thead>\n<tbody class=\"row-hover\">\n<tr class=\"row-2 even\">\n<td class=\"column-1\">Suurus (m)<\/td>\n<td class=\"column-2\">\u00d81,6<\/td>\n<td class=\"column-3\">\u00d81,8<\/td>\n<td class=\"column-4\">\u00d82,0<\/td>\n<\/tr>\n<tr class=\"row-3 odd\">\n<td class=\"column-1\">Mahutavus (pers.)<\/td>\n<td class=\"column-2\">3-4<\/td>\n<td class=\"column-3\">5-6<\/td>\n<td class=\"column-4\">6-8<\/td>\n<\/tr>\n<tr class=\"row-4 even\">\n<td class=\"column-1\">Mahutavus (l)<\/td>\n<td class=\"column-2\">1300<\/td>\n<td class=\"column-3\">1800<\/td>\n<td class=\"column-4\">2300<\/td>\n<\/tr>\n<tr class=\"row-5 odd\">\n<td class=\"column-1\">Kaal (kg)<\/td>\n<td class=\"column-2\">270<\/td>\n<td class=\"column-3\">330<\/td>\n<td class=\"column-4\">390<\/td>\n<\/tr>\n<\/tbody>\n<\/table>\n<ul>\n<li>K\u00f5rgus: 1,12 m<\/li>\n<li>S\u00fcgavus: 0,98 m<\/li>\n<li>Istmete k\u00f5rgus: 320 mm<\/li>\n<li>Istmete laius: 350 mm<\/li>\n<li>Istmete paksus: 41 mm<\/li>\n<li>Puidu v\u00e4lispaksus: 41 mm<\/li>\n<li>P\u00f5randa paksus: 39 mm<\/li>\n<\/ul>\n<p>&nbsp;<\/p>\n<p><strong>Hinnad (ei sisalda k\u00e4ibemaksu):<\/strong><\/p>\n<ul>\n<li>\u00d81,6 (LTN16) &#8211; 1759,50 EUR<\/li>\n<li>\u00d81,8 (LTN18) &#8211; 2058,50 EUR<\/li>\n<li>\u00d82.0 (LTN20) &#8211; 2242,50 EUR<\/li>\n<\/ul>\n<p>&nbsp;<\/p>\n<p><em><strong>* Saadaval on palju tarvikuid. Saada meile p\u00e4ring ja k\u00fcsi lisainfot!<\/strong><\/em><\/p>\n<p>&nbsp;<\/p>\n<p>&nbsp;<\/p>\n<p>&nbsp;<\/p>\n<p><b>Transpordi informatsioon:<\/b><\/p>\n<p>Kohaletoimetamine t\u00f5stukiga veoautoga.<\/p>\n","protected":false},"excerpt":{"rendered":"<p><strong>Luksuslik roostevabast terasest mullivann \u00fchendab kuumt\u00f6\u00f6deldud puidu roostevaba terasega<\/strong><\/p>\n<p>Roostevabast terasest k\u00fcmblust\u00fcnn on disaini tipptase! See suurep\u00e4rane kuumt\u00f6\u00f6deldud puiduga kaetud k\u00fcmblust\u00fcnn kannab endas suurt saladust; selle sisu on valmistatud roostevabast terasest! Roostevaba teras muudab selle luksusliku k\u00fcmblust\u00fcnni ilmastikukindlaks, ajatuks, kergesti hooldatavaks ja stiilseks. Puidust k\u00fcmblust\u00fcnni puhul pole enam vaja paisutamist ega \u00e4\u00e4riste pingutamist; roostevabast terasest mullivann on veekindel, h\u00fcgieeniline ja kergesti puhastatav. V\u00e4ga tugev v\u00e4liskest, mis on valmistatud kaunist ja vastupidavast termopuidust koos roostevabast terasest detailidega, sobib teie k\u00fcmblust\u00fcnnig suurep\u00e4raselt teie \u00f5ue, olgu see siis linnakodu aias, villa saunakaldal v\u00f5i m\u00e4en\u00f5lval.<\/p>\n<p>Roostevabast terasest k\u00fcmblust\u00fcnn on t\u00e4is luksust. K\u00fcmblust\u00fcnn on saadaval kolmes erinevas suuruses, olenevalt soovitud inimeste arvust. Samuti saate valida, kas soovite oma roostevabast terasest mullivanni traditsioonilise sisseehitatud kerisega v\u00f5i v\u00e4lise kerisega.<\/p>\n<p><strong>Ostes Eesti tooteid, saate ainult k\u00f5rgeima kvaliteediga tooted.<\/strong><\/p>\n<p><img loading=\"lazy\" decoding=\"async\" class=\"alignnone wp-image-100903\" src=\"https:\/\/factory.sale\/wp-content\/uploads\/2023\/04\/made-inestonia-3-factory-sale-300x300.webp\" alt=\"Made in Estonia.\" width=\"255\" height=\"255\" srcset=\"https:\/\/factory.sale\/wp-content\/uploads\/2023\/04\/made-inestonia-3-factory-sale-300x300.webp 300w, https:\/\/factory.sale\/wp-content\/uploads\/2023\/04\/made-inestonia-3-factory-sale-1024x1024.webp 1024w, https:\/\/factory.sale\/wp-content\/uploads\/2023\/04\/made-inestonia-3-factory-sale-150x150.webp 150w, https:\/\/factory.sale\/wp-content\/uploads\/2023\/04\/made-inestonia-3-factory-sale-1536x1536.webp 1536w, https:\/\/factory.sale\/wp-content\/uploads\/2023\/04\/made-inestonia-3-factory-sale-600x600.webp 600w, https:\/\/factory.sale\/wp-content\/uploads\/2023\/04\/made-inestonia-3-factory-sale-100x100.webp 100w, https:\/\/factory.sale\/wp-content\/uploads\/2023\/04\/made-inestonia-3-factory-sale.webp 2048w\" sizes=\"auto, (max-width: 255px) 100vw, 255px\" \/><\/p>\n","protected":false},"featured_media":102398,"comment_status":"open","ping_status":"closed","template":"","meta":{"_acf_changed":false},"factory":[],"free-shipment":[],"product_brand":[],"product_cat":[2209,2593],"product_tag":[],"class_list":{"0":"post-26797","1":"product","2":"type-product","3":"status-publish","4":"has-post-thumbnail","6":"product_cat-kumblustunnid","7":"product_cat-puidust-kumblustunnid","9":"first","10":"instock","11":"sale","12":"taxable","13":"shipping-taxable","14":"purchasable","15":"product-type-simple"},"acf":[],"_links":{"self":[{"href":"https:\/\/factory.sale\/et\/wp-json\/wp\/v2\/product\/26797","targetHints":{"allow":["GET"]}}],"collection":[{"href":"https:\/\/factory.sale\/et\/wp-json\/wp\/v2\/product"}],"about":[{"href":"https:\/\/factory.sale\/et\/wp-json\/wp\/v2\/types\/product"}],"replies":[{"embeddable":true,"href":"https:\/\/factory.sale\/et\/wp-json\/wp\/v2\/comments?post=26797"}],"wp:featuredmedia":[{"embeddable":true,"href":"https:\/\/factory.sale\/et\/wp-json\/wp\/v2\/media\/102398"}],"wp:attachment":[{"href":"https:\/\/factory.sale\/et\/wp-json\/wp\/v2\/media?parent=26797"}],"wp:term":[{"taxonomy":"factory","embeddable":true,"href":"https:\/\/factory.sale\/et\/wp-json\/wp\/v2\/factory?post=26797"},{"taxonomy":"free-shipment","embeddable":true,"href":"https:\/\/factory.sale\/et\/wp-json\/wp\/v2\/free-shipment?post=26797"},{"taxonomy":"product_brand","embeddable":true,"href":"https:\/\/factory.sale\/et\/wp-json\/wp\/v2\/product_brand?post=26797"},{"taxonomy":"product_cat","embeddable":true,"href":"https:\/\/factory.sale\/et\/wp-json\/wp\/v2\/product_cat?post=26797"},{"taxonomy":"product_tag","embeddable":true,"href":"https:\/\/factory.sale\/et\/wp-json\/wp\/v2\/product_tag?post=26797"}],"curies":[{"name":"wp","href":"https:\/\/api.w.org\/{rel}","templated":true}]}}