{"id":26780,"date":"2023-04-10T10:52:03","date_gmt":"2023-04-10T11:07:08","guid":{"rendered":"https:\/\/factory.sale\/?post_type=product&#038;p=26780"},"modified":"2026-04-03T16:45:21","modified_gmt":"2026-04-03T13:45:21","slug":"ovaalne-puidust-kumblustunn-valiskerisega-kuusk-termopuit","status":"publish","type":"product","link":"https:\/\/factory.sale\/et\/toode\/ovaalne-puidust-kumblustunn-valiskerisega-kuusk-termopuit\/","title":{"rendered":"Ovaalne puidust k\u00fcmblust\u00fcnn v\u00e4liskerisega (kuusk\/termopuit)"},"content":{"rendered":"<p>See ovaalne puidust k\u00fcmblust\u00fcnn on m\u00f5eldud eelk\u00f5ige neile, kes eelistavad privaatsust v\u00f5i kellel on v\u00e4ike aed. Ovaalne puidust k\u00fcmblust\u00fcnn on kerge, mis muudab selle kaasaskantavaks ja h\u00f5lpsasti teisaldatavaks. Ovaalses puuk\u00fcttega k\u00fcmblust\u00fcnnis on kaks pinki, et saaksite maksimaalselt nautida oma SPA-protseduure. Valige endale sobiv puidut\u00fc\u00fcp ja nautige oma puuk\u00fcttega t\u00fcnnis olemist!<\/p>\n<p>&nbsp;<\/p>\n<p>&nbsp;<\/p>\n<p><strong>P\u00f5hikomplekt sisaldab:<\/strong><\/p>\n<ul>\n<li>Puidust t\u00fcnn kahe roostevabast terasest r\u00f5ngaga<\/li>\n<li>Pingid<\/li>\n<\/ul>\n<p>&nbsp;<\/p>\n<table id=\"tablepress-16\" class=\"tablepress tablepress-id-16\" style=\"height: 154px;\" width=\"457\">\n<thead>\n<tr class=\"row-1 odd\">\n<th class=\"column-1\"><b>Tehnilised andmed:<\/b><\/th>\n<th class=\"column-2\"><\/th>\n<th class=\"column-3\"><\/th>\n<\/tr>\n<\/thead>\n<tbody class=\"row-hover\">\n<tr class=\"row-2 even\">\n<td class=\"column-1\">Suurus (m):<\/td>\n<td class=\"column-2\">1,3&#215;0,85<\/td>\n<td class=\"column-3\">1,6&#215;1,0<\/td>\n<\/tr>\n<tr class=\"row-3 odd\">\n<td class=\"column-1\">Mahutavus (pers.):<\/td>\n<td class=\"column-2\">2<\/td>\n<td class=\"column-3\">2<\/td>\n<\/tr>\n<tr class=\"row-4 even\">\n<td class=\"column-1\">Mahutavus (l):<\/td>\n<td class=\"column-2\">600<\/td>\n<td class=\"column-3\">900<\/td>\n<\/tr>\n<tr class=\"row-5 odd\">\n<td class=\"column-1\">Kaal (kg)<\/td>\n<td class=\"column-2\">150<\/td>\n<td class=\"column-3\">180<\/td>\n<\/tr>\n<\/tbody>\n<\/table>\n<ul>\n<li>K\u00f5rgus: 1,12 m<\/li>\n<li>S\u00fcgavus: 0,98 m<\/li>\n<li>Pinkide k\u00f5rgus: 320 mm<\/li>\n<li>Pinkide laius : 350 mm<\/li>\n<li>Pinkida paksus: 41 mm<\/li>\n<li>V\u00e4lise puidu paksus: 41 mm<\/li>\n<li>P\u00f5randa paksus: 39 mm<\/li>\n<\/ul>\n<p>&nbsp;<\/p>\n<p><strong>Hinnad (ei sisalda k\u00e4ibemaksu):<\/strong><\/p>\n<ul>\n<li>Kuusk:<\/li>\n<\/ul>\n<p>1.3 x 0.85 m (OE13) \u2013 552 EUR<br \/>\n1.6 x 1 m (OE16) \u2013 575 EUR<\/p>\n<ul>\n<li>Termopuit:<\/li>\n<\/ul>\n<p>1.3 x 0.85 m (OT13) \u2013 908,50 EUR<br \/>\n1.6 x 1 m (OT16) \u2013 954,50 EUR<\/p>\n<p>&nbsp;<\/p>\n<p><strong>* Saadaval on palju tarvikuid. Saada meile p\u00e4ring ja k\u00fcsi lisainfot!<\/strong><\/p>\n<p>&nbsp;<\/p>\n<p>&nbsp;<\/p>\n<p><b>Transpordi informatsioon:<\/b><\/p>\n<p>Kohaletoimetamine t\u00f5stukiga veoautoga.<\/p>\n","protected":false},"excerpt":{"rendered":"<p>See ovaalne puidust k\u00fcmblust\u00fcnn on m\u00f5eldud eelk\u00f5ige neile, kes eelistavad privaatsust v\u00f5i kellel on v\u00e4ike aed. Ovaalne puidust k\u00fcmblust\u00fcnn on kerge, mis muudab selle kaasaskantavaks ja h\u00f5lpsasti teisaldatavaks. Ovaalses puuk\u00fcttega k\u00fcmblust\u00fcnnis on kaks pinki, et saaksite maksimaalselt nautida SPA-protseduure. Valige endale sobiv puidut\u00fc\u00fcp ja nautige oma puuk\u00fcttega t\u00fcnnis olemist!<\/p>\n<p><strong>Ostes Eesti tooteid, saate ainult k\u00f5rgeima kvaliteediga tooted.<\/strong><\/p>\n<p><img loading=\"lazy\" decoding=\"async\" class=\"alignnone wp-image-100903\" src=\"https:\/\/factory.sale\/wp-content\/uploads\/2023\/04\/made-inestonia-3-factory-sale-300x300.webp\" alt=\"Made in Estonia.\" width=\"255\" height=\"255\" srcset=\"https:\/\/factory.sale\/wp-content\/uploads\/2023\/04\/made-inestonia-3-factory-sale-300x300.webp 300w, https:\/\/factory.sale\/wp-content\/uploads\/2023\/04\/made-inestonia-3-factory-sale-1024x1024.webp 1024w, https:\/\/factory.sale\/wp-content\/uploads\/2023\/04\/made-inestonia-3-factory-sale-150x150.webp 150w, https:\/\/factory.sale\/wp-content\/uploads\/2023\/04\/made-inestonia-3-factory-sale-1536x1536.webp 1536w, https:\/\/factory.sale\/wp-content\/uploads\/2023\/04\/made-inestonia-3-factory-sale-600x600.webp 600w, https:\/\/factory.sale\/wp-content\/uploads\/2023\/04\/made-inestonia-3-factory-sale-100x100.webp 100w, https:\/\/factory.sale\/wp-content\/uploads\/2023\/04\/made-inestonia-3-factory-sale.webp 2048w\" sizes=\"auto, (max-width: 255px) 100vw, 255px\" \/><\/p>\n<div><\/div>\n<p>&nbsp;<\/p>\n","protected":false},"featured_media":102386,"comment_status":"open","ping_status":"closed","template":"","meta":{"_acf_changed":false},"factory":[],"free-shipment":[],"product_brand":[],"product_cat":[2209,2593],"product_tag":[2842],"class_list":{"0":"post-26780","1":"product","2":"type-product","3":"status-publish","4":"has-post-thumbnail","6":"product_cat-kumblustunnid","7":"product_cat-puidust-kumblustunnid","8":"product_tag-hot-tub-et","10":"first","11":"instock","12":"sale","13":"taxable","14":"shipping-taxable","15":"purchasable","16":"product-type-simple"},"acf":[],"_links":{"self":[{"href":"https:\/\/factory.sale\/et\/wp-json\/wp\/v2\/product\/26780","targetHints":{"allow":["GET"]}}],"collection":[{"href":"https:\/\/factory.sale\/et\/wp-json\/wp\/v2\/product"}],"about":[{"href":"https:\/\/factory.sale\/et\/wp-json\/wp\/v2\/types\/product"}],"replies":[{"embeddable":true,"href":"https:\/\/factory.sale\/et\/wp-json\/wp\/v2\/comments?post=26780"}],"wp:featuredmedia":[{"embeddable":true,"href":"https:\/\/factory.sale\/et\/wp-json\/wp\/v2\/media\/102386"}],"wp:attachment":[{"href":"https:\/\/factory.sale\/et\/wp-json\/wp\/v2\/media?parent=26780"}],"wp:term":[{"taxonomy":"factory","embeddable":true,"href":"https:\/\/factory.sale\/et\/wp-json\/wp\/v2\/factory?post=26780"},{"taxonomy":"free-shipment","embeddable":true,"href":"https:\/\/factory.sale\/et\/wp-json\/wp\/v2\/free-shipment?post=26780"},{"taxonomy":"product_brand","embeddable":true,"href":"https:\/\/factory.sale\/et\/wp-json\/wp\/v2\/product_brand?post=26780"},{"taxonomy":"product_cat","embeddable":true,"href":"https:\/\/factory.sale\/et\/wp-json\/wp\/v2\/product_cat?post=26780"},{"taxonomy":"product_tag","embeddable":true,"href":"https:\/\/factory.sale\/et\/wp-json\/wp\/v2\/product_tag?post=26780"}],"curies":[{"name":"wp","href":"https:\/\/api.w.org\/{rel}","templated":true}]}}